{"id":3334,"date":"2022-10-08T20:16:34","date_gmt":"2022-10-08T20:16:34","guid":{"rendered":"https:\/\/jnksport.com\/?page_id=3334"},"modified":"2022-10-09T04:20:44","modified_gmt":"2022-10-09T04:20:44","slug":"politicas-de-privacidad","status":"publish","type":"page","link":"https:\/\/jnksport.com\/en\/politicas-de-privacidad\/","title":{"rendered":"Politicas de Privacidad"},"content":{"rendered":"<div data-elementor-type=\"wp-page\" data-elementor-id=\"3334\" class=\"elementor elementor-3334\">\n\t\t\t\t\t\t<section class=\"elementor-section elementor-top-section elementor-element elementor-element-6b73743 elementor-section-boxed elementor-section-height-default elementor-section-height-default\" data-id=\"6b73743\" data-element_type=\"section\" data-e-type=\"section\">\n\t\t\t\t\t\t<div class=\"elementor-container elementor-column-gap-default\">\n\t\t\t\t\t<div class=\"elementor-column elementor-col-100 elementor-top-column elementor-element elementor-element-52b9a09\" data-id=\"52b9a09\" data-element_type=\"column\" data-e-type=\"column\">\n\t\t\t<div class=\"elementor-widget-wrap elementor-element-populated\">\n\t\t\t\t\t\t<div class=\"elementor-element elementor-element-229d1a5 elementor-widget elementor-widget-heading\" data-id=\"229d1a5\" data-element_type=\"widget\" data-e-type=\"widget\" data-widget_type=\"heading.default\">\n\t\t\t\t<div class=\"elementor-widget-container\">\n\t\t\t\t\t<h2 class=\"elementor-heading-title elementor-size-default\">Pol\u00edticas de Privacidad<\/h2>\t\t\t\t<\/div>\n\t\t\t\t<\/div>\n\t\t\t\t\t<\/div>\n\t\t<\/div>\n\t\t\t\t\t<\/div>\n\t\t<\/section>\n\t\t\t\t<section class=\"elementor-section elementor-top-section elementor-element elementor-element-c5f1ac5 elementor-section-boxed elementor-section-height-default elementor-section-height-default\" data-id=\"c5f1ac5\" data-element_type=\"section\" data-e-type=\"section\">\n\t\t\t\t\t\t<div class=\"elementor-container elementor-column-gap-default\">\n\t\t\t\t\t<div class=\"elementor-column elementor-col-100 elementor-top-column elementor-element elementor-element-f30d023\" data-id=\"f30d023\" data-element_type=\"column\" data-e-type=\"column\">\n\t\t\t<div class=\"elementor-widget-wrap elementor-element-populated\">\n\t\t\t\t\t\t<div class=\"elementor-element elementor-element-363afbd elementor-widget elementor-widget-text-editor\" data-id=\"363afbd\" data-element_type=\"widget\" data-e-type=\"widget\" data-widget_type=\"text-editor.default\">\n\t\t\t\t<div class=\"elementor-widget-container\">\n\t\t\t\t\t\t\t\t\t<ol>\n<li><strong> POL\u00cdTICA DE PROTECCI\u00d3N DE DATOS PERSONALES<\/strong><\/li>\n<\/ol>\n<p>Jnk sport 60 E.I.R.L. (nombre comercial Jnk Sport ), identificada con RUC 20607998711, Av. Paseo de la Republica Nro. 475 Int. 01 Blck 29 &nbsp;distrito de La Victoria en la ciudad de Lima, es una empresa retail dedicada a la comercializaci\u00f3n de calzado, ropa y accesorios deportivos.<\/p>\n<p>Como parte de su actividad, usa y trata datos personales en cumplimiento con lo dispuesto en la Ley 29733 \u2013 Ley de Protecci\u00f3n de Datos Personales, su Reglamento, aprobado por Decreto Supremo 003-2013-JUS, y las normas complementarias y modificatorias de las anteriores (todas \u00e9stas en adelante definidas como la \u201cNormativa de Protecci\u00f3n de Datos Personales\u201d).<\/p>\n<p><strong>Objetivo<\/strong><\/p>\n<p>La presente Pol\u00edtica hace de conocimiento del p\u00fablico los lineamientos bajo los cuales Jnk Sport &nbsp;realiza el tratamiento de datos personales, la finalidad para la que lo hace, as\u00ed como los procedimientos para que los titulares de los mismos puedan ejercer los derechos de acceso, rectificaci\u00f3n, cancelaci\u00f3n y oposici\u00f3n previstos en la Normativa de Protecci\u00f3n de Datos Personales.<\/p>\n<p><strong>Principales rectores<\/strong><\/p>\n<p>Jnk Sport se compromete a respetar los principios rectores establecidos en la Normativa de Protecci\u00f3n de Datos Personales. Estos son: el principio de legalidad, el principio de consentimiento, el principio de finalidad, el principio de proporcionalidad, el principio de calidad, el principio de seguridad, el principio de disposici\u00f3n de recurso y el principio de nivel de protecci\u00f3n adecuado.<\/p>\n<p><strong>Alcance<\/strong><\/p>\n<p>La presente Pol\u00edtica se aplica a toda actividad de almacenamiento y tratamiento de datos personales por parte de Jnk Sport. Ser\u00e1 tambi\u00e9n de aplicaci\u00f3n para aquellas personas o empresas a las que Jnk Sport &nbsp;requiera el tratamiento de datos personales de los cuales sea responsable.<\/p>\n<p><strong>Finalidad del tratamiento de los datos personales<\/strong><\/p>\n<p>Jnk Sport &nbsp;realiza el tratamiento de datos personales, entre otros, para los siguientes fines:<\/p>\n<ul>\n<li>Dar cumplimiento a las obligaciones contractuales y\/o normativas adquiridas frente a sus clientes, trabajadores, proveedores y\/o contratistas.<\/li>\n<li>Transferir informaci\u00f3n, publicitar y enviarle al titular del dato personal ofertas de nuestros productos y\/o servicios as\u00ed como para tratar la data recibida para los fines previstos en la presente Pol\u00edtica.<\/li>\n<li>Transferir informaci\u00f3n a empresas relacionadas que nos representen, quienes est\u00e1n en la obligaci\u00f3n de cumplir estrictamente la pol\u00edtica de privacidad de Jnk Sport , con el fin de informar sobre campa\u00f1as o promociones que se llevar\u00e1n a cabo.<\/li>\n<li>Realizar encuestas sobre productos y\/o servicios propios de Jnk Sport .<\/li>\n<li>Atender las solicitudes relacionadas al ofrecimiento de productos o servicios propios de la empresa Jnk Sport &nbsp;o empresas relacionadas que nos representen.<\/li>\n<li>Env\u00edo de invitaciones a actividades convocadas por Jnk Sport &nbsp;o por alguna empresa relacionada a Jnk Sport .<\/li>\n<li>Actualizar y consultar datos de contacto y otra informaci\u00f3n relevante.<\/li>\n<li>Garantizar el cumplimiento de los protocolos de seguridad de la informaci\u00f3n.<\/li>\n<li>Dar cumplimiento a las pol\u00edticas, procedimientos y protocolos de contrataci\u00f3n y gesti\u00f3n de trabajadores, contratistas y\/o proveedores.<\/li>\n<li>Realizar actividades de reclutamiento y selecci\u00f3n de personal de manera directa o a trav\u00e9s de terceros.<\/li>\n<li>Elaborar estad\u00edsticas y\/o estudios de comportamiento, gustos y\/o tendencias.<\/li>\n<li>Las dem\u00e1s finalidades que se informen de manera previa y expresa a los titulares de datos personales previo a su tratamiento.<\/li>\n<\/ul>\n<p><strong>Transferencia de datos personales<\/strong><\/p>\n<p>Jnk Sport&nbsp; podr\u00e1 transferir local o nacional datos personales a empresas relacionadas a Jnk Sport&nbsp; para mejorar la informaci\u00f3n del cliente.<\/p>\n<p>As\u00ed tambi\u00e9n, Jnk Sport &nbsp;podr\u00e1 transferir datos personales a entidades p\u00fablicas legalmente facultadas dentro del \u00e1mbito de sus competencias en cumplimiento de normativa vigente o futura o por requerimiento de \u00e9stas.<\/p>\n<p><strong>Autorizaci\u00f3n para la obtenci\u00f3n de datos personales y consulta de fuentes p\u00fablicas y\/o autorizadas<\/strong><\/p>\n<p>El titular de los datos personales autoriza a Jnk Sport &nbsp;a tratar sus datos personales obtenidos de fuentes p\u00fablicas, gratuitas o no, o de fuentes no p\u00fablicas, siempre que dichas fuentes cuenten con su autorizaci\u00f3n para tratar y transferir dichos datos personales. Los datos personales recabados podr\u00e1n ser tratados y transferidos cumpliendo los fines enumerados en la presente Pol\u00edtica, as\u00ed como al amparo de los principios de legalidad, proporcionalidad y finalidad recogidos en la normativa de protecci\u00f3n de datos personales.<\/p>\n<p><strong>Derechos de los titulares<\/strong><\/p>\n<p>De acuerdo con la Ley, los titulares de datos personales tienen los siguientes derechos: derecho de acceso e informaci\u00f3n, derecho de rectificaci\u00f3n, actualizaci\u00f3n e inclusi\u00f3n, derecho de cancelaci\u00f3n o supresi\u00f3n y derecho de oposici\u00f3n.<\/p>\n<ul>\n<li><strong>Derecho de Acceso e informaci\u00f3n:<\/strong><\/li>\n<\/ul>\n<p>El titular de datos personales tiene derecho a obtener la informaci\u00f3n que sobre s\u00ed mismo sea objeto de tratamiento en bancos de datos de titularidad de Jnk Sport .<\/p>\n<ul>\n<li><strong>Derecho de rectificaci\u00f3n, actualizaci\u00f3n e inclusi\u00f3n:<\/strong><\/li>\n<\/ul>\n<p>El titular de datos personales tiene derecho a la actualizaci\u00f3n, inclusi\u00f3n y rectificaci\u00f3n de sus datos personales materia de tratamiento por parte de Jnk Sport &nbsp;cuando estos sean parcial o totalmente inexactos, incompletos o cuando se hubiere advertido omisi\u00f3n, error o falsedad.<\/p>\n<ul>\n<li><strong>Derecho de Cancelaci\u00f3n o Supresi\u00f3n:<\/strong><\/li>\n<\/ul>\n<p>El titular de datos personales podr\u00e1 solicitar la cancelaci\u00f3n o supresi\u00f3n de sus datos personales no relacionados o necesarios para la ejecuci\u00f3n de las obligaciones de cargo de Jnk Sport &nbsp;previstas en los contratos suscritos o las dispuestas por la normativa vigente.<\/p>\n<ul>\n<li><strong>Derecho de Oposici\u00f3n:<\/strong><\/li>\n<\/ul>\n<p>El titular de datos personales puede oponerse al tratamiento de sus datos personales en cualquier momento. La oposici\u00f3n proceder\u00e1 en la medida que el tratamiento no tenga justificaci\u00f3n contractual o legal.<\/p>\n<p><strong>Procedimientos para el ejercicio de los derechos del titular de los datos personales<\/strong><\/p>\n<p>Los Titulares podr\u00e1n ejercer sus derechos de Ley y realizar los procedimientos establecidos en este documento, mediante la presentaci\u00f3n de su DNI u otro documento oficial de identidad y enviando su solicitud a la oficina Central: Av. Paseo de la Republica Nro. 475 Int. 01 Blck 29 &nbsp;distrito de La Victoria, Provincia y Departamento de Lima<\/p>\n<p>En caso que el titular del dato personal requiera ejercer sus derechos mediante un representante, \u00e9ste deber\u00e1 presentar carta poder legalizada por notario p\u00fablico que lo faculte como tal y su documento de identidad.<\/p>\n<p><strong>Consentimiento<\/strong><\/p>\n<p>Con la aceptaci\u00f3n de la presente Pol\u00edtica usted manifiesta su consentimiento y conformidad con todos los t\u00e9rminos en esta expuestos y nos autoriza a tratar sus datos personales para los fines aqu\u00ed expresados.<\/p>\n<p><strong>Vigencia<\/strong><\/p>\n<p>Los Datos Personales que sean almacenados, utilizados o transmitidos permanecer\u00e1n en las Bases de Datos de Jnk Sport &nbsp;a durante el tiempo que sea necesario para cumplir los fines previstos en la presente Pol\u00edtica. En el caso de clientes y ex clientes, trabajadores, contratistas y proveedores, sus datos personales relacionados al cumplimiento o ejecuci\u00f3n de su relaci\u00f3n comercial ser\u00e1n mantenidos cuando menos por el plazo que disponga la normativa aplicable.<\/p>\n<p><strong>Modificaciones<\/strong><\/p>\n<p>La presente Pol\u00edtica ha sido actualizada al 02 de enero del 2022 y podr\u00e1 ser modificada por Jnk Sport. <br>De producirse cualquier cambio o modificaci\u00f3n de la presente Pol\u00edtica, el texto vigente de la misma ser\u00e1 publicado en nuestro portal web: (<a href=\"http:\/\/www.jnk\">www.jnk<\/a>sport.com.pe).<\/p>\n<ol start=\"2\">\n<li><strong> POL\u00cdTICA DE DECLARACI\u00d3N DE PRIVACIDAD<\/strong><\/li>\n<\/ol>\n<p>Esta pol\u00edtica corresponde a la Declaraci\u00f3n de Privacidad de Jnk Sport .<\/p>\n<p><strong>Compromiso con la Seguridad<\/strong><\/p>\n<p>www.jnksport.com.pe hace esta declaraci\u00f3n de seguridad y privacidad en orden a demostrar y comunicar su compromiso con una pr\u00e1ctica de negocios de alto nivel \u00e9tico y dotado de los controles internos apropiados.<\/p>\n<p><strong>Informaci\u00f3n requerida del usuario<\/strong><\/p>\n<p>El formulario \u00abReg\u00edstrate\u00bb de www.jnksport.com.pe solicita a los usuarios informaci\u00f3n personal como su nombres, apellidos, DNI, email, direcci\u00f3n, g\u00e9nero y n\u00famero telef\u00f3nico. Se requiere datos de pago para pasarela de pago utilizando el m\u00e9todo de pago con OpenPay de BBVA. Esta es usada para responder consultas acerca de productos y servicios, para despachar pedidos o para pagar cuentas. Bajo ninguna circunstancia, la informaci\u00f3n es compartida con empresas no relacionadas con Jnk Sport &nbsp;o con terceros.&nbsp;&nbsp;<\/p>\n<p><strong>Links con otros sitios<\/strong><\/p>\n<p>www.jnksport.com.pe puede contener enlaces a otros sitios web, lo cual no indica que sean propiedad u operados por Jnk Sport. Esta no ser\u00e1 responsable por los contenidos, materiales, acciones y\/o servicios prestados por los mismos, ni por da\u00f1os o p\u00e9rdidas ocasionadas por su uso. La presencia de enlaces a otros sitios web no implica una sociedad, relaci\u00f3n, aprobaci\u00f3n o respaldo de Jnk Sport &nbsp;a dichas p\u00e1ginas y sus contenidos.<\/p>\n<p><strong>Datos de Navegaci\u00f3n<\/strong><\/p>\n<p>Cuando usted visita nuestra p\u00e1gina web de Jnk Sport &nbsp;algunos datos son transmitidos de su navegador a nuestro servidor y son recogidos y almacenados por nosotros o por terceros en nuestro nombre. Estos datos pueden incluir en particular lo siguiente:<\/p>\n<ul>\n<li>La direcci\u00f3n IP del visitante<\/li>\n<li>La fecha y la hora de la visita<\/li>\n<li>El URL del sitio del que proviene el visitante<\/li>\n<li>Las p\u00e1ginas visitadas en nuestra p\u00e1gina web<\/li>\n<li>Informaci\u00f3n sobre el navegador utilizado (tipo y versi\u00f3n del navegador, sistema operativo, etc.)<\/li>\n<\/ul>\n<p><strong>Cookies<\/strong><\/p>\n<p>Varios lugares de nuestra p\u00e1gina web y aplicaciones (m\u00f3viles) utilizan las llamadas cookies. Son esencialmente peque\u00f1os ficheros de texto que su navegador almacena en el disco duro de su ordenador o su dispositivo de usuario. Podemos usar las cookies para identificar al titular de una cuenta de usuario y para almacenar art\u00edculos en una cesta de la compra durante el proceso de compra. En otras palabras, las cookies ayudan a que nuestra p\u00e1gina web sea m\u00e1s f\u00e1cil de usar, m\u00e1s eficaz y m\u00e1s seguro. Normalmente, las cookies que utilizamos son las llamadas \u201ccookies de sesi\u00f3n\u201d, que se borran autom\u00e1ticamente al final de la visita al respectivo sitio web. En su defecto, los servidores permiten el uso de las cookies, pero esa funci\u00f3n tambi\u00e9n puede ser desactivada. No obstante, si se desactiva la funci\u00f3n no estar\u00e1n disponibles algunos de nuestros servicios. Tambi\u00e9n es posible borrar manualmente las cookies a trav\u00e9s del servidor despu\u00e9s de su uso. Jnk Sport &nbsp;no conoce ning\u00fan caso en los que las cookies hayan causado da\u00f1os a un ordenador o dispositivo de usuario, o facilitado ataques de virus.<\/p>\n<p><strong>Confidencialidad de la informaci\u00f3n<\/strong><\/p>\n<p>Uno de nuestros principios fundamentales dice que sus datos ser\u00e1n tratados confidencialmente. Nosotros no venderemos sus datos a terceros. Si lo exige la ley, sus datos ser\u00e1n revelados a terceros. Si la exigencia se debe a necesidades empresariales y siempre y cuando lo permita la legislaci\u00f3n aplicable, nosotros transferiremos sus datos a otras empresas que nos representan, para lo cual usted otorga desde ya su consentimiento expreso e inequ\u00edvoco. En cualquier otro caso, no se transferir\u00e1n datos sin la obtenci\u00f3n de su consentimiento previo.<\/p>\n<p>Nosotros podremos utilizar proveedores de servicios y procesadores de datos que trabajen en nombre de Jnk Sport. Los servicios pueden incluir servicios de alojamiento de sistemas y de mantenimiento, servicios de an\u00e1lisis, servicios de mensajer\u00eda por email, servicios de entrega, gesti\u00f3n de transacciones de pago, controles de solvencia y de direcci\u00f3n, etc. Se concede a estos terceros el acceso a dichos datos personales que precisan para poder prestar el servicio correspondiente. Los proveedores de servicios y los procesadores de datos est\u00e1n obligados contractualmente a tratar la informaci\u00f3n con la m\u00e1s estricta confidencialidad. Adem\u00e1s, se les proh\u00edbe contractualmente usar los datos en cualquier forma distinta de la exigida. Se han emprendido los pasos necesarios para garantizar que nuestros proveedores de servicios y los procesadores que trabajan en nombre de Jnk Sport &nbsp;protegen la confidencialidad de sus datos. Puede haber ocasiones en las que revelemos datos no personales a nuestros socios de forma an\u00f3nima. Estos datos no personales incluyen, por ejemplo, informaci\u00f3n sobre el n\u00famero de visitantes de un sitio web o una aplicaci\u00f3n (m\u00f3vil) durante un determinado periodo de tiempo. Generalmente, esta informaci\u00f3n s\u00f3lo se revela de forma agrupada.<\/p>\n<p>Si un menor de 18 a\u00f1os intenta presentar una petici\u00f3n de registro, ser\u00e1 rechazada y se le notificar\u00e1 que no se aceptan las solicitudes de menores de 18 a\u00f1os. Por ese motivo, pedimos a los padres y otros cuidadores que controlen y supervisen el uso de Internet de los menores para poder protegerlos. No obstante, Jnk Sport &nbsp;no ser\u00e1 responsable por el registro de datos personales de un menor de 18 a\u00f1os, si es que al momento del registro este consign\u00f3 una fecha de nacimiento falsa, que permita suponer que la persona a registrarse no es menor de esa edad.<\/p>\n<p><strong>Redes Sociales<\/strong><\/p>\n<p>Nuestra p\u00e1gina web y aplicaciones (m\u00f3viles) proporcionan conectores sociales a varias redes sociales. Cuando usted elige interactuar con una red social, su actividad en nuestra p\u00e1gina web o a trav\u00e9s de aplicaciones (m\u00f3viles) tambi\u00e9n ser\u00e1 puesta a disposici\u00f3n de redes sociales como Facebook y Twitter.<br>Si usted ha iniciado sesi\u00f3n en una de las redes sociales durante la visita de uno de nuestros sitios Web o aplicaciones (m\u00f3viles), la red social podr\u00e1 a\u00f1adir esa informaci\u00f3n a su perfil. Si usted interact\u00faa con uno de los conectores sociales, esa informaci\u00f3n ser\u00e1 transferida a la red social. Si no desea que se realice esa trasferencia de datos, salga de su sesi\u00f3n en la red social antes de entrar en nuestros sitios Web o aplicaciones (m\u00f3viles).<\/p>\n<ol start=\"3\">\n<li><strong> CAMBIOS EN ESTA POL\u00cdTICA<\/strong><\/li>\n<\/ol>\n<p>Jnk Sport &nbsp;se ha comprometido a respetar los principios fundamentales de Protecci\u00f3n de Datos y considera que la pol\u00edtica de privacidad tiene car\u00e1cter vinculante. Por consiguiente, revisamos peri\u00f3dicamente nuestra pol\u00edtica de privacidad para asegurar que est\u00e1 libre de errores, que es claramente visible en nuestra p\u00e1gina web, que contiene toda la informaci\u00f3n requerida, que se aplica plenamente y que cumple los principios de Protecci\u00f3n de Datos. Esta pol\u00edtica de privacidad y protecci\u00f3n de datos personales puede ser modificada peri\u00f3dicamente, para mantenerla coherente con los cambios y oportunidades que ofrece Internet y acorde con la legislaci\u00f3n vigente. No restringiremos los derechos que se le hayan concedido conforme a esta pol\u00edtica de privacidad si no contamos con su consentimiento expreso. Los cambios significativos de la pol\u00edtica ser\u00e1n publicados en esta p\u00e1gina web con una versi\u00f3n actualizada de la pol\u00edtica de privacidad.<\/p>\t\t\t\t\t\t\t\t<\/div>\n\t\t\t\t<\/div>\n\t\t\t\t\t<\/div>\n\t\t<\/div>\n\t\t\t\t\t<\/div>\n\t\t<\/section>\n\t\t\t\t<\/div>","protected":false},"excerpt":{"rendered":"<p>Pol\u00edticas de Privacidad POL\u00cdTICA DE PROTECCI\u00d3N DE DATOS PERSONALES Jnk sport 60 E.I.R.L. (nombre comercial Jnk Sport ), identificada con RUC 20607998711, Av. Paseo de&#8230;<\/p>","protected":false},"author":1,"featured_media":0,"parent":0,"menu_order":0,"comment_status":"closed","ping_status":"closed","template":"","meta":{"om_disable_all_campaigns":false,"_monsterinsights_skip_tracking":false,"_monsterinsights_sitenote_active":false,"_monsterinsights_sitenote_note":"","_monsterinsights_sitenote_category":0,"_uf_show_specific_survey":0,"_uf_disable_surveys":false,"_joinchat":[],"footnotes":""},"class_list":["post-3334","page","type-page","status-publish","hentry"],"aioseo_notices":[],"_links":{"self":[{"href":"https:\/\/jnksport.com\/en\/wp-json\/wp\/v2\/pages\/3334","targetHints":{"allow":["GET"]}}],"collection":[{"href":"https:\/\/jnksport.com\/en\/wp-json\/wp\/v2\/pages"}],"about":[{"href":"https:\/\/jnksport.com\/en\/wp-json\/wp\/v2\/types\/page"}],"author":[{"embeddable":true,"href":"https:\/\/jnksport.com\/en\/wp-json\/wp\/v2\/users\/1"}],"replies":[{"embeddable":true,"href":"https:\/\/jnksport.com\/en\/wp-json\/wp\/v2\/comments?post=3334"}],"version-history":[{"count":0,"href":"https:\/\/jnksport.com\/en\/wp-json\/wp\/v2\/pages\/3334\/revisions"}],"wp:attachment":[{"href":"https:\/\/jnksport.com\/en\/wp-json\/wp\/v2\/media?parent=3334"}],"curies":[{"name":"wp","href":"https:\/\/api.w.org\/{rel}","templated":true}]}}