{"id":39701,"date":"2024-12-28T19:00:12","date_gmt":"2024-12-28T19:00:12","guid":{"rendered":"https:\/\/jnksport.com\/?page_id=39701"},"modified":"2024-12-28T19:02:32","modified_gmt":"2024-12-28T19:02:32","slug":"devoluciones","status":"publish","type":"page","link":"https:\/\/jnksport.com\/en\/devoluciones\/","title":{"rendered":"DEVOLUCIONES"},"content":{"rendered":"<div data-elementor-type=\"wp-page\" data-elementor-id=\"39701\" class=\"elementor elementor-39701\">\n\t\t\t\t\t\t<section class=\"elementor-section elementor-top-section elementor-element elementor-element-ed0cd7b elementor-section-boxed elementor-section-height-default elementor-section-height-default\" data-id=\"ed0cd7b\" data-element_type=\"section\" data-e-type=\"section\">\n\t\t\t\t\t\t<div class=\"elementor-container elementor-column-gap-default\">\n\t\t\t\t\t<div class=\"elementor-column elementor-col-100 elementor-top-column elementor-element elementor-element-f6d3b52\" data-id=\"f6d3b52\" data-element_type=\"column\" data-e-type=\"column\">\n\t\t\t<div class=\"elementor-widget-wrap elementor-element-populated\">\n\t\t\t\t\t\t<div class=\"elementor-element elementor-element-928d099 elementor-widget elementor-widget-text-editor\" data-id=\"928d099\" data-element_type=\"widget\" data-e-type=\"widget\" data-widget_type=\"text-editor.default\">\n\t\t\t\t<div class=\"elementor-widget-container\">\n\t\t\t\t\t\t\t\t\t<h3>Pol\u00edtica de Cambios<\/h3><ul><li>En caso de que el cliente desea realizar un cambio del modelo que ha comprado, este tiene un plazo de 7 d\u00edas, en caso de que sea Lima, o 10 d\u00edas, en caso de que sea de Provincia, desde que recibi\u00f3 el modelo.<\/li><li>En caso de querer realizar un cambio este solo se podr\u00e1 realizar por el mismo modelo o por uno que su costo sea mayor (aumentando la diferencia), en caso de que no encuentre un modelo de su agrado se le brindar\u00e1 una cup\u00f3n del monto comprado, con la finalidad de que lo pueda usar en otro momento de compra (el tiempo para poder usar ese cup\u00f3n es de 3 MESES), ya que no se hacen retorno de dinero al cliente.<\/li><li>Para poder proceder con el cambio el cliente tiene que comunicarse al n\u00famero correspondiente de Whatsapp (975 892 405) y enviar un video de la caja y del modelo que desea cambiar para ver la condici\u00f3n en que esta siendo enviado.<\/li><li>Todos los modelos que proceden con el cambio tienen que ser enviados de forma sellados y embalados para un mejor cuidado al momento del env\u00edo.<\/li><li>En caso de que el modelo haya llegado con alg\u00fan fallo t\u00e9cnico tiene que mandar fotos de la falla para poder indicar al \u00e1rea correspondiente y aceptar el cambio.<\/li><li>Se recomienda a todos nuestros compradores revisar correctamente la gu\u00eda de tallas para que este seguro de su compra.<\/li><\/ul>\t\t\t\t\t\t\t\t<\/div>\n\t\t\t\t<\/div>\n\t\t\t\t\t<\/div>\n\t\t<\/div>\n\t\t\t\t\t<\/div>\n\t\t<\/section>\n\t\t\t\t<\/div>","protected":false},"excerpt":{"rendered":"<p>Pol\u00edtica de Cambios En caso de que el cliente desea realizar un cambio del modelo que ha comprado, este tiene un plazo de 7 d\u00edas,&#8230;<\/p>","protected":false},"author":1,"featured_media":0,"parent":0,"menu_order":0,"comment_status":"closed","ping_status":"closed","template":"","meta":{"om_disable_all_campaigns":false,"_monsterinsights_skip_tracking":false,"_monsterinsights_sitenote_active":false,"_monsterinsights_sitenote_note":"","_monsterinsights_sitenote_category":0,"_uf_show_specific_survey":0,"_uf_disable_surveys":false,"_joinchat":[],"footnotes":""},"class_list":["post-39701","page","type-page","status-publish","hentry"],"aioseo_notices":[],"_links":{"self":[{"href":"https:\/\/jnksport.com\/en\/wp-json\/wp\/v2\/pages\/39701","targetHints":{"allow":["GET"]}}],"collection":[{"href":"https:\/\/jnksport.com\/en\/wp-json\/wp\/v2\/pages"}],"about":[{"href":"https:\/\/jnksport.com\/en\/wp-json\/wp\/v2\/types\/page"}],"author":[{"embeddable":true,"href":"https:\/\/jnksport.com\/en\/wp-json\/wp\/v2\/users\/1"}],"replies":[{"embeddable":true,"href":"https:\/\/jnksport.com\/en\/wp-json\/wp\/v2\/comments?post=39701"}],"version-history":[{"count":0,"href":"https:\/\/jnksport.com\/en\/wp-json\/wp\/v2\/pages\/39701\/revisions"}],"wp:attachment":[{"href":"https:\/\/jnksport.com\/en\/wp-json\/wp\/v2\/media?parent=39701"}],"curies":[{"name":"wp","href":"https:\/\/api.w.org\/{rel}","templated":true}]}}