{"id":39712,"date":"2024-12-28T19:03:13","date_gmt":"2024-12-28T19:03:13","guid":{"rendered":"https:\/\/jnksport.com\/?page_id=39712"},"modified":"2024-12-28T19:05:00","modified_gmt":"2024-12-28T19:05:00","slug":"terminos-de-envio","status":"publish","type":"page","link":"https:\/\/jnksport.com\/en\/terminos-de-envio\/","title":{"rendered":"T\u00c9RMINOS DE ENV\u00cdO"},"content":{"rendered":"<div data-elementor-type=\"wp-page\" data-elementor-id=\"39712\" class=\"elementor elementor-39712\">\n\t\t\t\t\t\t<section class=\"elementor-section elementor-top-section elementor-element elementor-element-e624726 elementor-section-boxed elementor-section-height-default elementor-section-height-default\" data-id=\"e624726\" data-element_type=\"section\" data-e-type=\"section\">\n\t\t\t\t\t\t<div class=\"elementor-container elementor-column-gap-default\">\n\t\t\t\t\t<div class=\"elementor-column elementor-col-100 elementor-top-column elementor-element elementor-element-284595d\" data-id=\"284595d\" data-element_type=\"column\" data-e-type=\"column\">\n\t\t\t<div class=\"elementor-widget-wrap elementor-element-populated\">\n\t\t\t\t\t\t<div class=\"elementor-element elementor-element-c62c98b elementor-widget elementor-widget-text-editor\" data-id=\"c62c98b\" data-element_type=\"widget\" data-e-type=\"widget\" data-widget_type=\"text-editor.default\">\n\t\t\t\t<div class=\"elementor-widget-container\">\n\t\t\t\t\t\t\t\t\t<p><strong>Pol\u00edtica Env\u00edo<\/strong><\/p><ul><li>Los modelos que son enviados por JNKSPORT son 100% originales que pueden ser verificados en las tiendas respectivas de las marcas.<\/li><li>El costo del env\u00edo es un valor especificado y no puede ser negociado por el cliente al momento de realizar consultas por Whatsapp.<\/li><li>El env\u00edo del pedido tiene un plazo de llegada a la direcci\u00f3n coordinada con el cliente de 48 horas (Lima) y 120 horas (Provincia) como m\u00e1ximo.<\/li><li>Al momento de que usted registra una compra por nuestra p\u00e1gina web nuestros asesores de venta se comunicaran con usted para hacer los acuerdos exactos del env\u00edo.<\/li><li>Todos los env\u00edos que son para provincia se enviaran por la Agencia coordinada con el cliente.<\/li><li>Es importante que el cliente tenga su gu\u00eda de envi\u00f3 para hacer el recojo de su respectivo pedido.<\/li><li>Algunas agencias no realizan env\u00edos de pedidos en d\u00edas festivos o feriados, por ende, los env\u00edos que se dan en recepci\u00f3n son enviados al siguiente d\u00eda h\u00e1bil.<\/li><\/ul>\t\t\t\t\t\t\t\t<\/div>\n\t\t\t\t<\/div>\n\t\t\t\t\t<\/div>\n\t\t<\/div>\n\t\t\t\t\t<\/div>\n\t\t<\/section>\n\t\t\t\t<\/div>","protected":false},"excerpt":{"rendered":"<p>Pol\u00edtica Env\u00edo Los modelos que son enviados por JNKSPORT son 100% originales que pueden ser verificados en las tiendas respectivas de las marcas. El costo&#8230;<\/p>","protected":false},"author":1,"featured_media":0,"parent":0,"menu_order":0,"comment_status":"closed","ping_status":"closed","template":"","meta":{"om_disable_all_campaigns":false,"_monsterinsights_skip_tracking":false,"_monsterinsights_sitenote_active":false,"_monsterinsights_sitenote_note":"","_monsterinsights_sitenote_category":0,"_uf_show_specific_survey":0,"_uf_disable_surveys":false,"_joinchat":[],"footnotes":""},"class_list":["post-39712","page","type-page","status-publish","hentry"],"aioseo_notices":[],"_links":{"self":[{"href":"https:\/\/jnksport.com\/en\/wp-json\/wp\/v2\/pages\/39712","targetHints":{"allow":["GET"]}}],"collection":[{"href":"https:\/\/jnksport.com\/en\/wp-json\/wp\/v2\/pages"}],"about":[{"href":"https:\/\/jnksport.com\/en\/wp-json\/wp\/v2\/types\/page"}],"author":[{"embeddable":true,"href":"https:\/\/jnksport.com\/en\/wp-json\/wp\/v2\/users\/1"}],"replies":[{"embeddable":true,"href":"https:\/\/jnksport.com\/en\/wp-json\/wp\/v2\/comments?post=39712"}],"version-history":[{"count":0,"href":"https:\/\/jnksport.com\/en\/wp-json\/wp\/v2\/pages\/39712\/revisions"}],"wp:attachment":[{"href":"https:\/\/jnksport.com\/en\/wp-json\/wp\/v2\/media?parent=39712"}],"curies":[{"name":"wp","href":"https:\/\/api.w.org\/{rel}","templated":true}]}}