{"id":13266,"date":"2023-03-18T17:59:14","date_gmt":"2023-03-18T17:59:14","guid":{"rendered":"https:\/\/jnksport.com\/?post_type=product&#038;p=13266"},"modified":"2026-03-13T21:59:59","modified_gmt":"2026-03-13T21:59:59","slug":"zapatilla-reebok-ex-o-fit-clean-logo-int-ar3168","status":"publish","type":"product","link":"https:\/\/jnksport.com\/en\/product\/zapatilla-reebok-ex-o-fit-clean-logo-int-ar3168\/","title":{"rendered":"Zapatilla-Reebok Ex-O-Fit Clean Logo INT AR3168"},"content":{"rendered":"<ul class=\"gl-list\">\n<li>Color y estilo combinable<\/li>\n<li class=\"gl-vspace-bpall-small\">Parte superior de piel suave para una sujeci\u00f3n c\u00f3moda.<\/li>\n<li class=\"gl-vspace-bpall-small\">Dise\u00f1o de corte bajo para m\u00e1s movilidad y libertad de movimiento.<\/li>\n<li class=\"gl-vspace-bpall-small\">Mediasuela de EVA para la absorci\u00f3n de impactos.<\/li>\n<li class=\"gl-vspace-bpall-small\">Detalle del logotipo en el mediopi\u00e9, el tal\u00f3n y la suela para un estilo cl\u00e1sico atemporal.<\/li>\n<li class=\"gl-vspace-bpall-small\">Suela de caucho de gran resistencia a la abrasi\u00f3n para una mayor durabilidad.<\/li>\n<li><span class=\"Y2IQFc\" lang=\"es\">Detalle del logotipo Reebok\u00ae<\/span><\/li>\n<\/ul>\n<p>Parte de nuestra colecci\u00f3n Classic, esta silueta atemporal destaca por su estilo deportivo y atractivo, evocando los d\u00edas en que la Ex-O-Fit era una zapatilla de fitness y no solo un icono de la moda<\/p>","protected":false},"excerpt":{"rendered":"<p>Color y estilo combinable Parte superior de piel suave para una sujeci\u00f3n c\u00f3moda. Dise\u00f1o de corte bajo para m\u00e1s movilidad y libertad de movimiento. Mediasuela&#8230;<\/p>","protected":false},"featured_media":13274,"comment_status":"open","ping_status":"closed","template":"","meta":{"om_disable_all_campaigns":false,"_monsterinsights_skip_tracking":false,"_monsterinsights_sitenote_active":false,"_monsterinsights_sitenote_note":"","_monsterinsights_sitenote_category":0,"_uf_show_specific_survey":0,"_uf_disable_surveys":false,"_joinchat":[]},"etheme_brands":[],"product_brand":[],"product_cat":[19],"product_tag":[],"class_list":{"0":"post-13266","1":"product","2":"type-product","3":"status-publish","4":"has-post-thumbnail","6":"product_cat-hombre","7":"product_shipping_class-envio-a-lima-y-provincia","9":"first","10":"instock","11":"sale","12":"shipping-taxable","13":"purchasable","14":"product-type-variable"},"aioseo_notices":[],"_links":{"self":[{"href":"https:\/\/jnksport.com\/en\/wp-json\/wp\/v2\/product\/13266","targetHints":{"allow":["GET"]}}],"collection":[{"href":"https:\/\/jnksport.com\/en\/wp-json\/wp\/v2\/product"}],"about":[{"href":"https:\/\/jnksport.com\/en\/wp-json\/wp\/v2\/types\/product"}],"replies":[{"embeddable":true,"href":"https:\/\/jnksport.com\/en\/wp-json\/wp\/v2\/comments?post=13266"}],"version-history":[{"count":0,"href":"https:\/\/jnksport.com\/en\/wp-json\/wp\/v2\/product\/13266\/revisions"}],"wp:featuredmedia":[{"embeddable":true,"href":"https:\/\/jnksport.com\/en\/wp-json\/wp\/v2\/media\/13274"}],"wp:attachment":[{"href":"https:\/\/jnksport.com\/en\/wp-json\/wp\/v2\/media?parent=13266"}],"wp:term":[{"taxonomy":"brand","embeddable":true,"href":"https:\/\/jnksport.com\/en\/wp-json\/wp\/v2\/etheme_brands?post=13266"},{"taxonomy":"product_brand","embeddable":true,"href":"https:\/\/jnksport.com\/en\/wp-json\/wp\/v2\/product_brand?post=13266"},{"taxonomy":"product_cat","embeddable":true,"href":"https:\/\/jnksport.com\/en\/wp-json\/wp\/v2\/product_cat?post=13266"},{"taxonomy":"product_tag","embeddable":true,"href":"https:\/\/jnksport.com\/en\/wp-json\/wp\/v2\/product_tag?post=13266"}],"curies":[{"name":"wp","href":"https:\/\/api.w.org\/{rel}","templated":true}]}}