{"id":16671,"date":"2023-07-22T01:26:55","date_gmt":"2023-07-22T01:26:55","guid":{"rendered":"https:\/\/jnksport.com\/?post_type=product&#038;p=16671"},"modified":"2026-04-28T00:27:33","modified_gmt":"2026-04-28T00:27:33","slug":"zapatilla-nike-court-vision-alta-dm0113-600","status":"publish","type":"product","link":"https:\/\/jnksport.com\/en\/product\/zapatilla-nike-court-vision-alta-dm0113-600\/","title":{"rendered":"Zapatilla Nike Court Vision Alta &#8211; DM0113-600"},"content":{"rendered":"<p>Nike Court Vision Alta es el zapato perfecto para cualquiera que quiera elevar su juego. Con un dise\u00f1o moderno y materiales de alta calidad, el Court Vision Alta es c\u00f3modo y duradero. La parte superior de cuero y la suela de goma proporcionan un excelente agarre y tracci\u00f3n, mientras que la leng\u00fceta ultrasuave proporciona un ajuste c\u00f3modo. El Court Vision Alta tambi\u00e9n est\u00e1 disponible en una variedad de colores para que puedas encontrar el perfecto para tu estilo.<\/p>\n<ul>\n<li>Color y estilo combinable<\/li>\n<li>Parte superior de cuero duradera<\/li>\n<li>Suela de goma con excelente agarre y tracci\u00f3n<\/li>\n<li>Leng\u00fceta ultrasuave para un ajuste c\u00f3modo<\/li>\n<li>Disponible en una variedad de colores.<\/li>\n<\/ul>","protected":false},"excerpt":{"rendered":"<p>Nike Court Vision Alta es el zapato perfecto para cualquiera que quiera elevar su juego. Con un dise\u00f1o moderno y materiales de alta calidad, el&#8230;<\/p>","protected":false},"featured_media":59614,"comment_status":"open","ping_status":"closed","template":"","meta":{"om_disable_all_campaigns":false,"_monsterinsights_skip_tracking":false,"_monsterinsights_sitenote_active":false,"_monsterinsights_sitenote_note":"","_monsterinsights_sitenote_category":0,"_uf_show_specific_survey":0,"_uf_disable_surveys":false,"_joinchat":[]},"etheme_brands":[],"product_brand":[],"product_cat":[18],"product_tag":[],"class_list":{"0":"post-16671","1":"product","2":"type-product","3":"status-publish","4":"has-post-thumbnail","6":"product_cat-mujer","7":"product_shipping_class-envio-a-lima-y-provincia","9":"first","10":"instock","11":"sale","12":"shipping-taxable","13":"purchasable","14":"product-type-variable"},"aioseo_notices":[],"_links":{"self":[{"href":"https:\/\/jnksport.com\/en\/wp-json\/wp\/v2\/product\/16671","targetHints":{"allow":["GET"]}}],"collection":[{"href":"https:\/\/jnksport.com\/en\/wp-json\/wp\/v2\/product"}],"about":[{"href":"https:\/\/jnksport.com\/en\/wp-json\/wp\/v2\/types\/product"}],"replies":[{"embeddable":true,"href":"https:\/\/jnksport.com\/en\/wp-json\/wp\/v2\/comments?post=16671"}],"version-history":[{"count":1,"href":"https:\/\/jnksport.com\/en\/wp-json\/wp\/v2\/product\/16671\/revisions"}],"predecessor-version":[{"id":59615,"href":"https:\/\/jnksport.com\/en\/wp-json\/wp\/v2\/product\/16671\/revisions\/59615"}],"wp:featuredmedia":[{"embeddable":true,"href":"https:\/\/jnksport.com\/en\/wp-json\/wp\/v2\/media\/59614"}],"wp:attachment":[{"href":"https:\/\/jnksport.com\/en\/wp-json\/wp\/v2\/media?parent=16671"}],"wp:term":[{"taxonomy":"brand","embeddable":true,"href":"https:\/\/jnksport.com\/en\/wp-json\/wp\/v2\/etheme_brands?post=16671"},{"taxonomy":"product_brand","embeddable":true,"href":"https:\/\/jnksport.com\/en\/wp-json\/wp\/v2\/product_brand?post=16671"},{"taxonomy":"product_cat","embeddable":true,"href":"https:\/\/jnksport.com\/en\/wp-json\/wp\/v2\/product_cat?post=16671"},{"taxonomy":"product_tag","embeddable":true,"href":"https:\/\/jnksport.com\/en\/wp-json\/wp\/v2\/product_tag?post=16671"}],"curies":[{"name":"wp","href":"https:\/\/api.w.org\/{rel}","templated":true}]}}