{"id":16770,"date":"2023-07-23T17:06:56","date_gmt":"2023-07-23T17:06:56","guid":{"rendered":"https:\/\/jnksport.com\/?post_type=product&#038;p=16770"},"modified":"2026-04-20T15:30:06","modified_gmt":"2026-04-20T15:30:06","slug":"zapatilla-asics-gel-kayano-28-1012b047-700","status":"publish","type":"product","link":"https:\/\/jnksport.com\/en\/product\/zapatilla-asics-gel-kayano-28-1012b047-700\/","title":{"rendered":"Zapatilla Asics GEL-KAYANO 28 &#8211; 1012B047-700"},"content":{"rendered":"<p>La zapatilla GEL-KAYANO\u00ae 28 es una zapatilla de running estable dise\u00f1ada para corredores que necesitan apoyo y amortiguaci\u00f3n. La zapatilla cuenta con una serie de caracter\u00edsticas que la convierten en una gran opci\u00f3n para los corredores con pronaci\u00f3n, incluyendo un contrafuerte externo del tal\u00f3n de perfil m\u00e1s bajo, una entresuela FF BLAST\u2122 y una nueva forma con tecnolog\u00eda GEL\u00ae. El contrafuerte externo del tal\u00f3n de perfil m\u00e1s bajo ayuda a acu\u00f1ar el pie y proporcionar una sujeci\u00f3n mejorada del retropi\u00e9. Esto puede ayudar a reducir el riesgo de lesiones en el pie y el tobillo.<\/p>\n<p>La entresuela FF BLAST\u2122 proporciona una amortiguaci\u00f3n suave y reactiva que ayuda a absorber los impactos y reducir el impacto en las articulaciones. Esto puede ayudar a reducir el dolor y la fatiga, y puede ayudar a los corredores a mantener un ritmo m\u00e1s constante.<\/p>","protected":false},"excerpt":{"rendered":"<p>La zapatilla GEL-KAYANO\u00ae 28 es una zapatilla de running estable dise\u00f1ada para corredores que necesitan apoyo y amortiguaci\u00f3n. La zapatilla cuenta con una serie de&#8230;<\/p>","protected":false},"featured_media":16779,"comment_status":"open","ping_status":"closed","template":"","meta":{"om_disable_all_campaigns":false,"_monsterinsights_skip_tracking":false,"_monsterinsights_sitenote_active":false,"_monsterinsights_sitenote_note":"","_monsterinsights_sitenote_category":0,"_uf_show_specific_survey":0,"_uf_disable_surveys":false,"_joinchat":[]},"etheme_brands":[],"product_brand":[],"product_cat":[18],"product_tag":[],"class_list":{"0":"post-16770","1":"product","2":"type-product","3":"status-publish","4":"has-post-thumbnail","6":"product_cat-mujer","7":"product_shipping_class-envio-a-lima-y-provincia","9":"first","10":"instock","11":"sale","12":"shipping-taxable","13":"purchasable","14":"product-type-variable"},"aioseo_notices":[],"_links":{"self":[{"href":"https:\/\/jnksport.com\/en\/wp-json\/wp\/v2\/product\/16770","targetHints":{"allow":["GET"]}}],"collection":[{"href":"https:\/\/jnksport.com\/en\/wp-json\/wp\/v2\/product"}],"about":[{"href":"https:\/\/jnksport.com\/en\/wp-json\/wp\/v2\/types\/product"}],"replies":[{"embeddable":true,"href":"https:\/\/jnksport.com\/en\/wp-json\/wp\/v2\/comments?post=16770"}],"version-history":[{"count":0,"href":"https:\/\/jnksport.com\/en\/wp-json\/wp\/v2\/product\/16770\/revisions"}],"wp:featuredmedia":[{"embeddable":true,"href":"https:\/\/jnksport.com\/en\/wp-json\/wp\/v2\/media\/16779"}],"wp:attachment":[{"href":"https:\/\/jnksport.com\/en\/wp-json\/wp\/v2\/media?parent=16770"}],"wp:term":[{"taxonomy":"brand","embeddable":true,"href":"https:\/\/jnksport.com\/en\/wp-json\/wp\/v2\/etheme_brands?post=16770"},{"taxonomy":"product_brand","embeddable":true,"href":"https:\/\/jnksport.com\/en\/wp-json\/wp\/v2\/product_brand?post=16770"},{"taxonomy":"product_cat","embeddable":true,"href":"https:\/\/jnksport.com\/en\/wp-json\/wp\/v2\/product_cat?post=16770"},{"taxonomy":"product_tag","embeddable":true,"href":"https:\/\/jnksport.com\/en\/wp-json\/wp\/v2\/product_tag?post=16770"}],"curies":[{"name":"wp","href":"https:\/\/api.w.org\/{rel}","templated":true}]}}