{"id":16885,"date":"2023-07-28T23:35:48","date_gmt":"2023-07-28T23:35:48","guid":{"rendered":"https:\/\/jnksport.com\/?post_type=product&#038;p=16885"},"modified":"2026-03-29T20:21:01","modified_gmt":"2026-03-29T20:21:01","slug":"zapatilla-adidas-hoops-3-0-low-classic-vintage-gy5432","status":"publish","type":"product","link":"https:\/\/jnksport.com\/en\/product\/zapatilla-adidas-hoops-3-0-low-classic-vintage-gy5432\/","title":{"rendered":"Zapatilla Adidas HOOPS 3.0 LOW CLASSIC VINTAGE &#8211; GY5432"},"content":{"rendered":"<p>Adidas Hoops 3.0 Low Classic Vintage son un cl\u00e1sico atemporal que nunca pasa de moda. Con su dise\u00f1o minimalista y su construcci\u00f3n de cuero sint\u00e9tico duradero, estas zapatillas son perfectas para el d\u00eda a d\u00eda. La mediasuela acolchada proporciona una comodidad duradera, mientras que la suela de goma proporciona una tracci\u00f3n excelente en una variedad de superficies. Disponibles en una variedad de colores, las zapatillas adidas Hoops 3.0 Low Classic Vintage son una excelente opci\u00f3n para cualquier persona que busque un calzado c\u00f3modo y elegante.<\/p>\n<p>CARACTERISTICAS<\/p>\n<ul>\n<li>Dise\u00f1o minimalista y elegante<\/li>\n<li>Construcci\u00f3n de cuero sint\u00e9tico duradero<\/li>\n<li>Mediasuela acolchada para una comodidad duradera<\/li>\n<li>Suela de goma para una tracci\u00f3n excelente<\/li>\n<li>Disponible en una variedad de colores<\/li>\n<\/ul>","protected":false},"excerpt":{"rendered":"<p>Adidas Hoops 3.0 Low Classic Vintage son un cl\u00e1sico atemporal que nunca pasa de moda. Con su dise\u00f1o minimalista y su construcci\u00f3n de cuero sint\u00e9tico&#8230;<\/p>","protected":false},"featured_media":16893,"comment_status":"open","ping_status":"closed","template":"","meta":{"om_disable_all_campaigns":false,"_monsterinsights_skip_tracking":false,"_monsterinsights_sitenote_active":false,"_monsterinsights_sitenote_note":"","_monsterinsights_sitenote_category":0,"_uf_show_specific_survey":0,"_uf_disable_surveys":false,"_joinchat":[]},"etheme_brands":[],"product_brand":[],"product_cat":[19],"product_tag":[],"class_list":{"0":"post-16885","1":"product","2":"type-product","3":"status-publish","4":"has-post-thumbnail","6":"product_cat-hombre","7":"product_shipping_class-envio-a-lima-y-provincia","9":"first","10":"instock","11":"sale","12":"shipping-taxable","13":"purchasable","14":"product-type-variable"},"aioseo_notices":[],"_links":{"self":[{"href":"https:\/\/jnksport.com\/en\/wp-json\/wp\/v2\/product\/16885","targetHints":{"allow":["GET"]}}],"collection":[{"href":"https:\/\/jnksport.com\/en\/wp-json\/wp\/v2\/product"}],"about":[{"href":"https:\/\/jnksport.com\/en\/wp-json\/wp\/v2\/types\/product"}],"replies":[{"embeddable":true,"href":"https:\/\/jnksport.com\/en\/wp-json\/wp\/v2\/comments?post=16885"}],"version-history":[{"count":0,"href":"https:\/\/jnksport.com\/en\/wp-json\/wp\/v2\/product\/16885\/revisions"}],"wp:featuredmedia":[{"embeddable":true,"href":"https:\/\/jnksport.com\/en\/wp-json\/wp\/v2\/media\/16893"}],"wp:attachment":[{"href":"https:\/\/jnksport.com\/en\/wp-json\/wp\/v2\/media?parent=16885"}],"wp:term":[{"taxonomy":"brand","embeddable":true,"href":"https:\/\/jnksport.com\/en\/wp-json\/wp\/v2\/etheme_brands?post=16885"},{"taxonomy":"product_brand","embeddable":true,"href":"https:\/\/jnksport.com\/en\/wp-json\/wp\/v2\/product_brand?post=16885"},{"taxonomy":"product_cat","embeddable":true,"href":"https:\/\/jnksport.com\/en\/wp-json\/wp\/v2\/product_cat?post=16885"},{"taxonomy":"product_tag","embeddable":true,"href":"https:\/\/jnksport.com\/en\/wp-json\/wp\/v2\/product_tag?post=16885"}],"curies":[{"name":"wp","href":"https:\/\/api.w.org\/{rel}","templated":true}]}}