{"id":16941,"date":"2023-07-29T17:09:23","date_gmt":"2023-07-29T17:09:23","guid":{"rendered":"https:\/\/jnksport.com\/?post_type=product&#038;p=16941"},"modified":"2026-03-17T06:38:58","modified_gmt":"2026-03-17T06:38:58","slug":"zapatillas-adidas-tensaur-sport-2-0-gw6422","status":"publish","type":"product","link":"https:\/\/jnksport.com\/en\/product\/zapatillas-adidas-tensaur-sport-2-0-gw6422\/","title":{"rendered":"Zapatillas Adidas Tensaur Sport 2.0 &#8211; GW6422"},"content":{"rendered":"<p>Adidas Tensaur Sport 2.0 son un cl\u00e1sico reinventado. Estas zapatillas ligeras y c\u00f3modas est\u00e1n hechas con una serie de materiales reciclados, incluyendo al menos un 50 % de contenido reciclado en el exterior. La suela de caucho que no marca las superficies es perfecta para usar en interiores o exteriores, y el sistema de amarre de pasadores te permite ajustar la zapatilla a tu medida. Si buscas una zapatilla c\u00f3moda, duradera y respetuosa con el medio ambiente, las Adidas Tensaur Sport 2.0 son una excelente opci\u00f3n.<\/p>\n<p>CARACTERISTICAS:<\/p>\n<ul>\n<li>Color y estilo combinable<\/li>\n<li>Ligeras y c\u00f3modas<\/li>\n<li>Hechas con materiales reciclados<\/li>\n<li>Suela de caucho que no marca las superficies<\/li>\n<li>Sistema de amarre de pasadores<\/li>\n<li>Perfectas para los ni\u00f1os que est\u00e1n aprendiendo nuevas habilidades<\/li>\n<li>Perfectas para las pr\u00e1cticas deportivas<\/li>\n<\/ul>","protected":false},"excerpt":{"rendered":"<p>Adidas Tensaur Sport 2.0 son un cl\u00e1sico reinventado. Estas zapatillas ligeras y c\u00f3modas est\u00e1n hechas con una serie de materiales reciclados, incluyendo al menos un&#8230;<\/p>","protected":false},"featured_media":16963,"comment_status":"open","ping_status":"closed","template":"","meta":{"om_disable_all_campaigns":false,"_monsterinsights_skip_tracking":false,"_monsterinsights_sitenote_active":false,"_monsterinsights_sitenote_note":"","_monsterinsights_sitenote_category":0,"_uf_show_specific_survey":0,"_uf_disable_surveys":false,"_joinchat":[]},"etheme_brands":[],"product_brand":[],"product_cat":[18],"product_tag":[],"class_list":{"0":"post-16941","1":"product","2":"type-product","3":"status-publish","4":"has-post-thumbnail","6":"product_cat-mujer","7":"product_shipping_class-envio-a-lima-y-provincia","9":"first","10":"instock","11":"sale","12":"shipping-taxable","13":"purchasable","14":"product-type-variable"},"aioseo_notices":[],"_links":{"self":[{"href":"https:\/\/jnksport.com\/en\/wp-json\/wp\/v2\/product\/16941","targetHints":{"allow":["GET"]}}],"collection":[{"href":"https:\/\/jnksport.com\/en\/wp-json\/wp\/v2\/product"}],"about":[{"href":"https:\/\/jnksport.com\/en\/wp-json\/wp\/v2\/types\/product"}],"replies":[{"embeddable":true,"href":"https:\/\/jnksport.com\/en\/wp-json\/wp\/v2\/comments?post=16941"}],"version-history":[{"count":0,"href":"https:\/\/jnksport.com\/en\/wp-json\/wp\/v2\/product\/16941\/revisions"}],"wp:featuredmedia":[{"embeddable":true,"href":"https:\/\/jnksport.com\/en\/wp-json\/wp\/v2\/media\/16963"}],"wp:attachment":[{"href":"https:\/\/jnksport.com\/en\/wp-json\/wp\/v2\/media?parent=16941"}],"wp:term":[{"taxonomy":"brand","embeddable":true,"href":"https:\/\/jnksport.com\/en\/wp-json\/wp\/v2\/etheme_brands?post=16941"},{"taxonomy":"product_brand","embeddable":true,"href":"https:\/\/jnksport.com\/en\/wp-json\/wp\/v2\/product_brand?post=16941"},{"taxonomy":"product_cat","embeddable":true,"href":"https:\/\/jnksport.com\/en\/wp-json\/wp\/v2\/product_cat?post=16941"},{"taxonomy":"product_tag","embeddable":true,"href":"https:\/\/jnksport.com\/en\/wp-json\/wp\/v2\/product_tag?post=16941"}],"curies":[{"name":"wp","href":"https:\/\/api.w.org\/{rel}","templated":true}]}}