{"id":17054,"date":"2023-07-31T18:04:03","date_gmt":"2023-07-31T18:04:03","guid":{"rendered":"https:\/\/jnksport.com\/?post_type=product&#038;p=17054"},"modified":"2026-03-21T08:03:12","modified_gmt":"2026-03-21T08:03:12","slug":"zapatillas-adidas-grand-court-td-gw9251","status":"publish","type":"product","link":"https:\/\/jnksport.com\/en\/product\/zapatillas-adidas-grand-court-td-gw9251\/","title":{"rendered":"Zapatillas Adidas GRAND COURT TD &#8211; GW9251"},"content":{"rendered":"<p>Las zapatillas Adidas Grand Court TD son una excelente opci\u00f3n para las personas que buscan un calzado c\u00f3modo y cl\u00e1sico. Est\u00e1n fabricadas con una parte superior de cuero sint\u00e9tico suave que proporciona un ajuste c\u00f3modo y un aspecto elegante. La suela de goma proporciona un buen agarre en superficies secas y mojadas, y el sistema de cordones permite un ajuste personalizado. son perfectas para el uso diario, ya sea para ir al trabajo, a la escuela o para hacer recados. Tambi\u00e9n son adecuadas para viajes cortos, ya que son ligeras y f\u00e1ciles de guardar.<\/p>\n<p>CARACTERISTICAS:<\/p>\n<ul>\n<li>Color y estilo combinable<\/li>\n<li>Ajuste cl\u00e1sico<\/li>\n<li>Sistema de amarre de pasadores<\/li>\n<li>Exterior de cuero sint\u00e9tico suave<\/li>\n<li>Forro interno sint\u00e9tico<\/li>\n<li>Suela tipo cupsole de caucho<\/li>\n<li>El exterior contiene al menos un 50 % de material reciclado<\/li>\n<\/ul>","protected":false},"excerpt":{"rendered":"<p>Las zapatillas Adidas Grand Court TD son una excelente opci\u00f3n para las personas que buscan un calzado c\u00f3modo y cl\u00e1sico. Est\u00e1n fabricadas con una parte&#8230;<\/p>","protected":false},"featured_media":17062,"comment_status":"open","ping_status":"closed","template":"","meta":{"om_disable_all_campaigns":false,"_monsterinsights_skip_tracking":false,"_monsterinsights_sitenote_active":false,"_monsterinsights_sitenote_note":"","_monsterinsights_sitenote_category":0,"_uf_show_specific_survey":0,"_uf_disable_surveys":false,"_joinchat":[]},"etheme_brands":[],"product_brand":[],"product_cat":[19],"product_tag":[],"class_list":{"0":"post-17054","1":"product","2":"type-product","3":"status-publish","4":"has-post-thumbnail","6":"product_cat-hombre","7":"product_shipping_class-envio-a-lima-y-provincia","9":"first","10":"instock","11":"shipping-taxable","12":"purchasable","13":"product-type-variable"},"aioseo_notices":[],"_links":{"self":[{"href":"https:\/\/jnksport.com\/en\/wp-json\/wp\/v2\/product\/17054","targetHints":{"allow":["GET"]}}],"collection":[{"href":"https:\/\/jnksport.com\/en\/wp-json\/wp\/v2\/product"}],"about":[{"href":"https:\/\/jnksport.com\/en\/wp-json\/wp\/v2\/types\/product"}],"replies":[{"embeddable":true,"href":"https:\/\/jnksport.com\/en\/wp-json\/wp\/v2\/comments?post=17054"}],"version-history":[{"count":0,"href":"https:\/\/jnksport.com\/en\/wp-json\/wp\/v2\/product\/17054\/revisions"}],"wp:featuredmedia":[{"embeddable":true,"href":"https:\/\/jnksport.com\/en\/wp-json\/wp\/v2\/media\/17062"}],"wp:attachment":[{"href":"https:\/\/jnksport.com\/en\/wp-json\/wp\/v2\/media?parent=17054"}],"wp:term":[{"taxonomy":"brand","embeddable":true,"href":"https:\/\/jnksport.com\/en\/wp-json\/wp\/v2\/etheme_brands?post=17054"},{"taxonomy":"product_brand","embeddable":true,"href":"https:\/\/jnksport.com\/en\/wp-json\/wp\/v2\/product_brand?post=17054"},{"taxonomy":"product_cat","embeddable":true,"href":"https:\/\/jnksport.com\/en\/wp-json\/wp\/v2\/product_cat?post=17054"},{"taxonomy":"product_tag","embeddable":true,"href":"https:\/\/jnksport.com\/en\/wp-json\/wp\/v2\/product_tag?post=17054"}],"curies":[{"name":"wp","href":"https:\/\/api.w.org\/{rel}","templated":true}]}}