{"id":17116,"date":"2023-07-31T21:46:48","date_gmt":"2023-07-31T21:46:48","guid":{"rendered":"https:\/\/jnksport.com\/?post_type=product&#038;p=17116"},"modified":"2026-04-29T22:31:53","modified_gmt":"2026-04-29T22:31:53","slug":"converse-all-star-ox-m9696-2","status":"publish","type":"product","link":"https:\/\/jnksport.com\/en\/product\/converse-all-star-ox-m9696-2\/","title":{"rendered":"CONVERSE-ALL STAR OX &#8211; M9696"},"content":{"rendered":"<ul>\n<li>Dise\u00f1o aut\u00e9ntico<\/li>\n<li>Ligeras, flexibles y confortables<\/li>\n<li>Ca\u00f1a baja<\/li>\n<li>Composici\u00f3n: tela<\/li>\n<li>Sistema de cordones cl\u00e1sico<\/li>\n<li>Transpirabilidad \u00f3ptima<\/li>\n<li>Sujeci\u00f3n confortable<\/li>\n<li>Suela de goma vulcanizada de gran calidad<\/li>\n<li>Adherencia \u00f3ptima al suelo<\/li>\n<li>Modelo resistente al desgaste<\/li>\n<\/ul>","protected":false},"excerpt":{"rendered":"<p>Dise\u00f1o aut\u00e9ntico Ligeras, flexibles y confortables Ca\u00f1a baja Composici\u00f3n: tela Sistema de cordones cl\u00e1sico Transpirabilidad \u00f3ptima Sujeci\u00f3n confortable Suela de goma vulcanizada de gran calidad&#8230;<\/p>","protected":false},"featured_media":3356,"comment_status":"open","ping_status":"closed","template":"","meta":{"om_disable_all_campaigns":false,"_monsterinsights_skip_tracking":false,"_monsterinsights_sitenote_active":false,"_monsterinsights_sitenote_note":"","_monsterinsights_sitenote_category":0,"_uf_show_specific_survey":0,"_uf_disable_surveys":false,"_joinchat":[]},"etheme_brands":[],"product_brand":[],"product_cat":[19,18],"product_tag":[],"class_list":{"0":"post-17116","1":"product","2":"type-product","3":"status-publish","4":"has-post-thumbnail","6":"product_cat-hombre","7":"product_cat-mujer","8":"product_shipping_class-envio-a-lima-y-provincia","10":"first","11":"instock","12":"shipping-taxable","13":"purchasable","14":"product-type-variable"},"aioseo_notices":[],"_links":{"self":[{"href":"https:\/\/jnksport.com\/en\/wp-json\/wp\/v2\/product\/17116","targetHints":{"allow":["GET"]}}],"collection":[{"href":"https:\/\/jnksport.com\/en\/wp-json\/wp\/v2\/product"}],"about":[{"href":"https:\/\/jnksport.com\/en\/wp-json\/wp\/v2\/types\/product"}],"replies":[{"embeddable":true,"href":"https:\/\/jnksport.com\/en\/wp-json\/wp\/v2\/comments?post=17116"}],"version-history":[{"count":0,"href":"https:\/\/jnksport.com\/en\/wp-json\/wp\/v2\/product\/17116\/revisions"}],"wp:featuredmedia":[{"embeddable":true,"href":"https:\/\/jnksport.com\/en\/wp-json\/wp\/v2\/media\/3356"}],"wp:attachment":[{"href":"https:\/\/jnksport.com\/en\/wp-json\/wp\/v2\/media?parent=17116"}],"wp:term":[{"taxonomy":"brand","embeddable":true,"href":"https:\/\/jnksport.com\/en\/wp-json\/wp\/v2\/etheme_brands?post=17116"},{"taxonomy":"product_brand","embeddable":true,"href":"https:\/\/jnksport.com\/en\/wp-json\/wp\/v2\/product_brand?post=17116"},{"taxonomy":"product_cat","embeddable":true,"href":"https:\/\/jnksport.com\/en\/wp-json\/wp\/v2\/product_cat?post=17116"},{"taxonomy":"product_tag","embeddable":true,"href":"https:\/\/jnksport.com\/en\/wp-json\/wp\/v2\/product_tag?post=17116"}],"curies":[{"name":"wp","href":"https:\/\/api.w.org\/{rel}","templated":true}]}}