{"id":17582,"date":"2023-08-13T22:56:26","date_gmt":"2023-08-13T22:56:26","guid":{"rendered":"https:\/\/jnksport.com\/?post_type=product&#038;p=17582"},"modified":"2026-04-29T22:31:53","modified_gmt":"2026-04-29T22:31:53","slug":"zapatillas-adidas-advantage-gz5300","status":"publish","type":"product","link":"https:\/\/jnksport.com\/en\/product\/zapatillas-adidas-advantage-gz5300\/","title":{"rendered":"Zapatillas Adidas ADVANTAGE &#8211; GZ5300"},"content":{"rendered":"<div class=\"logo-gutter ng-tns-c322222751-68 ng-star-inserted\">\n<div class=\"gutter ng-star-inserted\">\n<div>Las zapatillas Advantage son unas zapatillas de estilo cl\u00e1sico que combinan comodidad y rendimiento. Est\u00e1n hechas con un exterior de cuero sint\u00e9tico y una suela de goma, y cuentan con un dise\u00f1o ajustado que abraza el pie para un ajuste c\u00f3modo y seguro. Las zapatillas Advantage tambi\u00e9n cuentan con una mediasuela Cloudfoam que proporciona una amortiguaci\u00f3n suave y una suela de goma que proporciona una tracci\u00f3n confiable en una variedad de superficies.<\/div>\n<\/div>\n<\/div>\n<p>CARACTERISTICAS:<\/p>\n<ul data-sourcepos=\"7:1-14:0\">\n<li data-sourcepos=\"7:1-7:29\">Exterior de cuero sint\u00e9tico<\/li>\n<li data-sourcepos=\"8:1-8:15\">Suela de goma<\/li>\n<li data-sourcepos=\"9:1-9:22\">Mediasuela Cloudfoam<\/li>\n<li data-sourcepos=\"10:1-10:16\">Ajuste cl\u00e1sico<\/li>\n<li data-sourcepos=\"11:1-11:20\">Tracci\u00f3n confiable<\/li>\n<li data-sourcepos=\"12:1-12:31\">Variedad de colores y estilos<\/li>\n<li data-sourcepos=\"13:1-14:0\">Fabricadas\u00a0<span class=\"citation-0 citation-end-0\">con Primegreen, una serie de materiales reciclados de alto desempe\u00f1o. 50 % del exterior es de material reciclado. No contienen poli\u00e9ster virgen.<\/span><\/li>\n<\/ul>","protected":false},"excerpt":{"rendered":"<p>Las zapatillas Advantage son unas zapatillas de estilo cl\u00e1sico que combinan comodidad y rendimiento. Est\u00e1n hechas con un exterior de cuero sint\u00e9tico y una suela&#8230;<\/p>","protected":false},"featured_media":17590,"comment_status":"open","ping_status":"closed","template":"","meta":{"om_disable_all_campaigns":false,"_monsterinsights_skip_tracking":false,"_monsterinsights_sitenote_active":false,"_monsterinsights_sitenote_note":"","_monsterinsights_sitenote_category":0,"_uf_show_specific_survey":0,"_uf_disable_surveys":false,"_joinchat":[]},"etheme_brands":[],"product_brand":[],"product_cat":[19],"product_tag":[],"class_list":{"0":"post-17582","1":"product","2":"type-product","3":"status-publish","4":"has-post-thumbnail","6":"product_cat-hombre","7":"product_shipping_class-envio-a-lima-y-provincia","9":"first","10":"instock","11":"shipping-taxable","12":"purchasable","13":"product-type-variable"},"aioseo_notices":[],"_links":{"self":[{"href":"https:\/\/jnksport.com\/en\/wp-json\/wp\/v2\/product\/17582","targetHints":{"allow":["GET"]}}],"collection":[{"href":"https:\/\/jnksport.com\/en\/wp-json\/wp\/v2\/product"}],"about":[{"href":"https:\/\/jnksport.com\/en\/wp-json\/wp\/v2\/types\/product"}],"replies":[{"embeddable":true,"href":"https:\/\/jnksport.com\/en\/wp-json\/wp\/v2\/comments?post=17582"}],"version-history":[{"count":0,"href":"https:\/\/jnksport.com\/en\/wp-json\/wp\/v2\/product\/17582\/revisions"}],"wp:featuredmedia":[{"embeddable":true,"href":"https:\/\/jnksport.com\/en\/wp-json\/wp\/v2\/media\/17590"}],"wp:attachment":[{"href":"https:\/\/jnksport.com\/en\/wp-json\/wp\/v2\/media?parent=17582"}],"wp:term":[{"taxonomy":"brand","embeddable":true,"href":"https:\/\/jnksport.com\/en\/wp-json\/wp\/v2\/etheme_brands?post=17582"},{"taxonomy":"product_brand","embeddable":true,"href":"https:\/\/jnksport.com\/en\/wp-json\/wp\/v2\/product_brand?post=17582"},{"taxonomy":"product_cat","embeddable":true,"href":"https:\/\/jnksport.com\/en\/wp-json\/wp\/v2\/product_cat?post=17582"},{"taxonomy":"product_tag","embeddable":true,"href":"https:\/\/jnksport.com\/en\/wp-json\/wp\/v2\/product_tag?post=17582"}],"curies":[{"name":"wp","href":"https:\/\/api.w.org\/{rel}","templated":true}]}}