{"id":17606,"date":"2023-08-13T23:20:01","date_gmt":"2023-08-13T23:20:01","guid":{"rendered":"https:\/\/jnksport.com\/?post_type=product&#038;p=17606"},"modified":"2026-03-14T15:19:45","modified_gmt":"2026-03-14T15:19:45","slug":"zapatillas-adidas-breaknet-2-0-hp9424","status":"publish","type":"product","link":"https:\/\/jnksport.com\/en\/product\/zapatillas-adidas-breaknet-2-0-hp9424\/","title":{"rendered":"Zapatillas Adidas BREAKNET 2.0 &#8211; HP9424"},"content":{"rendered":"<p>Adidas BREAKNET 2.0: Estas zapatillas adidas est\u00e1n inspiradas en las zapatillas de tenis, pero son perfectas para llevarlas en la calle. Est\u00e1n fabricadas con materiales suaves y c\u00f3modos, y tienen un dise\u00f1o cl\u00e1sico que las hace combinables con todo.<\/p>\n<p data-sourcepos=\"3:1-3:79\">caracter\u00edsticas clave de las zapatillas Adidas BREAKNET 2.0 son:<\/p>\n<ul data-sourcepos=\"5:1-9:0\">\n<li data-sourcepos=\"5:1-5:104\">La parte superior est\u00e1 hecha de una mezcla de malla y cuero sint\u00e9tico, que es transpirable y duradera.<\/li>\n<li data-sourcepos=\"6:1-6:76\">La plantilla es acolchada y c\u00f3moda, proporcionando una gran amortiguaci\u00f3n.<\/li>\n<li data-sourcepos=\"7:1-7:64\">La suela de goma proporciona una buena tracci\u00f3n y durabilidad.<\/li>\n<li data-sourcepos=\"8:1-9:0\">Las zapatillas est\u00e1n disponibles en una variedad de colores y estilos, para que puedas encontrar el perfecto para tu look.<\/li>\n<\/ul>\n<p data-sourcepos=\"10:1-10:226\">Las zapatillas Adidas BREAKNET 2.0 son una gran opci\u00f3n para las personas que buscan unas zapatillas c\u00f3modas, vers\u00e1tiles y elegantes. Son perfectas para llevarlas a diario, ya sea para ir al trabajo, a la escuela o al gimnasio.<\/p>","protected":false},"excerpt":{"rendered":"<p>Adidas BREAKNET 2.0: Estas zapatillas adidas est\u00e1n inspiradas en las zapatillas de tenis, pero son perfectas para llevarlas en la calle. Est\u00e1n fabricadas con materiales&#8230;<\/p>","protected":false},"featured_media":17609,"comment_status":"open","ping_status":"closed","template":"","meta":{"om_disable_all_campaigns":false,"_monsterinsights_skip_tracking":false,"_monsterinsights_sitenote_active":false,"_monsterinsights_sitenote_note":"","_monsterinsights_sitenote_category":0,"_uf_show_specific_survey":0,"_uf_disable_surveys":false,"_joinchat":[]},"etheme_brands":[],"product_brand":[],"product_cat":[19],"product_tag":[],"class_list":{"0":"post-17606","1":"product","2":"type-product","3":"status-publish","4":"has-post-thumbnail","6":"product_cat-hombre","7":"product_shipping_class-envio-a-lima-y-provincia","9":"first","10":"instock","11":"shipping-taxable","12":"purchasable","13":"product-type-variable"},"aioseo_notices":[],"_links":{"self":[{"href":"https:\/\/jnksport.com\/en\/wp-json\/wp\/v2\/product\/17606","targetHints":{"allow":["GET"]}}],"collection":[{"href":"https:\/\/jnksport.com\/en\/wp-json\/wp\/v2\/product"}],"about":[{"href":"https:\/\/jnksport.com\/en\/wp-json\/wp\/v2\/types\/product"}],"replies":[{"embeddable":true,"href":"https:\/\/jnksport.com\/en\/wp-json\/wp\/v2\/comments?post=17606"}],"version-history":[{"count":0,"href":"https:\/\/jnksport.com\/en\/wp-json\/wp\/v2\/product\/17606\/revisions"}],"wp:featuredmedia":[{"embeddable":true,"href":"https:\/\/jnksport.com\/en\/wp-json\/wp\/v2\/media\/17609"}],"wp:attachment":[{"href":"https:\/\/jnksport.com\/en\/wp-json\/wp\/v2\/media?parent=17606"}],"wp:term":[{"taxonomy":"brand","embeddable":true,"href":"https:\/\/jnksport.com\/en\/wp-json\/wp\/v2\/etheme_brands?post=17606"},{"taxonomy":"product_brand","embeddable":true,"href":"https:\/\/jnksport.com\/en\/wp-json\/wp\/v2\/product_brand?post=17606"},{"taxonomy":"product_cat","embeddable":true,"href":"https:\/\/jnksport.com\/en\/wp-json\/wp\/v2\/product_cat?post=17606"},{"taxonomy":"product_tag","embeddable":true,"href":"https:\/\/jnksport.com\/en\/wp-json\/wp\/v2\/product_tag?post=17606"}],"curies":[{"name":"wp","href":"https:\/\/api.w.org\/{rel}","templated":true}]}}