{"id":17649,"date":"2023-08-14T00:18:44","date_gmt":"2023-08-14T00:18:44","guid":{"rendered":"https:\/\/jnksport.com\/?post_type=product&#038;p=17649"},"modified":"2026-01-26T07:56:44","modified_gmt":"2026-01-26T07:56:44","slug":"zapatillas-adidas-breaknet-2-0-hp9425","status":"publish","type":"product","link":"https:\/\/jnksport.com\/en\/product\/zapatillas-adidas-breaknet-2-0-hp9425\/","title":{"rendered":"Zapatillas Adidas BREAKNET 2.0 &#8211; HP9425"},"content":{"rendered":"<p>Las zapatillas adidas Breaknet son unas zapatillas inspiradas en el tenis que est\u00e1n dise\u00f1adas para ser c\u00f3modas y vers\u00e1tiles. Tienen un dise\u00f1o cl\u00e1sico y elegante, con las emblem\u00e1ticas 3 Tiras en el lateral. Est\u00e1n hechas con materiales duraderos y c\u00f3modos, como el cuero sint\u00e9tico y la malla. La plantilla de EVA proporciona una excelente amortiguaci\u00f3n, y la suela de goma proporciona una buena tracci\u00f3n. Las zapatillas est\u00e1n disponibles en una variedad de colores, para que puedas encontrar el perfecto para tu estilo.<\/p>\n<p>CARACTERISTICAS:<\/p>\n<ul class=\"gl-list\">\n<li>Color y estilo combinable<\/li>\n<li class=\"gl-vspace-bpall-small\">Sistema de amarre de pasadores<\/li>\n<li class=\"gl-vspace-bpall-small\">Exterior de cuero sint\u00e9tico<\/li>\n<li class=\"gl-vspace-bpall-small\">Forro interior textil<\/li>\n<li class=\"gl-vspace-bpall-small\">Zapatillas c\u00f3modas inspiradas en el tenis<\/li>\n<li class=\"gl-vspace-bpall-small\">Plantilla de EVA<\/li>\n<li class=\"gl-vspace-bpall-small\">Suela tipo cupsole de caucho<\/li>\n<\/ul>","protected":false},"excerpt":{"rendered":"<p>Las zapatillas adidas Breaknet son unas zapatillas inspiradas en el tenis que est\u00e1n dise\u00f1adas para ser c\u00f3modas y vers\u00e1tiles. Tienen un dise\u00f1o cl\u00e1sico y elegante,&#8230;<\/p>","protected":false},"featured_media":17654,"comment_status":"open","ping_status":"closed","template":"","meta":{"om_disable_all_campaigns":false,"_monsterinsights_skip_tracking":false,"_monsterinsights_sitenote_active":false,"_monsterinsights_sitenote_note":"","_monsterinsights_sitenote_category":0,"_uf_show_specific_survey":0,"_uf_disable_surveys":false,"_joinchat":[]},"etheme_brands":[],"product_brand":[],"product_cat":[19],"product_tag":[],"class_list":{"0":"post-17649","1":"product","2":"type-product","3":"status-publish","4":"has-post-thumbnail","6":"product_cat-hombre","7":"product_shipping_class-envio-a-lima-y-provincia","9":"first","10":"instock","11":"shipping-taxable","12":"purchasable","13":"product-type-variable"},"aioseo_notices":[],"_links":{"self":[{"href":"https:\/\/jnksport.com\/en\/wp-json\/wp\/v2\/product\/17649","targetHints":{"allow":["GET"]}}],"collection":[{"href":"https:\/\/jnksport.com\/en\/wp-json\/wp\/v2\/product"}],"about":[{"href":"https:\/\/jnksport.com\/en\/wp-json\/wp\/v2\/types\/product"}],"replies":[{"embeddable":true,"href":"https:\/\/jnksport.com\/en\/wp-json\/wp\/v2\/comments?post=17649"}],"version-history":[{"count":0,"href":"https:\/\/jnksport.com\/en\/wp-json\/wp\/v2\/product\/17649\/revisions"}],"wp:featuredmedia":[{"embeddable":true,"href":"https:\/\/jnksport.com\/en\/wp-json\/wp\/v2\/media\/17654"}],"wp:attachment":[{"href":"https:\/\/jnksport.com\/en\/wp-json\/wp\/v2\/media?parent=17649"}],"wp:term":[{"taxonomy":"brand","embeddable":true,"href":"https:\/\/jnksport.com\/en\/wp-json\/wp\/v2\/etheme_brands?post=17649"},{"taxonomy":"product_brand","embeddable":true,"href":"https:\/\/jnksport.com\/en\/wp-json\/wp\/v2\/product_brand?post=17649"},{"taxonomy":"product_cat","embeddable":true,"href":"https:\/\/jnksport.com\/en\/wp-json\/wp\/v2\/product_cat?post=17649"},{"taxonomy":"product_tag","embeddable":true,"href":"https:\/\/jnksport.com\/en\/wp-json\/wp\/v2\/product_tag?post=17649"}],"curies":[{"name":"wp","href":"https:\/\/api.w.org\/{rel}","templated":true}]}}