{"id":17749,"date":"2023-08-18T22:57:03","date_gmt":"2023-08-18T22:57:03","guid":{"rendered":"https:\/\/jnksport.com\/?post_type=product&#038;p=17749"},"modified":"2026-03-13T22:00:01","modified_gmt":"2026-03-13T22:00:01","slug":"zapatilla-asics-gel-noosa-tri-14-1012b208-702","status":"publish","type":"product","link":"https:\/\/jnksport.com\/en\/product\/zapatilla-asics-gel-noosa-tri-14-1012b208-702\/","title":{"rendered":"Zapatilla-Asics Gel noosa  Tri 14 &#8211; 1012B208-702"},"content":{"rendered":"<div class=\"group w-full text-token-text-primary border-b border-black\/10 dark:border-gray-900\/50 bg-gray-50 dark:bg-[#444654]\">\n<div class=\"flex p-4 gap-4 text-base md:gap-6 md:max-w-2xl lg:max-w-[38rem] xl:max-w-3xl md:py-6 lg:px-0 m-auto\">\n<div class=\"relative flex w-[calc(100%-50px)] flex-col gap-1 md:gap-3 lg:w-[calc(100%-115px)]\">\n<div class=\"flex flex-grow flex-col gap-3\">\n<div class=\"min-h-[20px] flex flex-col items-start gap-3 overflow-x-auto whitespace-pre-wrap break-words\">\n<div class=\"markdown prose w-full break-words dark:prose-invert light\">\n<p>La zapatilla NOOSA TRI\u2122 14 combina elementos cl\u00e1sicos con un ajuste similar al de un calcet\u00edn, resaltando por su construcci\u00f3n ligera y efectiva amortiguaci\u00f3n. Los colores y patrones llamativos en la parte superior de malla, dise\u00f1ada de forma especial, se inspiran en los modelos GEL-NOOSA\u2122 originales de la d\u00e9cada de 2000. Caracter\u00edsticas pr\u00e1cticas como las tiras en la leng\u00fceta y los cordones de ajuste r\u00e1pido simplifican ponerse el calzado, siendo especialmente \u00fatiles al completar la etapa de nataci\u00f3n en un triatl\u00f3n o al salir r\u00e1pidamente por una puerta. Con la innovadora tecnolog\u00eda GUIDESOLE\u2122 en la suela, estas zapatillas reducen la flexi\u00f3n del tobillo, permiti\u00e9ndote ahorrar energ\u00eda mientras avanzas sin esfuerzo gracias a su dise\u00f1o curvado.<\/p>\n<\/div>\n<\/div>\n<\/div>\n<div class=\"flex justify-between lg:block\">\n<div class=\"text-xs flex items-center justify-center gap-1 self-center pt-2 !invisible\"><\/div>\n<div class=\"text-gray-400 flex self-end lg:self-center justify-center mt-2 gap-2 md:gap-3 lg:gap-1 lg:absolute lg:top-0 lg:translate-x-full lg:right-0 lg:mt-0 lg:pl-2 visible\">\n<p>&nbsp;<\/p>\n<div class=\"flex gap-1\"><\/div>\n<\/div>\n<\/div>\n<\/div>\n<\/div>\n<\/div>\n","protected":false},"excerpt":{"rendered":"<p>La zapatilla NOOSA TRI\u2122 14 combina elementos cl\u00e1sicos con un ajuste similar al de un calcet\u00edn, resaltando por su construcci\u00f3n ligera y efectiva amortiguaci\u00f3n. Los&#8230;<\/p>","protected":false},"featured_media":17772,"comment_status":"open","ping_status":"closed","template":"","meta":{"om_disable_all_campaigns":false,"_monsterinsights_skip_tracking":false,"_monsterinsights_sitenote_active":false,"_monsterinsights_sitenote_note":"","_monsterinsights_sitenote_category":0,"_uf_show_specific_survey":0,"_uf_disable_surveys":false,"_joinchat":[]},"etheme_brands":[],"product_brand":[],"product_cat":[18],"product_tag":[],"class_list":{"0":"post-17749","1":"product","2":"type-product","3":"status-publish","4":"has-post-thumbnail","6":"product_cat-mujer","7":"product_shipping_class-envio-a-lima-y-provincia","9":"first","10":"instock","11":"sale","12":"shipping-taxable","13":"purchasable","14":"product-type-variable"},"aioseo_notices":[],"_links":{"self":[{"href":"https:\/\/jnksport.com\/en\/wp-json\/wp\/v2\/product\/17749","targetHints":{"allow":["GET"]}}],"collection":[{"href":"https:\/\/jnksport.com\/en\/wp-json\/wp\/v2\/product"}],"about":[{"href":"https:\/\/jnksport.com\/en\/wp-json\/wp\/v2\/types\/product"}],"replies":[{"embeddable":true,"href":"https:\/\/jnksport.com\/en\/wp-json\/wp\/v2\/comments?post=17749"}],"version-history":[{"count":0,"href":"https:\/\/jnksport.com\/en\/wp-json\/wp\/v2\/product\/17749\/revisions"}],"wp:featuredmedia":[{"embeddable":true,"href":"https:\/\/jnksport.com\/en\/wp-json\/wp\/v2\/media\/17772"}],"wp:attachment":[{"href":"https:\/\/jnksport.com\/en\/wp-json\/wp\/v2\/media?parent=17749"}],"wp:term":[{"taxonomy":"brand","embeddable":true,"href":"https:\/\/jnksport.com\/en\/wp-json\/wp\/v2\/etheme_brands?post=17749"},{"taxonomy":"product_brand","embeddable":true,"href":"https:\/\/jnksport.com\/en\/wp-json\/wp\/v2\/product_brand?post=17749"},{"taxonomy":"product_cat","embeddable":true,"href":"https:\/\/jnksport.com\/en\/wp-json\/wp\/v2\/product_cat?post=17749"},{"taxonomy":"product_tag","embeddable":true,"href":"https:\/\/jnksport.com\/en\/wp-json\/wp\/v2\/product_tag?post=17749"}],"curies":[{"name":"wp","href":"https:\/\/api.w.org\/{rel}","templated":true}]}}