{"id":18173,"date":"2023-08-22T00:43:43","date_gmt":"2023-08-22T00:43:43","guid":{"rendered":"https:\/\/jnksport.com\/?post_type=product&#038;p=18173"},"modified":"2026-03-13T22:00:01","modified_gmt":"2026-03-13T22:00:01","slug":"zapatilla-skechers-sierra-sidebiz-177275-bbk","status":"publish","type":"product","link":"https:\/\/jnksport.com\/en\/product\/zapatilla-skechers-sierra-sidebiz-177275-bbk\/","title":{"rendered":"Zapatilla-Skechers Sierra Sidebiz-177275-BBK"},"content":{"rendered":"<p>Zapatilla Urbana para Mujer Sierra<\/p>\n<p>Brilla con estilo en Skechers Street\u2122 Sierra &#8211; Sidebiz. Estas zapatillas de moda contempor\u00e1nea con cordones se distinguen por su parte superior elaborada en malla con inserciones sint\u00e9ticas, y cuentan adem\u00e1s con una plantilla acolchada con la tecnolog\u00eda Skechers Air-Cooled Memory Foam\u00ae.<\/p>\n<p>El empeine est\u00e1 confeccionado en malla con a\u00f1adidos sint\u00e9ticos y cordones en la zona delantera. La entresuela de grosor generoso amortigua eficazmente los impactos. La suela es flexible y proporciona tracci\u00f3n. Incluye el logotipo distintivo de Skechers\u00ae.<\/p>","protected":false},"excerpt":{"rendered":"<p>Zapatilla Urbana para Mujer Sierra Brilla con estilo en Skechers Street\u2122 Sierra &#8211; Sidebiz. Estas zapatillas de moda contempor\u00e1nea con cordones se distinguen por su&#8230;<\/p>","protected":false},"featured_media":18182,"comment_status":"open","ping_status":"closed","template":"","meta":{"om_disable_all_campaigns":false,"_monsterinsights_skip_tracking":false,"_monsterinsights_sitenote_active":false,"_monsterinsights_sitenote_note":"","_monsterinsights_sitenote_category":0,"_uf_show_specific_survey":0,"_uf_disable_surveys":false,"_joinchat":[]},"etheme_brands":[],"product_brand":[],"product_cat":[19],"product_tag":[],"class_list":{"0":"post-18173","1":"product","2":"type-product","3":"status-publish","4":"has-post-thumbnail","6":"product_cat-hombre","7":"product_shipping_class-envio-a-lima-y-provincia","9":"first","10":"instock","11":"sale","12":"shipping-taxable","13":"purchasable","14":"product-type-variable"},"aioseo_notices":[],"_links":{"self":[{"href":"https:\/\/jnksport.com\/en\/wp-json\/wp\/v2\/product\/18173","targetHints":{"allow":["GET"]}}],"collection":[{"href":"https:\/\/jnksport.com\/en\/wp-json\/wp\/v2\/product"}],"about":[{"href":"https:\/\/jnksport.com\/en\/wp-json\/wp\/v2\/types\/product"}],"replies":[{"embeddable":true,"href":"https:\/\/jnksport.com\/en\/wp-json\/wp\/v2\/comments?post=18173"}],"version-history":[{"count":0,"href":"https:\/\/jnksport.com\/en\/wp-json\/wp\/v2\/product\/18173\/revisions"}],"wp:featuredmedia":[{"embeddable":true,"href":"https:\/\/jnksport.com\/en\/wp-json\/wp\/v2\/media\/18182"}],"wp:attachment":[{"href":"https:\/\/jnksport.com\/en\/wp-json\/wp\/v2\/media?parent=18173"}],"wp:term":[{"taxonomy":"brand","embeddable":true,"href":"https:\/\/jnksport.com\/en\/wp-json\/wp\/v2\/etheme_brands?post=18173"},{"taxonomy":"product_brand","embeddable":true,"href":"https:\/\/jnksport.com\/en\/wp-json\/wp\/v2\/product_brand?post=18173"},{"taxonomy":"product_cat","embeddable":true,"href":"https:\/\/jnksport.com\/en\/wp-json\/wp\/v2\/product_cat?post=18173"},{"taxonomy":"product_tag","embeddable":true,"href":"https:\/\/jnksport.com\/en\/wp-json\/wp\/v2\/product_tag?post=18173"}],"curies":[{"name":"wp","href":"https:\/\/api.w.org\/{rel}","templated":true}]}}