{"id":18471,"date":"2023-08-24T21:55:50","date_gmt":"2023-08-24T21:55:50","guid":{"rendered":"https:\/\/jnksport.com\/?post_type=product&#038;p=18471"},"modified":"2026-04-29T22:31:53","modified_gmt":"2026-04-29T22:31:53","slug":"zapatilla-nike-court-vision-low-dh2987-100","status":"publish","type":"product","link":"https:\/\/jnksport.com\/en\/product\/zapatilla-nike-court-vision-low-dh2987-100\/","title":{"rendered":"Zapatilla-Nike Court Vision Low &#8211; DH2987-100"},"content":{"rendered":"<p>Las\u00a0<strong>Court Vision Low<\/strong>\u00a0son unas\u00a0<strong>zapatillas urbanas Nike de hombre<\/strong>\u00a0que lucen un estilo retro con toques modernos. Inspiradas en las zapatillas de b\u00e1squet de los a\u00f1os 80, poseen una superficie de cuero sint\u00e9tico y una suela exterior que te proporciona tracci\u00f3n.<\/p>\n<h3><strong>Beneficios del producto<\/strong><\/h3>\n<ul>\n<li>Los pasadores gruesos y el dise\u00f1o de Swoosh retro brindan un look elegante.<\/li>\n<li>Laconfecci\u00f3n vulcanizada fusiona la suela con la entresuela para lograr un look sencillo.<\/li>\n<li>La parte superior est\u00e1 confeccionada con cuero aut\u00e9ntico y sint\u00e9tico.<\/li>\n<li>Dise\u00f1o Swoosh cosido.<\/li>\n<li>Perforaciones en la punta y los costados.<\/li>\n<li>NIKE en relieve en el tal\u00f3n.<\/li>\n<\/ul>","protected":false},"excerpt":{"rendered":"<p>Las\u00a0Court Vision Low\u00a0son unas\u00a0zapatillas urbanas Nike de hombre\u00a0que lucen un estilo retro con toques modernos. Inspiradas en las zapatillas de b\u00e1squet de los a\u00f1os 80,&#8230;<\/p>","protected":false},"featured_media":59612,"comment_status":"open","ping_status":"closed","template":"","meta":{"om_disable_all_campaigns":false,"_monsterinsights_skip_tracking":false,"_monsterinsights_sitenote_active":false,"_monsterinsights_sitenote_note":"","_monsterinsights_sitenote_category":0,"_uf_show_specific_survey":0,"_uf_disable_surveys":false,"_joinchat":[]},"etheme_brands":[],"product_brand":[],"product_cat":[19],"product_tag":[],"class_list":{"0":"post-18471","1":"product","2":"type-product","3":"status-publish","4":"has-post-thumbnail","6":"product_cat-hombre","7":"product_shipping_class-envio-a-lima-y-provincia","9":"first","10":"instock","11":"sale","12":"shipping-taxable","13":"purchasable","14":"product-type-variable"},"aioseo_notices":[],"_links":{"self":[{"href":"https:\/\/jnksport.com\/en\/wp-json\/wp\/v2\/product\/18471","targetHints":{"allow":["GET"]}}],"collection":[{"href":"https:\/\/jnksport.com\/en\/wp-json\/wp\/v2\/product"}],"about":[{"href":"https:\/\/jnksport.com\/en\/wp-json\/wp\/v2\/types\/product"}],"replies":[{"embeddable":true,"href":"https:\/\/jnksport.com\/en\/wp-json\/wp\/v2\/comments?post=18471"}],"version-history":[{"count":1,"href":"https:\/\/jnksport.com\/en\/wp-json\/wp\/v2\/product\/18471\/revisions"}],"predecessor-version":[{"id":59613,"href":"https:\/\/jnksport.com\/en\/wp-json\/wp\/v2\/product\/18471\/revisions\/59613"}],"wp:featuredmedia":[{"embeddable":true,"href":"https:\/\/jnksport.com\/en\/wp-json\/wp\/v2\/media\/59612"}],"wp:attachment":[{"href":"https:\/\/jnksport.com\/en\/wp-json\/wp\/v2\/media?parent=18471"}],"wp:term":[{"taxonomy":"brand","embeddable":true,"href":"https:\/\/jnksport.com\/en\/wp-json\/wp\/v2\/etheme_brands?post=18471"},{"taxonomy":"product_brand","embeddable":true,"href":"https:\/\/jnksport.com\/en\/wp-json\/wp\/v2\/product_brand?post=18471"},{"taxonomy":"product_cat","embeddable":true,"href":"https:\/\/jnksport.com\/en\/wp-json\/wp\/v2\/product_cat?post=18471"},{"taxonomy":"product_tag","embeddable":true,"href":"https:\/\/jnksport.com\/en\/wp-json\/wp\/v2\/product_tag?post=18471"}],"curies":[{"name":"wp","href":"https:\/\/api.w.org\/{rel}","templated":true}]}}