{"id":18950,"date":"2023-08-28T16:31:27","date_gmt":"2023-08-28T16:31:27","guid":{"rendered":"https:\/\/jnksport.com\/?post_type=product&#038;p=18950"},"modified":"2026-04-28T00:18:00","modified_gmt":"2026-04-28T00:18:00","slug":"zapatilla-nike-court-vision-alta-ltr-dm0113-002","status":"publish","type":"product","link":"https:\/\/jnksport.com\/en\/product\/zapatilla-nike-court-vision-alta-ltr-dm0113-002\/","title":{"rendered":"Zapatilla-Nike Court Vision Alta Ltr &#8211; DM0113-002"},"content":{"rendered":"<p>Las Nike Court Vision Alta son zapatillas urbanas para mujer que combinan a la perfecci\u00f3n el cuero duradero con un dise\u00f1o moderno y elevado. Las perforaciones en la puntera agregan un toque aireado, mientras que la leng\u00fceta ultra afelpada brinda comodidad y estilo. Estas zapatillas son ideales para quienes buscan una opci\u00f3n de calzado que no comprometa el estilo ni la funcionalidad en su vida urbana activa.<\/p>","protected":false},"excerpt":{"rendered":"<p>Las Nike Court Vision Alta son zapatillas urbanas para mujer que combinan a la perfecci\u00f3n el cuero duradero con un dise\u00f1o moderno y elevado. Las&#8230;<\/p>","protected":false},"featured_media":59607,"comment_status":"open","ping_status":"closed","template":"","meta":{"om_disable_all_campaigns":false,"_monsterinsights_skip_tracking":false,"_monsterinsights_sitenote_active":false,"_monsterinsights_sitenote_note":"","_monsterinsights_sitenote_category":0,"_uf_show_specific_survey":0,"_uf_disable_surveys":false,"_joinchat":[]},"etheme_brands":[],"product_brand":[],"product_cat":[18],"product_tag":[],"class_list":{"0":"post-18950","1":"product","2":"type-product","3":"status-publish","4":"has-post-thumbnail","6":"product_cat-mujer","7":"product_shipping_class-envio-a-lima-y-provincia","9":"first","10":"instock","11":"sale","12":"shipping-taxable","13":"purchasable","14":"product-type-variable"},"aioseo_notices":[],"_links":{"self":[{"href":"https:\/\/jnksport.com\/en\/wp-json\/wp\/v2\/product\/18950","targetHints":{"allow":["GET"]}}],"collection":[{"href":"https:\/\/jnksport.com\/en\/wp-json\/wp\/v2\/product"}],"about":[{"href":"https:\/\/jnksport.com\/en\/wp-json\/wp\/v2\/types\/product"}],"replies":[{"embeddable":true,"href":"https:\/\/jnksport.com\/en\/wp-json\/wp\/v2\/comments?post=18950"}],"version-history":[{"count":1,"href":"https:\/\/jnksport.com\/en\/wp-json\/wp\/v2\/product\/18950\/revisions"}],"predecessor-version":[{"id":59608,"href":"https:\/\/jnksport.com\/en\/wp-json\/wp\/v2\/product\/18950\/revisions\/59608"}],"wp:featuredmedia":[{"embeddable":true,"href":"https:\/\/jnksport.com\/en\/wp-json\/wp\/v2\/media\/59607"}],"wp:attachment":[{"href":"https:\/\/jnksport.com\/en\/wp-json\/wp\/v2\/media?parent=18950"}],"wp:term":[{"taxonomy":"brand","embeddable":true,"href":"https:\/\/jnksport.com\/en\/wp-json\/wp\/v2\/etheme_brands?post=18950"},{"taxonomy":"product_brand","embeddable":true,"href":"https:\/\/jnksport.com\/en\/wp-json\/wp\/v2\/product_brand?post=18950"},{"taxonomy":"product_cat","embeddable":true,"href":"https:\/\/jnksport.com\/en\/wp-json\/wp\/v2\/product_cat?post=18950"},{"taxonomy":"product_tag","embeddable":true,"href":"https:\/\/jnksport.com\/en\/wp-json\/wp\/v2\/product_tag?post=18950"}],"curies":[{"name":"wp","href":"https:\/\/api.w.org\/{rel}","templated":true}]}}