{"id":19205,"date":"2023-09-06T15:33:23","date_gmt":"2023-09-06T15:33:23","guid":{"rendered":"https:\/\/jnksport.com\/?post_type=product&#038;p=19205"},"modified":"2026-03-29T20:21:01","modified_gmt":"2026-03-29T20:21:01","slug":"zapatillas-converse-chuck-taylor-all-star-platform-166695","status":"publish","type":"product","link":"https:\/\/jnksport.com\/en\/product\/zapatillas-converse-chuck-taylor-all-star-platform-166695\/","title":{"rendered":"Zapatillas Converse Chuck Taylor All Star Platform &#8211; 166695"},"content":{"rendered":"<p>La leyenda sube de nivel con las vibras de los 90. Una parte superior de cuero sint\u00e9tico se combina con una suela de doble capa para llevarte m\u00e1s alto. Con acolchado EVA para m\u00e1s confort.<\/p>\n<p>CARACTERISTICAS:<\/p>\n<ul>\n<li>Color y estilo combinable.<\/li>\n<li>Zapatilla alta de plataforma.<\/li>\n<li>Suela de plataforma elevada para mayor altura.<\/li>\n<li>Etiqueta de leng\u00fceta tejida.<\/li>\n<li>Estilo con cordones para un ajuste m\u00e1s c\u00f3modo.<\/li>\n<li>Acolchado de EVA para m\u00e1s confort.<\/li>\n<\/ul>","protected":false},"excerpt":{"rendered":"<p>La leyenda sube de nivel con las vibras de los 90. Una parte superior de cuero sint\u00e9tico se combina con una suela de doble capa&#8230;<\/p>","protected":false},"featured_media":19210,"comment_status":"open","ping_status":"closed","template":"","meta":{"om_disable_all_campaigns":false,"_monsterinsights_skip_tracking":false,"_monsterinsights_sitenote_active":false,"_monsterinsights_sitenote_note":"","_monsterinsights_sitenote_category":0,"_uf_show_specific_survey":0,"_uf_disable_surveys":false,"_joinchat":[]},"etheme_brands":[],"product_brand":[],"product_cat":[18],"product_tag":[],"class_list":{"0":"post-19205","1":"product","2":"type-product","3":"status-publish","4":"has-post-thumbnail","6":"product_cat-mujer","7":"product_shipping_class-envio-a-lima-y-provincia","9":"first","10":"instock","11":"sale","12":"shipping-taxable","13":"purchasable","14":"product-type-variable"},"aioseo_notices":[],"_links":{"self":[{"href":"https:\/\/jnksport.com\/en\/wp-json\/wp\/v2\/product\/19205","targetHints":{"allow":["GET"]}}],"collection":[{"href":"https:\/\/jnksport.com\/en\/wp-json\/wp\/v2\/product"}],"about":[{"href":"https:\/\/jnksport.com\/en\/wp-json\/wp\/v2\/types\/product"}],"replies":[{"embeddable":true,"href":"https:\/\/jnksport.com\/en\/wp-json\/wp\/v2\/comments?post=19205"}],"version-history":[{"count":0,"href":"https:\/\/jnksport.com\/en\/wp-json\/wp\/v2\/product\/19205\/revisions"}],"wp:featuredmedia":[{"embeddable":true,"href":"https:\/\/jnksport.com\/en\/wp-json\/wp\/v2\/media\/19210"}],"wp:attachment":[{"href":"https:\/\/jnksport.com\/en\/wp-json\/wp\/v2\/media?parent=19205"}],"wp:term":[{"taxonomy":"brand","embeddable":true,"href":"https:\/\/jnksport.com\/en\/wp-json\/wp\/v2\/etheme_brands?post=19205"},{"taxonomy":"product_brand","embeddable":true,"href":"https:\/\/jnksport.com\/en\/wp-json\/wp\/v2\/product_brand?post=19205"},{"taxonomy":"product_cat","embeddable":true,"href":"https:\/\/jnksport.com\/en\/wp-json\/wp\/v2\/product_cat?post=19205"},{"taxonomy":"product_tag","embeddable":true,"href":"https:\/\/jnksport.com\/en\/wp-json\/wp\/v2\/product_tag?post=19205"}],"curies":[{"name":"wp","href":"https:\/\/api.w.org\/{rel}","templated":true}]}}