{"id":24488,"date":"2024-02-15T08:16:06","date_gmt":"2024-02-15T08:16:06","guid":{"rendered":"https:\/\/jnksport.com\/?post_type=product&#038;p=24488"},"modified":"2026-04-29T19:53:45","modified_gmt":"2026-04-29T19:53:45","slug":"zapatilla-asics-upcourt-5-1071a086-002-para-hombre","status":"publish","type":"product","link":"https:\/\/jnksport.com\/en\/product\/zapatilla-asics-upcourt-5-1071a086-002-para-hombre\/","title":{"rendered":"Zapatilla Asics Upcourt 5 1071A086-002 para Hombre"},"content":{"rendered":"<div>\n<div>El zapato UPCOURT\u2122 5 es un dise\u00f1o liviano que ofrece mayor flexibilidad y un ajuste m\u00e1s c\u00f3modo. Cuenta con una secci\u00f3n m\u00e1s amplia de paneles de malla que ayuda a crear un ajuste m\u00e1s suave y adaptable. Mientras tanto, sus superposiciones de apoyo en la parte media del pie ofrecen una mejor estabilidad durante los movimientos multidireccionales. Por \u00faltimo, la puntera y el tal\u00f3n est\u00e1n reforzados con paneles duraderos que ayudan a que tus zapatos duren m\u00e1s.<\/div>\n<\/div>\n<div><\/div>\n<ul>\n<li>Marca: Asics<\/li>\n<li>Codigo: 1071A086-002<\/li>\n<li>Modelo: Upcourt 5<\/li>\n<li>G\u00e9nero: Hombre<\/li>\n<li>Estilo: Deportivo<\/li>\n<li>Cierre: Cordones<\/li>\n<li>Material: Cuero<\/li>\n<li>Color: Negro<\/li>\n<li>Material de la Suela: Goma<\/li>\n<\/ul>","protected":false},"excerpt":{"rendered":"<p>El zapato UPCOURT\u2122 5 es un dise\u00f1o liviano que ofrece mayor flexibilidad y un ajuste m\u00e1s c\u00f3modo. Cuenta con una secci\u00f3n m\u00e1s amplia de paneles&#8230;<\/p>","protected":false},"featured_media":59742,"comment_status":"open","ping_status":"closed","template":"","meta":{"om_disable_all_campaigns":false,"_monsterinsights_skip_tracking":false,"_monsterinsights_sitenote_active":false,"_monsterinsights_sitenote_note":"","_monsterinsights_sitenote_category":0,"_uf_show_specific_survey":0,"_uf_disable_surveys":false,"_joinchat":[]},"etheme_brands":[],"product_brand":[],"product_cat":[19],"product_tag":[],"class_list":{"0":"post-24488","1":"product","2":"type-product","3":"status-publish","4":"has-post-thumbnail","6":"product_cat-hombre","7":"product_shipping_class-envio-a-lima-y-provincia","9":"first","10":"instock","11":"sale","12":"featured","13":"shipping-taxable","14":"purchasable","15":"product-type-variable"},"aioseo_notices":[],"_links":{"self":[{"href":"https:\/\/jnksport.com\/en\/wp-json\/wp\/v2\/product\/24488","targetHints":{"allow":["GET"]}}],"collection":[{"href":"https:\/\/jnksport.com\/en\/wp-json\/wp\/v2\/product"}],"about":[{"href":"https:\/\/jnksport.com\/en\/wp-json\/wp\/v2\/types\/product"}],"replies":[{"embeddable":true,"href":"https:\/\/jnksport.com\/en\/wp-json\/wp\/v2\/comments?post=24488"}],"version-history":[{"count":1,"href":"https:\/\/jnksport.com\/en\/wp-json\/wp\/v2\/product\/24488\/revisions"}],"predecessor-version":[{"id":59743,"href":"https:\/\/jnksport.com\/en\/wp-json\/wp\/v2\/product\/24488\/revisions\/59743"}],"wp:featuredmedia":[{"embeddable":true,"href":"https:\/\/jnksport.com\/en\/wp-json\/wp\/v2\/media\/59742"}],"wp:attachment":[{"href":"https:\/\/jnksport.com\/en\/wp-json\/wp\/v2\/media?parent=24488"}],"wp:term":[{"taxonomy":"brand","embeddable":true,"href":"https:\/\/jnksport.com\/en\/wp-json\/wp\/v2\/etheme_brands?post=24488"},{"taxonomy":"product_brand","embeddable":true,"href":"https:\/\/jnksport.com\/en\/wp-json\/wp\/v2\/product_brand?post=24488"},{"taxonomy":"product_cat","embeddable":true,"href":"https:\/\/jnksport.com\/en\/wp-json\/wp\/v2\/product_cat?post=24488"},{"taxonomy":"product_tag","embeddable":true,"href":"https:\/\/jnksport.com\/en\/wp-json\/wp\/v2\/product_tag?post=24488"}],"curies":[{"name":"wp","href":"https:\/\/api.w.org\/{rel}","templated":true}]}}