{"id":24523,"date":"2024-02-15T08:16:28","date_gmt":"2024-02-15T08:16:28","guid":{"rendered":"https:\/\/jnksport.com\/?post_type=product&#038;p=24523"},"modified":"2026-03-13T22:00:09","modified_gmt":"2026-03-13T22:00:09","slug":"zapatilla-puma-vitoria-it-107485-01-para-hombre","status":"publish","type":"product","link":"https:\/\/jnksport.com\/en\/product\/zapatilla-puma-vitoria-it-107485-01-para-hombre\/","title":{"rendered":"Zapatilla Puma Vitoria It 107485-01 para Hombre"},"content":{"rendered":"<div>\n<p style=\"box-sizing: border-box; margin-top: 0px; margin-right: 0px; margin-left: 0px; padding: 0px; border: 0px; font-variant-numeric: inherit; font-variant-east-asian: inherit; font-variant-alternates: inherit; font-variant-position: inherit; font-stretch: inherit; font-size: medium; line-height: inherit; font-family: system-ui; font-optical-sizing: inherit; font-kerning: inherit; font-feature-settings: inherit; font-variation-settings: inherit; color: rgb(33, 37, 41); margin-bottom: 0px !important;\">Lleva tu juego al siguiente nivel con la&nbsp;<span>Zapatilla de F\u00fatbol Hombre Vitoria IT<\/span>&nbsp;de Puma. Dise\u00f1ada para brindar potencia, precisi\u00f3n y comodidad, esta zapatilla te ayudar\u00e1 a destacar en cada jugada y alcanzar tus metas en la cancha.<\/p>\n<\/div>\n<div><\/div>\n<ul>\n<li>Marca: Puma<\/li>\n<li>Codigo: 107485-01<\/li>\n<li>Modelo: Vitoria It<\/li>\n<li>G\u00e9nero: Hombre<\/li>\n<li>Estilo: Deportivo<\/li>\n<li>Cierre: Cordones<\/li>\n<li>Material: Sintetico<\/li>\n<li>Color: Negro<\/li>\n<li>Material de la Suela: Goma<\/li>\n<\/ul>","protected":false},"excerpt":{"rendered":"<p>Lleva tu juego al siguiente nivel con la&nbsp;Zapatilla de F\u00fatbol Hombre Vitoria IT&nbsp;de Puma. Dise\u00f1ada para brindar potencia, precisi\u00f3n y comodidad, esta zapatilla te ayudar\u00e1&#8230;<\/p>","protected":false},"featured_media":24380,"comment_status":"open","ping_status":"closed","template":"","meta":{"om_disable_all_campaigns":false,"_monsterinsights_skip_tracking":false,"_monsterinsights_sitenote_active":false,"_monsterinsights_sitenote_note":"","_monsterinsights_sitenote_category":0,"_uf_show_specific_survey":0,"_uf_disable_surveys":false,"_joinchat":[]},"etheme_brands":[],"product_brand":[],"product_cat":[19],"product_tag":[],"class_list":{"0":"post-24523","1":"product","2":"type-product","3":"status-publish","4":"has-post-thumbnail","6":"product_cat-hombre","7":"product_shipping_class-envio-a-lima-y-provincia","9":"first","10":"instock","11":"sale","12":"featured","13":"shipping-taxable","14":"purchasable","15":"product-type-variable"},"aioseo_notices":[],"_links":{"self":[{"href":"https:\/\/jnksport.com\/en\/wp-json\/wp\/v2\/product\/24523","targetHints":{"allow":["GET"]}}],"collection":[{"href":"https:\/\/jnksport.com\/en\/wp-json\/wp\/v2\/product"}],"about":[{"href":"https:\/\/jnksport.com\/en\/wp-json\/wp\/v2\/types\/product"}],"replies":[{"embeddable":true,"href":"https:\/\/jnksport.com\/en\/wp-json\/wp\/v2\/comments?post=24523"}],"version-history":[{"count":0,"href":"https:\/\/jnksport.com\/en\/wp-json\/wp\/v2\/product\/24523\/revisions"}],"wp:featuredmedia":[{"embeddable":true,"href":"https:\/\/jnksport.com\/en\/wp-json\/wp\/v2\/media\/24380"}],"wp:attachment":[{"href":"https:\/\/jnksport.com\/en\/wp-json\/wp\/v2\/media?parent=24523"}],"wp:term":[{"taxonomy":"brand","embeddable":true,"href":"https:\/\/jnksport.com\/en\/wp-json\/wp\/v2\/etheme_brands?post=24523"},{"taxonomy":"product_brand","embeddable":true,"href":"https:\/\/jnksport.com\/en\/wp-json\/wp\/v2\/product_brand?post=24523"},{"taxonomy":"product_cat","embeddable":true,"href":"https:\/\/jnksport.com\/en\/wp-json\/wp\/v2\/product_cat?post=24523"},{"taxonomy":"product_tag","embeddable":true,"href":"https:\/\/jnksport.com\/en\/wp-json\/wp\/v2\/product_tag?post=24523"}],"curies":[{"name":"wp","href":"https:\/\/api.w.org\/{rel}","templated":true}]}}