{"id":24543,"date":"2024-02-15T08:16:40","date_gmt":"2024-02-15T08:16:40","guid":{"rendered":"https:\/\/jnksport.com\/?post_type=product&#038;p=24543"},"modified":"2026-04-29T22:31:53","modified_gmt":"2026-04-29T22:31:53","slug":"zapatilla-converse-chuck-taylor-132169-para-hombre","status":"publish","type":"product","link":"https:\/\/jnksport.com\/en\/product\/zapatilla-converse-chuck-taylor-132169-para-hombre\/","title":{"rendered":"Zapatilla Converse Chuck Taylor 132169 para Hombre"},"content":{"rendered":"<div>Ya conoces los detalles de nuestras Chucks: suela exterior con patr\u00f3n de diamantes, franjas en la entresuela y el cl\u00e1sico parche de estrella en el tobillo. Actualizamos el material en cuero para un look y sensaci\u00f3n m\u00e1s premium. Con una plantilla OrthoLite para ayudar a mantenerlo c\u00f3modo.<\/div>\n<div><\/div>\n<div>Detalles:<\/div>\n<div>\n<ul>\n<li>Zapatilla con parte superior de cuero.<\/li>\n<li>Silueta ic\u00f3nica con puntera y parachoques de goma.<\/li>\n<li>Cl\u00e1sica parche de estrella en el tobillo.<\/li>\n<li>Plantilla OrthoLite para mayor comodidad.<\/li>\n<li>Suela con patr\u00f3n de diamantes.<\/li>\n<li>Marca: Converse.<\/li>\n<li>Categor\u00eda: Calzado.<\/li>\n<li>Color: Blanco.<\/li>\n<li>Estilo: Urbano.<\/li>\n<li>Tipo de Ca\u00f1a: Ca\u00f1a Alta.<\/li>\n<\/ul>\n<\/div>","protected":false},"excerpt":{"rendered":"<p>Ya conoces los detalles de nuestras Chucks: suela exterior con patr\u00f3n de diamantes, franjas en la entresuela y el cl\u00e1sico parche de estrella en el&#8230;<\/p>","protected":false},"featured_media":22942,"comment_status":"open","ping_status":"closed","template":"","meta":{"om_disable_all_campaigns":false,"_monsterinsights_skip_tracking":false,"_monsterinsights_sitenote_active":false,"_monsterinsights_sitenote_note":"","_monsterinsights_sitenote_category":0,"_uf_show_specific_survey":0,"_uf_disable_surveys":false,"_joinchat":[]},"etheme_brands":[],"product_brand":[],"product_cat":[19],"product_tag":[],"class_list":{"0":"post-24543","1":"product","2":"type-product","3":"status-publish","4":"has-post-thumbnail","6":"product_cat-hombre","7":"product_shipping_class-envio-a-lima-y-provincia","9":"first","10":"instock","11":"sale","12":"featured","13":"shipping-taxable","14":"purchasable","15":"product-type-variable"},"aioseo_notices":[],"_links":{"self":[{"href":"https:\/\/jnksport.com\/en\/wp-json\/wp\/v2\/product\/24543","targetHints":{"allow":["GET"]}}],"collection":[{"href":"https:\/\/jnksport.com\/en\/wp-json\/wp\/v2\/product"}],"about":[{"href":"https:\/\/jnksport.com\/en\/wp-json\/wp\/v2\/types\/product"}],"replies":[{"embeddable":true,"href":"https:\/\/jnksport.com\/en\/wp-json\/wp\/v2\/comments?post=24543"}],"version-history":[{"count":0,"href":"https:\/\/jnksport.com\/en\/wp-json\/wp\/v2\/product\/24543\/revisions"}],"wp:featuredmedia":[{"embeddable":true,"href":"https:\/\/jnksport.com\/en\/wp-json\/wp\/v2\/media\/22942"}],"wp:attachment":[{"href":"https:\/\/jnksport.com\/en\/wp-json\/wp\/v2\/media?parent=24543"}],"wp:term":[{"taxonomy":"brand","embeddable":true,"href":"https:\/\/jnksport.com\/en\/wp-json\/wp\/v2\/etheme_brands?post=24543"},{"taxonomy":"product_brand","embeddable":true,"href":"https:\/\/jnksport.com\/en\/wp-json\/wp\/v2\/product_brand?post=24543"},{"taxonomy":"product_cat","embeddable":true,"href":"https:\/\/jnksport.com\/en\/wp-json\/wp\/v2\/product_cat?post=24543"},{"taxonomy":"product_tag","embeddable":true,"href":"https:\/\/jnksport.com\/en\/wp-json\/wp\/v2\/product_tag?post=24543"}],"curies":[{"name":"wp","href":"https:\/\/api.w.org\/{rel}","templated":true}]}}