{"id":24601,"date":"2024-02-15T08:17:19","date_gmt":"2024-02-15T08:17:19","guid":{"rendered":"https:\/\/jnksport.com\/?post_type=product&#038;p=24601"},"modified":"2025-11-14T22:46:35","modified_gmt":"2025-11-14T22:46:35","slug":"zapatilla-converse-ct-as-core-ox-156994-para-mujer","status":"publish","type":"product","link":"https:\/\/jnksport.com\/en\/product\/zapatilla-converse-ct-as-core-ox-156994-para-mujer\/","title":{"rendered":"Zapatilla Converse \u00a0Ct As Core Ox\u00a0 156994 para Mujer"},"content":{"rendered":"<div>\n<div>Una suela de doble capa eleva el estilo ic\u00f3nico de una Converse ca\u00f1a alta. Aproximadamente un 50 % de lona de algod\u00f3n reciclado conforma la parte superior cl\u00e1sica, en un color brillante y listo para el verano. La amortiguaci\u00f3n EVA lo mantiene c\u00f3modo. Lev\u00e1ntate.<\/div>\n<div><\/div>\n<div>Detalles:<\/div>\n<div>\n<ul>\n<li>Zapatilla baja<\/li>\n<li>Color blanco<\/li>\n<li>Hecha con 50% de lona de algod\u00f3n reciclado<\/li>\n<li>Amortiguaci\u00f3n EVA<\/li>\n<li>Marca: Converse<\/li>\n<li>Codigo: 156994<\/li>\n<li>Modelo: &nbsp;Ct As Core Ox&nbsp;<\/li>\n<li>G\u00e9nero: Mujer<\/li>\n<li>Estilo: Urbano<\/li>\n<li>Cierre: Cordones<\/li>\n<li>Material: Textil<\/li>\n<li>Color: Blanco<\/li>\n<li>Material de la Suela: Caucho<\/li>\n<\/ul>\n<\/div>\n<\/div>","protected":false},"excerpt":{"rendered":"<p>Una suela de doble capa eleva el estilo ic\u00f3nico de una Converse ca\u00f1a alta. Aproximadamente un 50 % de lona de algod\u00f3n reciclado conforma la&#8230;<\/p>","protected":false},"featured_media":22981,"comment_status":"open","ping_status":"closed","template":"","meta":{"om_disable_all_campaigns":false,"_monsterinsights_skip_tracking":false,"_monsterinsights_sitenote_active":false,"_monsterinsights_sitenote_note":"","_monsterinsights_sitenote_category":0,"_uf_show_specific_survey":0,"_uf_disable_surveys":false,"_joinchat":[]},"etheme_brands":[],"product_brand":[],"product_cat":[18],"product_tag":[],"class_list":{"0":"post-24601","1":"product","2":"type-product","3":"status-publish","4":"has-post-thumbnail","6":"product_cat-mujer","7":"product_shipping_class-envio-a-lima-y-provincia","9":"first","10":"instock","11":"sale","12":"featured","13":"shipping-taxable","14":"purchasable","15":"product-type-variable"},"aioseo_notices":[],"_links":{"self":[{"href":"https:\/\/jnksport.com\/en\/wp-json\/wp\/v2\/product\/24601","targetHints":{"allow":["GET"]}}],"collection":[{"href":"https:\/\/jnksport.com\/en\/wp-json\/wp\/v2\/product"}],"about":[{"href":"https:\/\/jnksport.com\/en\/wp-json\/wp\/v2\/types\/product"}],"replies":[{"embeddable":true,"href":"https:\/\/jnksport.com\/en\/wp-json\/wp\/v2\/comments?post=24601"}],"version-history":[{"count":0,"href":"https:\/\/jnksport.com\/en\/wp-json\/wp\/v2\/product\/24601\/revisions"}],"wp:featuredmedia":[{"embeddable":true,"href":"https:\/\/jnksport.com\/en\/wp-json\/wp\/v2\/media\/22981"}],"wp:attachment":[{"href":"https:\/\/jnksport.com\/en\/wp-json\/wp\/v2\/media?parent=24601"}],"wp:term":[{"taxonomy":"brand","embeddable":true,"href":"https:\/\/jnksport.com\/en\/wp-json\/wp\/v2\/etheme_brands?post=24601"},{"taxonomy":"product_brand","embeddable":true,"href":"https:\/\/jnksport.com\/en\/wp-json\/wp\/v2\/product_brand?post=24601"},{"taxonomy":"product_cat","embeddable":true,"href":"https:\/\/jnksport.com\/en\/wp-json\/wp\/v2\/product_cat?post=24601"},{"taxonomy":"product_tag","embeddable":true,"href":"https:\/\/jnksport.com\/en\/wp-json\/wp\/v2\/product_tag?post=24601"}],"curies":[{"name":"wp","href":"https:\/\/api.w.org\/{rel}","templated":true}]}}