{"id":24607,"date":"2024-02-15T08:17:22","date_gmt":"2024-02-15T08:17:22","guid":{"rendered":"https:\/\/jnksport.com\/?post_type=product&#038;p=24607"},"modified":"2025-12-12T07:57:06","modified_gmt":"2025-12-12T07:57:06","slug":"zapatilla-converse-chuck-taylor-157001-para-hombre","status":"publish","type":"product","link":"https:\/\/jnksport.com\/en\/product\/zapatilla-converse-chuck-taylor-157001-para-hombre\/","title":{"rendered":"Zapatilla Converse Chuck Taylor 157001 para Hombre"},"content":{"rendered":"<div>\n<div>odr\u00edamos decir que fueron creadas hace m\u00e1s de 100 a\u00f1os. O que el dise\u00f1o se ha mantenido igual en su gran mayor\u00eda, porque si algo funciona, \u00bfpor qu\u00e9 cambiarlo? Tambi\u00e9n podr\u00edamos contarte c\u00f3mo se convirtieron en las preferidas de todos tus artistas y m\u00fasicos favoritos, que las hicieron suyas. S\u00ed, podr\u00edamos compartir mil y una historias, pero la historia m\u00e1s importante no es la nuestra, es la tuya. Lo fundamental es c\u00f3mo y d\u00f3nde lucis tus Chuck. El gran legado estar\u00e1 siempre ah\u00ed, pero el resto depende de vos. Nosotros solo creamos las creamos. Vos escrib\u00eds las historias.<\/div>\n<div><\/div>\n<div>ESPECIFICACIONES TECNICAS<\/div>\n<div>\n<ul>\n<li>\u2022 Converse ca\u00f1a alta.<\/li>\n<li>\u2022 Capellada de cuero.<\/li>\n<li>\u2022 Etiqueta tejida en leng\u00fceta.<\/li>\n<li>\u2022 Cordones de polyester.<\/li>\n<li>\u2022 Ojalillos met\u00e1licos.<\/li>\n<li>\u2022 Vira y suela de caucho.<\/li>\n<li>Marca: Converse<\/li>\n<li>Codigo: 157001<\/li>\n<li>Modelo: Chuck Taylor<\/li>\n<li>G\u00e9nero: Hombre<\/li>\n<li>Estilo: Urbano<\/li>\n<li>Cierre: Cordones<\/li>\n<li>Material: Cuero<\/li>\n<li>Color: Blanco<\/li>\n<li>Material de la Suela: Caucho<\/li>\n<\/ul>\n<\/div>\n<\/div>","protected":false},"excerpt":{"rendered":"<p>odr\u00edamos decir que fueron creadas hace m\u00e1s de 100 a\u00f1os. O que el dise\u00f1o se ha mantenido igual en su gran mayor\u00eda, porque si algo&#8230;<\/p>","protected":false},"featured_media":22985,"comment_status":"open","ping_status":"closed","template":"","meta":{"om_disable_all_campaigns":false,"_monsterinsights_skip_tracking":false,"_monsterinsights_sitenote_active":false,"_monsterinsights_sitenote_note":"","_monsterinsights_sitenote_category":0,"_uf_show_specific_survey":0,"_uf_disable_surveys":false,"_joinchat":[]},"etheme_brands":[],"product_brand":[],"product_cat":[19],"product_tag":[],"class_list":{"0":"post-24607","1":"product","2":"type-product","3":"status-publish","4":"has-post-thumbnail","6":"product_cat-hombre","7":"product_shipping_class-envio-a-lima-y-provincia","9":"first","10":"instock","11":"sale","12":"featured","13":"shipping-taxable","14":"purchasable","15":"product-type-variable"},"aioseo_notices":[],"_links":{"self":[{"href":"https:\/\/jnksport.com\/en\/wp-json\/wp\/v2\/product\/24607","targetHints":{"allow":["GET"]}}],"collection":[{"href":"https:\/\/jnksport.com\/en\/wp-json\/wp\/v2\/product"}],"about":[{"href":"https:\/\/jnksport.com\/en\/wp-json\/wp\/v2\/types\/product"}],"replies":[{"embeddable":true,"href":"https:\/\/jnksport.com\/en\/wp-json\/wp\/v2\/comments?post=24607"}],"version-history":[{"count":0,"href":"https:\/\/jnksport.com\/en\/wp-json\/wp\/v2\/product\/24607\/revisions"}],"wp:featuredmedia":[{"embeddable":true,"href":"https:\/\/jnksport.com\/en\/wp-json\/wp\/v2\/media\/22985"}],"wp:attachment":[{"href":"https:\/\/jnksport.com\/en\/wp-json\/wp\/v2\/media?parent=24607"}],"wp:term":[{"taxonomy":"brand","embeddable":true,"href":"https:\/\/jnksport.com\/en\/wp-json\/wp\/v2\/etheme_brands?post=24607"},{"taxonomy":"product_brand","embeddable":true,"href":"https:\/\/jnksport.com\/en\/wp-json\/wp\/v2\/product_brand?post=24607"},{"taxonomy":"product_cat","embeddable":true,"href":"https:\/\/jnksport.com\/en\/wp-json\/wp\/v2\/product_cat?post=24607"},{"taxonomy":"product_tag","embeddable":true,"href":"https:\/\/jnksport.com\/en\/wp-json\/wp\/v2\/product_tag?post=24607"}],"curies":[{"name":"wp","href":"https:\/\/api.w.org\/{rel}","templated":true}]}}