{"id":24613,"date":"2024-02-15T08:17:25","date_gmt":"2024-02-15T08:17:25","guid":{"rendered":"https:\/\/jnksport.com\/?post_type=product&#038;p=24613"},"modified":"2026-03-29T20:21:02","modified_gmt":"2026-03-29T20:21:02","slug":"zapatilla-converse-chuck-taylor-157002-para-hombre","status":"publish","type":"product","link":"https:\/\/jnksport.com\/en\/product\/zapatilla-converse-chuck-taylor-157002-para-hombre\/","title":{"rendered":"Zapatilla Converse Chuck Taylor 157002 para Hombre"},"content":{"rendered":"<div>\n<div>Las zapatillas Converse Chuck Taylor All Star urbanas unisex nacieron cuando la marca llev\u00f3 las tijeras a las botitas Chucks originales, convirti\u00e9ndolas en zapatillas bajas de b\u00e1squetbol. Despu\u00e9s, se escap\u00f3 de la cancha hacia las calles, consolidando su estatus como un \u00edcono cotidiano. Es un calzado vers\u00e1til, cl\u00e1sico y completamente ideal para usar como quieras, donde quieras y cuando quieras. Es de ca\u00f1a baja, con capellada de cuero, etiqueta tejida en leng\u00fceta y cordones de polyester. Adem\u00e1s, cuenta con ojalillos met\u00e1licos y vira y suela de caucho.<\/div>\n<\/div>\n<div><\/div>\n<ul>\n<li>Marca: Converse<\/li>\n<li>Codigo: 157002<\/li>\n<li>Modelo: Chuck Taylor<\/li>\n<li>G\u00e9nero: Hombre<\/li>\n<li>Estilo: Urbano<\/li>\n<li>Cierre: Cordones<\/li>\n<li>Material: Cuero<\/li>\n<li>Color: Negro<\/li>\n<li>Material de la Suela: Caucho<\/li>\n<\/ul>","protected":false},"excerpt":{"rendered":"<p>Las zapatillas Converse Chuck Taylor All Star urbanas unisex nacieron cuando la marca llev\u00f3 las tijeras a las botitas Chucks originales, convirti\u00e9ndolas en zapatillas bajas&#8230;<\/p>","protected":false},"featured_media":22989,"comment_status":"open","ping_status":"closed","template":"","meta":{"om_disable_all_campaigns":false,"_monsterinsights_skip_tracking":false,"_monsterinsights_sitenote_active":false,"_monsterinsights_sitenote_note":"","_monsterinsights_sitenote_category":0,"_uf_show_specific_survey":0,"_uf_disable_surveys":false,"_joinchat":[]},"etheme_brands":[],"product_brand":[],"product_cat":[19],"product_tag":[],"class_list":{"0":"post-24613","1":"product","2":"type-product","3":"status-publish","4":"has-post-thumbnail","6":"product_cat-hombre","7":"product_shipping_class-envio-a-lima-y-provincia","9":"first","10":"instock","11":"sale","12":"featured","13":"shipping-taxable","14":"purchasable","15":"product-type-variable"},"aioseo_notices":[],"_links":{"self":[{"href":"https:\/\/jnksport.com\/en\/wp-json\/wp\/v2\/product\/24613","targetHints":{"allow":["GET"]}}],"collection":[{"href":"https:\/\/jnksport.com\/en\/wp-json\/wp\/v2\/product"}],"about":[{"href":"https:\/\/jnksport.com\/en\/wp-json\/wp\/v2\/types\/product"}],"replies":[{"embeddable":true,"href":"https:\/\/jnksport.com\/en\/wp-json\/wp\/v2\/comments?post=24613"}],"version-history":[{"count":0,"href":"https:\/\/jnksport.com\/en\/wp-json\/wp\/v2\/product\/24613\/revisions"}],"wp:featuredmedia":[{"embeddable":true,"href":"https:\/\/jnksport.com\/en\/wp-json\/wp\/v2\/media\/22989"}],"wp:attachment":[{"href":"https:\/\/jnksport.com\/en\/wp-json\/wp\/v2\/media?parent=24613"}],"wp:term":[{"taxonomy":"brand","embeddable":true,"href":"https:\/\/jnksport.com\/en\/wp-json\/wp\/v2\/etheme_brands?post=24613"},{"taxonomy":"product_brand","embeddable":true,"href":"https:\/\/jnksport.com\/en\/wp-json\/wp\/v2\/product_brand?post=24613"},{"taxonomy":"product_cat","embeddable":true,"href":"https:\/\/jnksport.com\/en\/wp-json\/wp\/v2\/product_cat?post=24613"},{"taxonomy":"product_tag","embeddable":true,"href":"https:\/\/jnksport.com\/en\/wp-json\/wp\/v2\/product_tag?post=24613"}],"curies":[{"name":"wp","href":"https:\/\/api.w.org\/{rel}","templated":true}]}}