{"id":24775,"date":"2024-02-15T08:19:06","date_gmt":"2024-02-15T08:19:06","guid":{"rendered":"https:\/\/jnksport.com\/?post_type=product&#038;p=24775"},"modified":"2026-03-13T22:00:11","modified_gmt":"2026-03-13T22:00:11","slug":"zapatilla-skechers-uno-lite-310451l-ltgr-para-ninas","status":"publish","type":"product","link":"https:\/\/jnksport.com\/en\/product\/zapatilla-skechers-uno-lite-310451l-ltgr-para-ninas\/","title":{"rendered":"Zapatilla Skechers Uno Lite 310451L-LTGR para Ni\u00f1as"},"content":{"rendered":"<div>El estilo deportivo cl\u00e1sico se combina con la comodidad en Skechers Street\u2122 Uno Lite. Esta zapatilla de moda lavable a m\u00e1quina presenta una parte superior sint\u00e9tica suave con cordones el\u00e1sticos, correa ajustable en el empeine, una plantilla Skechers Air-Cooled Memory Foam\u00ae y entresuela de cu\u00f1a con plataforma.<\/div>\n<div>\n<ul>\n<li>Plantilla c\u00f3moda acolchada Skechers Air-Cooled Memory Foam\u00ae<\/li>\n<li>Plantilla c\u00f3moda Skechers Air-Cooled Memory Foam\u00ae<\/li>\n<li>Parte superior sint\u00e9tica con detalles en relieve.<\/li>\n<li>Estilo sin cordones con cordones el\u00e1sticos.<\/li>\n<li>Entresuela de cu\u00f1a con plataforma que absorbe los impactos<\/li>\n<li>Suela de tracci\u00f3n flexible<\/li>\n<li>Detalle del logotipo de Skechers\u00ae<\/li>\n<\/ul>\n<\/div>","protected":false},"excerpt":{"rendered":"<p>El estilo deportivo cl\u00e1sico se combina con la comodidad en Skechers Street\u2122 Uno Lite. Esta zapatilla de moda lavable a m\u00e1quina presenta una parte superior&#8230;<\/p>","protected":false},"featured_media":23188,"comment_status":"open","ping_status":"closed","template":"","meta":{"om_disable_all_campaigns":false,"_monsterinsights_skip_tracking":false,"_monsterinsights_sitenote_active":false,"_monsterinsights_sitenote_note":"","_monsterinsights_sitenote_category":0,"_uf_show_specific_survey":0,"_uf_disable_surveys":false,"_joinchat":[]},"etheme_brands":[],"product_brand":[],"product_cat":[19],"product_tag":[],"class_list":{"0":"post-24775","1":"product","2":"type-product","3":"status-publish","4":"has-post-thumbnail","6":"product_cat-hombre","7":"product_shipping_class-envio-a-lima-y-provincia","9":"first","10":"instock","11":"sale","12":"featured","13":"shipping-taxable","14":"purchasable","15":"product-type-variable"},"aioseo_notices":[],"_links":{"self":[{"href":"https:\/\/jnksport.com\/en\/wp-json\/wp\/v2\/product\/24775","targetHints":{"allow":["GET"]}}],"collection":[{"href":"https:\/\/jnksport.com\/en\/wp-json\/wp\/v2\/product"}],"about":[{"href":"https:\/\/jnksport.com\/en\/wp-json\/wp\/v2\/types\/product"}],"replies":[{"embeddable":true,"href":"https:\/\/jnksport.com\/en\/wp-json\/wp\/v2\/comments?post=24775"}],"version-history":[{"count":0,"href":"https:\/\/jnksport.com\/en\/wp-json\/wp\/v2\/product\/24775\/revisions"}],"wp:featuredmedia":[{"embeddable":true,"href":"https:\/\/jnksport.com\/en\/wp-json\/wp\/v2\/media\/23188"}],"wp:attachment":[{"href":"https:\/\/jnksport.com\/en\/wp-json\/wp\/v2\/media?parent=24775"}],"wp:term":[{"taxonomy":"brand","embeddable":true,"href":"https:\/\/jnksport.com\/en\/wp-json\/wp\/v2\/etheme_brands?post=24775"},{"taxonomy":"product_brand","embeddable":true,"href":"https:\/\/jnksport.com\/en\/wp-json\/wp\/v2\/product_brand?post=24775"},{"taxonomy":"product_cat","embeddable":true,"href":"https:\/\/jnksport.com\/en\/wp-json\/wp\/v2\/product_cat?post=24775"},{"taxonomy":"product_tag","embeddable":true,"href":"https:\/\/jnksport.com\/en\/wp-json\/wp\/v2\/product_tag?post=24775"}],"curies":[{"name":"wp","href":"https:\/\/api.w.org\/{rel}","templated":true}]}}