{"id":24786,"date":"2024-02-15T08:19:13","date_gmt":"2024-02-15T08:19:13","guid":{"rendered":"https:\/\/jnksport.com\/?post_type=product&#038;p=24786"},"modified":"2025-12-12T07:57:06","modified_gmt":"2025-12-12T07:57:06","slug":"zapatilla-converse-chuck-taylor-356994-para-ninos","status":"publish","type":"product","link":"https:\/\/jnksport.com\/en\/product\/zapatilla-converse-chuck-taylor-356994-para-ninos\/","title":{"rendered":"Zapatilla Converse Chuck Taylor 356994 para Ni\u00f1os"},"content":{"rendered":"<div>Necesitas un estilo infalible. Las Chuck Taylor All-Star son un elemento esencial que brindan una apariencia verdaderamente cl\u00e1sica. Este es el calzado que combina con todo y que no te cansar\u00e1s de usar. Cons\u00edguelas ya.<\/div>\n<div><\/div>\n<div>Detalles:<\/div>\n<div>\n<ul>\n<li>La parte superior de lona brinda comodidad ligera y flexible.<\/li>\n<li>La suela de goma ofrece tracci\u00f3n duradera.<\/li>\n<li>Los ojales en la parte media mejoran el flujo de aire.<\/li>\n<li>Marca: Converse.<\/li>\n<li>Categor\u00eda: Calzado.<\/li>\n<li>Color: Blanco.<\/li>\n<li>Estilo: Urbano.<\/li>\n<li>Tipo de Ca\u00f1a: Ca\u00f1a Baja.<\/li>\n<\/ul>\n<\/div>","protected":false},"excerpt":{"rendered":"<p>Necesitas un estilo infalible. Las Chuck Taylor All-Star son un elemento esencial que brindan una apariencia verdaderamente cl\u00e1sica. Este es el calzado que combina con&#8230;<\/p>","protected":false},"featured_media":23204,"comment_status":"open","ping_status":"closed","template":"","meta":{"om_disable_all_campaigns":false,"_monsterinsights_skip_tracking":false,"_monsterinsights_sitenote_active":false,"_monsterinsights_sitenote_note":"","_monsterinsights_sitenote_category":0,"_uf_show_specific_survey":0,"_uf_disable_surveys":false,"_joinchat":[]},"etheme_brands":[],"product_brand":[],"product_cat":[159],"product_tag":[],"class_list":{"0":"post-24786","1":"product","2":"type-product","3":"status-publish","4":"has-post-thumbnail","6":"product_cat-ninos","7":"product_shipping_class-envio-a-lima-y-provincia","9":"first","10":"instock","11":"featured","12":"shipping-taxable","13":"purchasable","14":"product-type-variable"},"aioseo_notices":[],"_links":{"self":[{"href":"https:\/\/jnksport.com\/en\/wp-json\/wp\/v2\/product\/24786","targetHints":{"allow":["GET"]}}],"collection":[{"href":"https:\/\/jnksport.com\/en\/wp-json\/wp\/v2\/product"}],"about":[{"href":"https:\/\/jnksport.com\/en\/wp-json\/wp\/v2\/types\/product"}],"replies":[{"embeddable":true,"href":"https:\/\/jnksport.com\/en\/wp-json\/wp\/v2\/comments?post=24786"}],"version-history":[{"count":0,"href":"https:\/\/jnksport.com\/en\/wp-json\/wp\/v2\/product\/24786\/revisions"}],"wp:featuredmedia":[{"embeddable":true,"href":"https:\/\/jnksport.com\/en\/wp-json\/wp\/v2\/media\/23204"}],"wp:attachment":[{"href":"https:\/\/jnksport.com\/en\/wp-json\/wp\/v2\/media?parent=24786"}],"wp:term":[{"taxonomy":"brand","embeddable":true,"href":"https:\/\/jnksport.com\/en\/wp-json\/wp\/v2\/etheme_brands?post=24786"},{"taxonomy":"product_brand","embeddable":true,"href":"https:\/\/jnksport.com\/en\/wp-json\/wp\/v2\/product_brand?post=24786"},{"taxonomy":"product_cat","embeddable":true,"href":"https:\/\/jnksport.com\/en\/wp-json\/wp\/v2\/product_cat?post=24786"},{"taxonomy":"product_tag","embeddable":true,"href":"https:\/\/jnksport.com\/en\/wp-json\/wp\/v2\/product_tag?post=24786"}],"curies":[{"name":"wp","href":"https:\/\/api.w.org\/{rel}","templated":true}]}}