{"id":24823,"date":"2024-02-15T08:19:35","date_gmt":"2024-02-15T08:19:35","guid":{"rendered":"https:\/\/jnksport.com\/?post_type=product&#038;p=24823"},"modified":"2026-02-24T08:32:23","modified_gmt":"2026-02-24T08:32:23","slug":"zapatilla-puma-karmen-rebelle-mid-387213-01-para-mujer","status":"publish","type":"product","link":"https:\/\/jnksport.com\/en\/product\/zapatilla-puma-karmen-rebelle-mid-387213-01-para-mujer\/","title":{"rendered":"Zapatilla Puma Karmen Rebelle Mid 387213-01 para Mujer"},"content":{"rendered":"<p>Haz una declaraci\u00f3n de estilo con cada paso que das con las zapatillas Karmen Rebelle Mid. Tienen un dise\u00f1o atrevido y una plataforma exagerada llamativa. Adem\u00e1s, su estilo casual y deportivo es f\u00e1cil de combinar con cualquier ropa. Lo mejor de todo es que la plantilla SoftFoam+ proporciona amortiguaci\u00f3n y sujeci\u00f3n para que sean c\u00f3modas durante todo el d\u00eda.<\/p>\n<ul><\/ul>\n<p>CARACTER\u00cdSTICAS + BENEFICIOS<\/p>\n<ul>\n<li>Producto con material reciclado: el empeine de este calzado est\u00e1 hecho con al menos un 20% de material reciclado para progresar hacia un futuro mejor<\/li>\n<li>SOFTFOAM+: la plantilla c\u00f3moda, con un tal\u00f3n m\u00e1s grueso, dise\u00f1ada para ofrecer una amortiguaci\u00f3n m\u00e1s suave<\/li>\n<\/ul>\n<p>DETALLES<\/p>\n<div><\/p>\n<ul>\n<li>Empeine de dise\u00f1o vanguardista con varias capas y detalles<\/li>\n<li>Mediasuela de goma<\/li>\n<li>Plataforma con una suela exterior de goma resistente<\/li>\n<li>Franja PUMA en ambos costados<\/li>\n<li>Etiqueta con la marca PUMA en palabra en la leng\u00fceta<\/li>\n<li>Logotipos metalizados dorados<\/li>\n<li>Hecho en China<\/li>\n<\/ul>\n<\/div>","protected":false},"excerpt":{"rendered":"<p>Haz una declaraci\u00f3n de estilo con cada paso que das con las zapatillas Karmen Rebelle Mid. Tienen un dise\u00f1o atrevido y una plataforma exagerada llamativa&#8230;.<\/p>","protected":false},"featured_media":23276,"comment_status":"open","ping_status":"closed","template":"","meta":{"om_disable_all_campaigns":false,"_monsterinsights_skip_tracking":false,"_monsterinsights_sitenote_active":false,"_monsterinsights_sitenote_note":"","_monsterinsights_sitenote_category":0,"_uf_show_specific_survey":0,"_uf_disable_surveys":false,"_joinchat":[]},"etheme_brands":[],"product_brand":[],"product_cat":[18],"product_tag":[],"class_list":{"0":"post-24823","1":"product","2":"type-product","3":"status-publish","4":"has-post-thumbnail","6":"product_cat-mujer","7":"product_shipping_class-envio-a-lima-y-provincia","9":"first","10":"instock","11":"sale","12":"featured","13":"shipping-taxable","14":"purchasable","15":"product-type-variable"},"aioseo_notices":[],"_links":{"self":[{"href":"https:\/\/jnksport.com\/en\/wp-json\/wp\/v2\/product\/24823","targetHints":{"allow":["GET"]}}],"collection":[{"href":"https:\/\/jnksport.com\/en\/wp-json\/wp\/v2\/product"}],"about":[{"href":"https:\/\/jnksport.com\/en\/wp-json\/wp\/v2\/types\/product"}],"replies":[{"embeddable":true,"href":"https:\/\/jnksport.com\/en\/wp-json\/wp\/v2\/comments?post=24823"}],"version-history":[{"count":0,"href":"https:\/\/jnksport.com\/en\/wp-json\/wp\/v2\/product\/24823\/revisions"}],"wp:featuredmedia":[{"embeddable":true,"href":"https:\/\/jnksport.com\/en\/wp-json\/wp\/v2\/media\/23276"}],"wp:attachment":[{"href":"https:\/\/jnksport.com\/en\/wp-json\/wp\/v2\/media?parent=24823"}],"wp:term":[{"taxonomy":"brand","embeddable":true,"href":"https:\/\/jnksport.com\/en\/wp-json\/wp\/v2\/etheme_brands?post=24823"},{"taxonomy":"product_brand","embeddable":true,"href":"https:\/\/jnksport.com\/en\/wp-json\/wp\/v2\/product_brand?post=24823"},{"taxonomy":"product_cat","embeddable":true,"href":"https:\/\/jnksport.com\/en\/wp-json\/wp\/v2\/product_cat?post=24823"},{"taxonomy":"product_tag","embeddable":true,"href":"https:\/\/jnksport.com\/en\/wp-json\/wp\/v2\/product_tag?post=24823"}],"curies":[{"name":"wp","href":"https:\/\/api.w.org\/{rel}","templated":true}]}}