{"id":24829,"date":"2024-02-15T08:19:38","date_gmt":"2024-02-15T08:19:38","guid":{"rendered":"https:\/\/jnksport.com\/?post_type=product&#038;p=24829"},"modified":"2025-12-30T08:01:06","modified_gmt":"2025-12-30T08:01:06","slug":"zapatilla-puma-karmen-rebelle-mid-387213-04-para-mujer","status":"publish","type":"product","link":"https:\/\/jnksport.com\/en\/product\/zapatilla-puma-karmen-rebelle-mid-387213-04-para-mujer\/","title":{"rendered":"Zapatilla Puma \u00a0Karmen Rebelle Mid 387213-04 para Mujer"},"content":{"rendered":"<div>\n<div>Karmen entra en zona con su actitud especial. Perfil de herramientas de plataforma real con suela exterior resistente. Un dise\u00f1o superior m\u00e1s vanguardista e inspirado en la calle presenta m\u00faltiples capas y detalles, que est\u00e1 listo para bloques de colores frescos y atrevidos. Los logotipos est\u00e1n acabados con una l\u00e1mina de oro real. Este estilo es la combinaci\u00f3n perfecta de un zapato deportivo pero cl\u00e1sico que combinar\u00e1 con cualquiera de tus estilos. La parte superior de este zapato est\u00e1 fabricada con al menos un 20% de materiales reciclados como un paso hacia un futuro mejor. Una de las respuestas de PUMA para reducir nuestro impacto ambiental. La plantilla SoftFoam+ que proporciona una amortiguaci\u00f3n superior y una comodidad \u00f3ptima para cada paso del d\u00eda.<\/div>\n<\/div>\n<ul>\n<li>Marca: Puma<\/li>\n<li>Codigo: 387213-04<\/li>\n<li>Modelo: &nbsp;Karmen Rebelle Mid<\/li>\n<li>G\u00e9nero: Mujer<\/li>\n<li>Estilo: Urbano<\/li>\n<li>Cierre: Cordones<\/li>\n<li>Material: Cuero<\/li>\n<li>Color: Crema<\/li>\n<li>Material de la Suela: Caucho<\/li>\n<\/ul>","protected":false},"excerpt":{"rendered":"<p>Karmen entra en zona con su actitud especial. Perfil de herramientas de plataforma real con suela exterior resistente. Un dise\u00f1o superior m\u00e1s vanguardista e inspirado&#8230;<\/p>","protected":false},"featured_media":23280,"comment_status":"open","ping_status":"closed","template":"","meta":{"om_disable_all_campaigns":false,"_monsterinsights_skip_tracking":false,"_monsterinsights_sitenote_active":false,"_monsterinsights_sitenote_note":"","_monsterinsights_sitenote_category":0,"_uf_show_specific_survey":0,"_uf_disable_surveys":false,"_joinchat":[]},"etheme_brands":[],"product_brand":[],"product_cat":[18],"product_tag":[],"class_list":{"0":"post-24829","1":"product","2":"type-product","3":"status-publish","4":"has-post-thumbnail","6":"product_cat-mujer","7":"product_shipping_class-envio-a-lima-y-provincia","9":"first","10":"instock","11":"sale","12":"featured","13":"shipping-taxable","14":"purchasable","15":"product-type-variable"},"aioseo_notices":[],"_links":{"self":[{"href":"https:\/\/jnksport.com\/en\/wp-json\/wp\/v2\/product\/24829","targetHints":{"allow":["GET"]}}],"collection":[{"href":"https:\/\/jnksport.com\/en\/wp-json\/wp\/v2\/product"}],"about":[{"href":"https:\/\/jnksport.com\/en\/wp-json\/wp\/v2\/types\/product"}],"replies":[{"embeddable":true,"href":"https:\/\/jnksport.com\/en\/wp-json\/wp\/v2\/comments?post=24829"}],"version-history":[{"count":0,"href":"https:\/\/jnksport.com\/en\/wp-json\/wp\/v2\/product\/24829\/revisions"}],"wp:featuredmedia":[{"embeddable":true,"href":"https:\/\/jnksport.com\/en\/wp-json\/wp\/v2\/media\/23280"}],"wp:attachment":[{"href":"https:\/\/jnksport.com\/en\/wp-json\/wp\/v2\/media?parent=24829"}],"wp:term":[{"taxonomy":"brand","embeddable":true,"href":"https:\/\/jnksport.com\/en\/wp-json\/wp\/v2\/etheme_brands?post=24829"},{"taxonomy":"product_brand","embeddable":true,"href":"https:\/\/jnksport.com\/en\/wp-json\/wp\/v2\/product_brand?post=24829"},{"taxonomy":"product_cat","embeddable":true,"href":"https:\/\/jnksport.com\/en\/wp-json\/wp\/v2\/product_cat?post=24829"},{"taxonomy":"product_tag","embeddable":true,"href":"https:\/\/jnksport.com\/en\/wp-json\/wp\/v2\/product_tag?post=24829"}],"curies":[{"name":"wp","href":"https:\/\/api.w.org\/{rel}","templated":true}]}}