{"id":24876,"date":"2024-02-15T08:20:08","date_gmt":"2024-02-15T08:20:08","guid":{"rendered":"https:\/\/jnksport.com\/?post_type=product&#038;p=24876"},"modified":"2026-04-29T22:31:53","modified_gmt":"2026-04-29T22:31:53","slug":"zapatilla-puma-carina-street-389390-03-para-mujer","status":"publish","type":"product","link":"https:\/\/jnksport.com\/en\/product\/zapatilla-puma-carina-street-389390-03-para-mujer\/","title":{"rendered":"Zapatilla Puma \u00a0Carina Street 389390-03 para Mujer"},"content":{"rendered":"<div>Puma Carina Street<\/div>\n<div><\/div>\n<div>Los Puma Carina Street son unos zapatos urbanos de mujer inspirados en la calle y la plataforma ligeramente elevada hacen que estos Carina sean perfectos para los atuendos cotidianos.<\/div>\n<div><\/div>\n<div>Beneficios del producto<\/div>\n<div>\n<ul>\n<li>SOFTFOAM+: la plantilla c\u00f3moda, con un tal\u00f3n m\u00e1s grueso, dise\u00f1ada para ofrecer una amortiguaci\u00f3n m\u00e1s suave.<\/li>\n<li>Superior de cuero.<\/li>\n<li>Entresuela de goma.<\/li>\n<li>Suela de goma.<\/li>\n<li>Franja caracter\u00edstica de PUMA en los lados medial y lateral.<\/li>\n<li>Logotipo del felino de PUMA en el tal\u00f3n.<\/li>\n<\/ul>\n<\/div>","protected":false},"excerpt":{"rendered":"<p>Puma Carina Street Los Puma Carina Street son unos zapatos urbanos de mujer inspirados en la calle y la plataforma ligeramente elevada hacen que estos&#8230;<\/p>","protected":false},"featured_media":24255,"comment_status":"open","ping_status":"closed","template":"","meta":{"om_disable_all_campaigns":false,"_monsterinsights_skip_tracking":false,"_monsterinsights_sitenote_active":false,"_monsterinsights_sitenote_note":"","_monsterinsights_sitenote_category":0,"_uf_show_specific_survey":0,"_uf_disable_surveys":false,"_joinchat":[]},"etheme_brands":[],"product_brand":[],"product_cat":[18],"product_tag":[],"class_list":{"0":"post-24876","1":"product","2":"type-product","3":"status-publish","4":"has-post-thumbnail","6":"product_cat-mujer","7":"product_shipping_class-envio-a-lima-y-provincia","9":"first","10":"instock","11":"sale","12":"featured","13":"shipping-taxable","14":"purchasable","15":"product-type-variable"},"aioseo_notices":[],"_links":{"self":[{"href":"https:\/\/jnksport.com\/en\/wp-json\/wp\/v2\/product\/24876","targetHints":{"allow":["GET"]}}],"collection":[{"href":"https:\/\/jnksport.com\/en\/wp-json\/wp\/v2\/product"}],"about":[{"href":"https:\/\/jnksport.com\/en\/wp-json\/wp\/v2\/types\/product"}],"replies":[{"embeddable":true,"href":"https:\/\/jnksport.com\/en\/wp-json\/wp\/v2\/comments?post=24876"}],"version-history":[{"count":0,"href":"https:\/\/jnksport.com\/en\/wp-json\/wp\/v2\/product\/24876\/revisions"}],"wp:featuredmedia":[{"embeddable":true,"href":"https:\/\/jnksport.com\/en\/wp-json\/wp\/v2\/media\/24255"}],"wp:attachment":[{"href":"https:\/\/jnksport.com\/en\/wp-json\/wp\/v2\/media?parent=24876"}],"wp:term":[{"taxonomy":"brand","embeddable":true,"href":"https:\/\/jnksport.com\/en\/wp-json\/wp\/v2\/etheme_brands?post=24876"},{"taxonomy":"product_brand","embeddable":true,"href":"https:\/\/jnksport.com\/en\/wp-json\/wp\/v2\/product_brand?post=24876"},{"taxonomy":"product_cat","embeddable":true,"href":"https:\/\/jnksport.com\/en\/wp-json\/wp\/v2\/product_cat?post=24876"},{"taxonomy":"product_tag","embeddable":true,"href":"https:\/\/jnksport.com\/en\/wp-json\/wp\/v2\/product_tag?post=24876"}],"curies":[{"name":"wp","href":"https:\/\/api.w.org\/{rel}","templated":true}]}}