{"id":24934,"date":"2024-02-15T08:20:45","date_gmt":"2024-02-15T08:20:45","guid":{"rendered":"https:\/\/jnksport.com\/?post_type=product&#038;p=24934"},"modified":"2026-04-25T19:59:27","modified_gmt":"2026-04-25T19:59:27","slug":"zapatilla-converse-chuck-taylor-3j231-para-ninos","status":"publish","type":"product","link":"https:\/\/jnksport.com\/en\/product\/zapatilla-converse-chuck-taylor-3j231-para-ninos\/","title":{"rendered":"Zapatilla Converse Chuck Taylor 3J231 para Ni\u00f1os"},"content":{"rendered":"<p>Con un tama\u00f1o reducido para la pr\u00f3xima generaci\u00f3n de pensadores, rockeros y artistas originales, estas Converse Chuck Taylor All Star se mantienen fieles al ic\u00f3nico original con detalles cl\u00e1sicos en una c\u00f3moda parte superior de lona.<\/p>\n<ul>\n<li>Parte superior de lona para una comodidad ligera y flexible<\/li>\n<li>Suela de goma para tracci\u00f3n duradera.<\/li>\n<li>Los ojales mediales mejoran el flujo de aire<\/li>\n<li>Codigo: 3J231<\/li>\n<li>Modelo: Chuck Taylor<\/li>\n<li>G\u00e9nero: Ni\u00f1os<\/li>\n<li>Estilo: Urbano<\/li>\n<li>Cierre: Cordones<\/li>\n<li>Material: Textil<\/li>\n<li>Color: Negro<\/li>\n<li>Material de la Suela: Goma<\/li>\n<\/ul>","protected":false},"excerpt":{"rendered":"<p>Con un tama\u00f1o reducido para la pr\u00f3xima generaci\u00f3n de pensadores, rockeros y artistas originales, estas Converse Chuck Taylor All Star se mantienen fieles al ic\u00f3nico&#8230;<\/p>","protected":false},"featured_media":24079,"comment_status":"open","ping_status":"closed","template":"","meta":{"om_disable_all_campaigns":false,"_monsterinsights_skip_tracking":false,"_monsterinsights_sitenote_active":false,"_monsterinsights_sitenote_note":"","_monsterinsights_sitenote_category":0,"_uf_show_specific_survey":0,"_uf_disable_surveys":false,"_joinchat":[]},"etheme_brands":[],"product_brand":[],"product_cat":[159],"product_tag":[],"class_list":{"0":"post-24934","1":"product","2":"type-product","3":"status-publish","4":"has-post-thumbnail","6":"product_cat-ninos","7":"product_shipping_class-envio-a-lima-y-provincia","9":"first","10":"instock","11":"sale","12":"featured","13":"shipping-taxable","14":"purchasable","15":"product-type-variable"},"aioseo_notices":[],"_links":{"self":[{"href":"https:\/\/jnksport.com\/en\/wp-json\/wp\/v2\/product\/24934","targetHints":{"allow":["GET"]}}],"collection":[{"href":"https:\/\/jnksport.com\/en\/wp-json\/wp\/v2\/product"}],"about":[{"href":"https:\/\/jnksport.com\/en\/wp-json\/wp\/v2\/types\/product"}],"replies":[{"embeddable":true,"href":"https:\/\/jnksport.com\/en\/wp-json\/wp\/v2\/comments?post=24934"}],"version-history":[{"count":0,"href":"https:\/\/jnksport.com\/en\/wp-json\/wp\/v2\/product\/24934\/revisions"}],"wp:featuredmedia":[{"embeddable":true,"href":"https:\/\/jnksport.com\/en\/wp-json\/wp\/v2\/media\/24079"}],"wp:attachment":[{"href":"https:\/\/jnksport.com\/en\/wp-json\/wp\/v2\/media?parent=24934"}],"wp:term":[{"taxonomy":"brand","embeddable":true,"href":"https:\/\/jnksport.com\/en\/wp-json\/wp\/v2\/etheme_brands?post=24934"},{"taxonomy":"product_brand","embeddable":true,"href":"https:\/\/jnksport.com\/en\/wp-json\/wp\/v2\/product_brand?post=24934"},{"taxonomy":"product_cat","embeddable":true,"href":"https:\/\/jnksport.com\/en\/wp-json\/wp\/v2\/product_cat?post=24934"},{"taxonomy":"product_tag","embeddable":true,"href":"https:\/\/jnksport.com\/en\/wp-json\/wp\/v2\/product_tag?post=24934"}],"curies":[{"name":"wp","href":"https:\/\/api.w.org\/{rel}","templated":true}]}}