{"id":24970,"date":"2024-02-15T08:21:10","date_gmt":"2024-02-15T08:21:10","guid":{"rendered":"https:\/\/jnksport.com\/?post_type=product&#038;p=24970"},"modified":"2026-04-11T17:02:44","modified_gmt":"2026-04-11T17:02:44","slug":"zapatilla-converse-chuck-taylor-561675-para-mujer","status":"publish","type":"product","link":"https:\/\/jnksport.com\/en\/product\/zapatilla-converse-chuck-taylor-561675-para-mujer\/","title":{"rendered":"Zapatilla Converse Chuck Taylor 561675 para Mujer"},"content":{"rendered":"<div>Una parte superior de cuero premium y una suela doble elevan el look ic\u00f3nico de la parte superior. Con toques cl\u00e1sicos de Chuck Taylor All Star, como parche de estrella en el tobillo y placa \u00abAll Star\u00bb en el tal\u00f3n. La amortiguaci\u00f3n EVA lo mantiene c\u00f3modo.<\/div>\n<div><\/div>\n<div>Detalles:<\/div>\n<div><\/div>\n<div>\n<ul>\n<li>Zapatilla de plataforma con parte superior de cuero.<\/li>\n<li>Entresuela de plataforma elevada.<\/li>\n<li>Parche de estrella cl\u00e1sica en el tobillo.<\/li>\n<li>Puntera y parachoques de caucho.<\/li>\n<li>Amortiguaci\u00f3n de EVA para mayor comodidad.<\/li>\n<li>Marca: Converse.<\/li>\n<li>Categor\u00eda: Calzado.<\/li>\n<li>Color: Negro.<\/li>\n<li>Estilo: Urbano.<\/li>\n<li>Tipo de Ca\u00f1a: Plataforma.<\/li>\n<\/ul>\n<\/div>","protected":false},"excerpt":{"rendered":"<p>Una parte superior de cuero premium y una suela doble elevan el look ic\u00f3nico de la parte superior. Con toques cl\u00e1sicos de Chuck Taylor All&#8230;<\/p>","protected":false},"featured_media":24356,"comment_status":"open","ping_status":"closed","template":"","meta":{"om_disable_all_campaigns":false,"_monsterinsights_skip_tracking":false,"_monsterinsights_sitenote_active":false,"_monsterinsights_sitenote_note":"","_monsterinsights_sitenote_category":0,"_uf_show_specific_survey":0,"_uf_disable_surveys":false,"_joinchat":[]},"etheme_brands":[],"product_brand":[],"product_cat":[18],"product_tag":[],"class_list":{"0":"post-24970","1":"product","2":"type-product","3":"status-publish","4":"has-post-thumbnail","6":"product_cat-mujer","7":"product_shipping_class-envio-a-lima-y-provincia","9":"first","10":"instock","11":"sale","12":"featured","13":"shipping-taxable","14":"purchasable","15":"product-type-variable"},"aioseo_notices":[],"_links":{"self":[{"href":"https:\/\/jnksport.com\/en\/wp-json\/wp\/v2\/product\/24970","targetHints":{"allow":["GET"]}}],"collection":[{"href":"https:\/\/jnksport.com\/en\/wp-json\/wp\/v2\/product"}],"about":[{"href":"https:\/\/jnksport.com\/en\/wp-json\/wp\/v2\/types\/product"}],"replies":[{"embeddable":true,"href":"https:\/\/jnksport.com\/en\/wp-json\/wp\/v2\/comments?post=24970"}],"version-history":[{"count":0,"href":"https:\/\/jnksport.com\/en\/wp-json\/wp\/v2\/product\/24970\/revisions"}],"wp:featuredmedia":[{"embeddable":true,"href":"https:\/\/jnksport.com\/en\/wp-json\/wp\/v2\/media\/24356"}],"wp:attachment":[{"href":"https:\/\/jnksport.com\/en\/wp-json\/wp\/v2\/media?parent=24970"}],"wp:term":[{"taxonomy":"brand","embeddable":true,"href":"https:\/\/jnksport.com\/en\/wp-json\/wp\/v2\/etheme_brands?post=24970"},{"taxonomy":"product_brand","embeddable":true,"href":"https:\/\/jnksport.com\/en\/wp-json\/wp\/v2\/product_brand?post=24970"},{"taxonomy":"product_cat","embeddable":true,"href":"https:\/\/jnksport.com\/en\/wp-json\/wp\/v2\/product_cat?post=24970"},{"taxonomy":"product_tag","embeddable":true,"href":"https:\/\/jnksport.com\/en\/wp-json\/wp\/v2\/product_tag?post=24970"}],"curies":[{"name":"wp","href":"https:\/\/api.w.org\/{rel}","templated":true}]}}