{"id":24986,"date":"2024-02-15T08:21:23","date_gmt":"2024-02-15T08:21:23","guid":{"rendered":"https:\/\/jnksport.com\/?post_type=product&#038;p=24986"},"modified":"2026-03-09T16:38:24","modified_gmt":"2026-03-09T16:38:24","slug":"zapatilla-converse-chuck-taylor-568497-para-mujer","status":"publish","type":"product","link":"https:\/\/jnksport.com\/en\/product\/zapatilla-converse-chuck-taylor-568497-para-mujer\/","title":{"rendered":"Zapatilla Converse Chuck Taylor 568497 para Mujer"},"content":{"rendered":"<div>Ya conoces nuestro corte alto: esa parte superior de lona, la suela con patr\u00f3n de rombos y el ic\u00f3nico parche en el tobillo. Optimizamos esta silueta cl\u00e1sica para ti y la incorporamos en una suela de goma EVA ultraligera, d\u00e1ndote la Chuck Taylor Move. Con mayor comodidad y altura.<\/div>\n<div><\/div>\n<div>Detalles:<\/div>\n<div><\/div>\n<div>\n<ul>\n<li>Zapatilla plataforma de ca\u00f1a alta con parte superior de lona.<\/li>\n<li>Parche cl\u00e1sico de estrella en el tobillo.<\/li>\n<li>Ojales de borde biselado para un look moderno.<\/li>\n<li>La plantilla EVA la hace ligera.<\/li>\n<li>Plantilla SmartFOAM troquelada para m\u00e1s confort.<\/li>\n<li>SmartFOAM es una marca de BASF.<\/li>\n<li>Marca: Converse.<\/li>\n<li>Categor\u00eda: Calzado.<\/li>\n<li>Color: Negro.<\/li>\n<li>Estilo: Urbano.<\/li>\n<li>Tipo de Ca\u00f1a: Ca\u00f1a Alta.<\/li>\n<\/ul>\n<\/div>","protected":false},"excerpt":{"rendered":"<p>Ya conoces nuestro corte alto: esa parte superior de lona, la suela con patr\u00f3n de rombos y el ic\u00f3nico parche en el tobillo. Optimizamos esta&#8230;<\/p>","protected":false},"featured_media":24372,"comment_status":"open","ping_status":"closed","template":"","meta":{"om_disable_all_campaigns":false,"_monsterinsights_skip_tracking":false,"_monsterinsights_sitenote_active":false,"_monsterinsights_sitenote_note":"","_monsterinsights_sitenote_category":0,"_uf_show_specific_survey":0,"_uf_disable_surveys":false,"_joinchat":[]},"etheme_brands":[],"product_brand":[],"product_cat":[18],"product_tag":[],"class_list":{"0":"post-24986","1":"product","2":"type-product","3":"status-publish","4":"has-post-thumbnail","6":"product_cat-mujer","7":"product_shipping_class-envio-a-lima-y-provincia","9":"first","10":"instock","11":"sale","12":"featured","13":"shipping-taxable","14":"purchasable","15":"product-type-variable"},"aioseo_notices":[],"_links":{"self":[{"href":"https:\/\/jnksport.com\/en\/wp-json\/wp\/v2\/product\/24986","targetHints":{"allow":["GET"]}}],"collection":[{"href":"https:\/\/jnksport.com\/en\/wp-json\/wp\/v2\/product"}],"about":[{"href":"https:\/\/jnksport.com\/en\/wp-json\/wp\/v2\/types\/product"}],"replies":[{"embeddable":true,"href":"https:\/\/jnksport.com\/en\/wp-json\/wp\/v2\/comments?post=24986"}],"version-history":[{"count":0,"href":"https:\/\/jnksport.com\/en\/wp-json\/wp\/v2\/product\/24986\/revisions"}],"wp:featuredmedia":[{"embeddable":true,"href":"https:\/\/jnksport.com\/en\/wp-json\/wp\/v2\/media\/24372"}],"wp:attachment":[{"href":"https:\/\/jnksport.com\/en\/wp-json\/wp\/v2\/media?parent=24986"}],"wp:term":[{"taxonomy":"brand","embeddable":true,"href":"https:\/\/jnksport.com\/en\/wp-json\/wp\/v2\/etheme_brands?post=24986"},{"taxonomy":"product_brand","embeddable":true,"href":"https:\/\/jnksport.com\/en\/wp-json\/wp\/v2\/product_brand?post=24986"},{"taxonomy":"product_cat","embeddable":true,"href":"https:\/\/jnksport.com\/en\/wp-json\/wp\/v2\/product_cat?post=24986"},{"taxonomy":"product_tag","embeddable":true,"href":"https:\/\/jnksport.com\/en\/wp-json\/wp\/v2\/product_tag?post=24986"}],"curies":[{"name":"wp","href":"https:\/\/api.w.org\/{rel}","templated":true}]}}