{"id":25003,"date":"2024-02-15T08:21:35","date_gmt":"2024-02-15T08:21:35","guid":{"rendered":"https:\/\/jnksport.com\/?post_type=product&#038;p=25003"},"modified":"2026-04-29T22:31:53","modified_gmt":"2026-04-29T22:31:53","slug":"zapatilla-converse-chuck-taylor-570256-para-mujer","status":"publish","type":"product","link":"https:\/\/jnksport.com\/en\/product\/zapatilla-converse-chuck-taylor-570256-para-mujer\/","title":{"rendered":"Zapatilla Converse Chuck Taylor 570256 para Mujer"},"content":{"rendered":"<div>Ya conoces nuestro corte bajo: esa parte superior de lona, la suela con patr\u00f3n de rombos y los ic\u00f3nicos logos. Optimizamos esta silueta cl\u00e1sica para ti y la incorporamos en una suela de goma EVA ultraligera, d\u00e1ndote la Chuck Taylor Move. Con mayor comodidad y altura.<\/div>\n<div><\/div>\n<div>Detalles:<\/div>\n<div><\/div>\n<div>\n<ul>\n<li>Zapatilla ca\u00f1a baja de lona con plataforma.<\/li>\n<li>L\u00edneas fluidas a trav\u00e9s de la mediasuela para un toque de inspiraci\u00f3n atl\u00e9tica.<\/li>\n<li>Ojales de borde biselado para un look moderno.<\/li>\n<li>La plantilla EVA la hace ligera.<\/li>\n<li>Plantilla SmartFOAM troquelada para m\u00e1s confort.<\/li>\n<li>SmartFOAM es una marca de BASF.<\/li>\n<li>Marca: Converse.<\/li>\n<li>Categor\u00eda: Calzado.<\/li>\n<li>Color: Negro.<\/li>\n<li>Estilo: Urbano.<\/li>\n<li>Tipo de Ca\u00f1a: Plataforma.<\/li>\n<\/ul>\n<\/div>","protected":false},"excerpt":{"rendered":"<p>Ya conoces nuestro corte bajo: esa parte superior de lona, la suela con patr\u00f3n de rombos y los ic\u00f3nicos logos. Optimizamos esta silueta cl\u00e1sica para&#8230;<\/p>","protected":false},"featured_media":24393,"comment_status":"open","ping_status":"closed","template":"","meta":{"om_disable_all_campaigns":false,"_monsterinsights_skip_tracking":false,"_monsterinsights_sitenote_active":false,"_monsterinsights_sitenote_note":"","_monsterinsights_sitenote_category":0,"_uf_show_specific_survey":0,"_uf_disable_surveys":false,"_joinchat":[]},"etheme_brands":[],"product_brand":[],"product_cat":[18],"product_tag":[],"class_list":{"0":"post-25003","1":"product","2":"type-product","3":"status-publish","4":"has-post-thumbnail","6":"product_cat-mujer","7":"product_shipping_class-envio-a-lima-y-provincia","9":"first","10":"instock","11":"sale","12":"featured","13":"shipping-taxable","14":"purchasable","15":"product-type-variable"},"aioseo_notices":[],"_links":{"self":[{"href":"https:\/\/jnksport.com\/en\/wp-json\/wp\/v2\/product\/25003","targetHints":{"allow":["GET"]}}],"collection":[{"href":"https:\/\/jnksport.com\/en\/wp-json\/wp\/v2\/product"}],"about":[{"href":"https:\/\/jnksport.com\/en\/wp-json\/wp\/v2\/types\/product"}],"replies":[{"embeddable":true,"href":"https:\/\/jnksport.com\/en\/wp-json\/wp\/v2\/comments?post=25003"}],"version-history":[{"count":0,"href":"https:\/\/jnksport.com\/en\/wp-json\/wp\/v2\/product\/25003\/revisions"}],"wp:featuredmedia":[{"embeddable":true,"href":"https:\/\/jnksport.com\/en\/wp-json\/wp\/v2\/media\/24393"}],"wp:attachment":[{"href":"https:\/\/jnksport.com\/en\/wp-json\/wp\/v2\/media?parent=25003"}],"wp:term":[{"taxonomy":"brand","embeddable":true,"href":"https:\/\/jnksport.com\/en\/wp-json\/wp\/v2\/etheme_brands?post=25003"},{"taxonomy":"product_brand","embeddable":true,"href":"https:\/\/jnksport.com\/en\/wp-json\/wp\/v2\/product_brand?post=25003"},{"taxonomy":"product_cat","embeddable":true,"href":"https:\/\/jnksport.com\/en\/wp-json\/wp\/v2\/product_cat?post=25003"},{"taxonomy":"product_tag","embeddable":true,"href":"https:\/\/jnksport.com\/en\/wp-json\/wp\/v2\/product_tag?post=25003"}],"curies":[{"name":"wp","href":"https:\/\/api.w.org\/{rel}","templated":true}]}}