{"id":25065,"date":"2024-02-15T08:22:18","date_gmt":"2024-02-15T08:22:18","guid":{"rendered":"https:\/\/jnksport.com\/?post_type=product&#038;p=25065"},"modified":"2026-03-14T15:19:18","modified_gmt":"2026-03-14T15:19:18","slug":"zapatilla-converse-ct-as-lugged-2-0-a00870-para-mujer","status":"publish","type":"product","link":"https:\/\/jnksport.com\/en\/product\/zapatilla-converse-ct-as-lugged-2-0-a00870-para-mujer\/","title":{"rendered":"Zapatilla Converse \u00a0Ct As Lugged 2.0 A00870 para Mujer"},"content":{"rendered":"<div>Con una parte superior de lona y un forro de malla transpirable, estas plataformas con tacos tienen una pared lateral de goma m\u00e1s alta para mayor protecci\u00f3n y colores neutrales cl\u00e1sicos que combinan f\u00e1cilmente con cualquier outfit en tu armario.<\/div>\n<div><\/div>\n<div>Detalles:<\/div>\n<div><\/div>\n<div>\n<ul>\n<li>Zapatilla-bot\u00edn de plataforma con parte superior de lona<\/li>\n<li>C\u00f3moda amortiguaci\u00f3n OrthoLite<\/li>\n<li>Forro de malla lo mantiene transpirable<\/li>\n<li>Suela de goma con tacos para mayor tracci\u00f3n<\/li>\n<li>Parche en el tobillo<\/li>\n<li>Color: Negro<\/li>\n<li>Estilo: Urbano<\/li>\n<li>Tipo de ca\u00f1a: Ca\u00f1a alta<\/li>\n<li>Marca: Converse<\/li>\n<\/ul>\n<\/div>","protected":false},"excerpt":{"rendered":"<p>Con una parte superior de lona y un forro de malla transpirable, estas plataformas con tacos tienen una pared lateral de goma m\u00e1s alta para&#8230;<\/p>","protected":false},"featured_media":23335,"comment_status":"open","ping_status":"closed","template":"","meta":{"om_disable_all_campaigns":false,"_monsterinsights_skip_tracking":false,"_monsterinsights_sitenote_active":false,"_monsterinsights_sitenote_note":"","_monsterinsights_sitenote_category":0,"_uf_show_specific_survey":0,"_uf_disable_surveys":false,"_joinchat":[]},"etheme_brands":[],"product_brand":[],"product_cat":[18],"product_tag":[],"class_list":{"0":"post-25065","1":"product","2":"type-product","3":"status-publish","4":"has-post-thumbnail","6":"product_cat-mujer","7":"product_shipping_class-envio-a-lima-y-provincia","9":"first","10":"instock","11":"sale","12":"featured","13":"shipping-taxable","14":"purchasable","15":"product-type-variable"},"aioseo_notices":[],"_links":{"self":[{"href":"https:\/\/jnksport.com\/en\/wp-json\/wp\/v2\/product\/25065","targetHints":{"allow":["GET"]}}],"collection":[{"href":"https:\/\/jnksport.com\/en\/wp-json\/wp\/v2\/product"}],"about":[{"href":"https:\/\/jnksport.com\/en\/wp-json\/wp\/v2\/types\/product"}],"replies":[{"embeddable":true,"href":"https:\/\/jnksport.com\/en\/wp-json\/wp\/v2\/comments?post=25065"}],"version-history":[{"count":0,"href":"https:\/\/jnksport.com\/en\/wp-json\/wp\/v2\/product\/25065\/revisions"}],"wp:featuredmedia":[{"embeddable":true,"href":"https:\/\/jnksport.com\/en\/wp-json\/wp\/v2\/media\/23335"}],"wp:attachment":[{"href":"https:\/\/jnksport.com\/en\/wp-json\/wp\/v2\/media?parent=25065"}],"wp:term":[{"taxonomy":"brand","embeddable":true,"href":"https:\/\/jnksport.com\/en\/wp-json\/wp\/v2\/etheme_brands?post=25065"},{"taxonomy":"product_brand","embeddable":true,"href":"https:\/\/jnksport.com\/en\/wp-json\/wp\/v2\/product_brand?post=25065"},{"taxonomy":"product_cat","embeddable":true,"href":"https:\/\/jnksport.com\/en\/wp-json\/wp\/v2\/product_cat?post=25065"},{"taxonomy":"product_tag","embeddable":true,"href":"https:\/\/jnksport.com\/en\/wp-json\/wp\/v2\/product_tag?post=25065"}],"curies":[{"name":"wp","href":"https:\/\/api.w.org\/{rel}","templated":true}]}}