{"id":25081,"date":"2024-02-15T08:22:30","date_gmt":"2024-02-15T08:22:30","guid":{"rendered":"https:\/\/jnksport.com\/?post_type=product&#038;p=25081"},"modified":"2026-03-13T22:00:11","modified_gmt":"2026-03-13T22:00:11","slug":"zapatilla-converse-ct-as-snake-ox-a00932-para-ninos","status":"publish","type":"product","link":"https:\/\/jnksport.com\/en\/product\/zapatilla-converse-ct-as-snake-ox-a00932-para-ninos\/","title":{"rendered":"Zapatilla Converse Ct As Snake Ox A00932 para Ni\u00f1os"},"content":{"rendered":"<ul>Inspir\u00e1ndose en esa famosa criatura del desierto, la serpiente, colores y gr\u00e1ficos que fomentan la exploraci\u00f3n. Un llamativo estampado de serpiente se abre camino a trav\u00e9s de la lona, dejando una impresi\u00f3n en relieve a lo largo del tal\u00f3n. El look se completa con elementos de dise\u00f1o cl\u00e1sicos, como una puntera de caucho con patr\u00f3n de diamantes.<\/p>\n<li>Choclo de lona.<\/li>\n<li>Estampado de serpiente brillante sobre todo el lienzo.<\/li>\n<li>Estampado de serpiente en relieve en el tal\u00f3n que aporta estilo.<\/li>\n<li>Plantilla SmartFOAM para mayor comodidad.<\/li>\n<li>Codigo: A00932<\/li>\n<li>Modelo: Ct As Snake Ox<\/li>\n<li>G\u00e9nero: Ni\u00f1os<\/li>\n<li>Estilo: Urbano<\/li>\n<li>Cierre: Cordones<\/li>\n<li>Material: Textil<\/li>\n<li>Color: Negro<\/li>\n<li>Material de la Suela: Caucho<\/li>\n<\/ul>","protected":false},"excerpt":{"rendered":"<p>Inspir\u00e1ndose en esa famosa criatura del desierto, la serpiente, colores y gr\u00e1ficos que fomentan la exploraci\u00f3n. Un llamativo estampado de serpiente se abre camino a&#8230;<\/p>","protected":false},"featured_media":24399,"comment_status":"open","ping_status":"closed","template":"","meta":{"om_disable_all_campaigns":false,"_monsterinsights_skip_tracking":false,"_monsterinsights_sitenote_active":false,"_monsterinsights_sitenote_note":"","_monsterinsights_sitenote_category":0,"_uf_show_specific_survey":0,"_uf_disable_surveys":false,"_joinchat":[]},"etheme_brands":[],"product_brand":[],"product_cat":[19],"product_tag":[],"class_list":{"0":"post-25081","1":"product","2":"type-product","3":"status-publish","4":"has-post-thumbnail","6":"product_cat-hombre","7":"product_shipping_class-envio-a-lima-y-provincia","9":"first","10":"instock","11":"sale","12":"featured","13":"shipping-taxable","14":"purchasable","15":"product-type-variable"},"aioseo_notices":[],"_links":{"self":[{"href":"https:\/\/jnksport.com\/en\/wp-json\/wp\/v2\/product\/25081","targetHints":{"allow":["GET"]}}],"collection":[{"href":"https:\/\/jnksport.com\/en\/wp-json\/wp\/v2\/product"}],"about":[{"href":"https:\/\/jnksport.com\/en\/wp-json\/wp\/v2\/types\/product"}],"replies":[{"embeddable":true,"href":"https:\/\/jnksport.com\/en\/wp-json\/wp\/v2\/comments?post=25081"}],"version-history":[{"count":0,"href":"https:\/\/jnksport.com\/en\/wp-json\/wp\/v2\/product\/25081\/revisions"}],"wp:featuredmedia":[{"embeddable":true,"href":"https:\/\/jnksport.com\/en\/wp-json\/wp\/v2\/media\/24399"}],"wp:attachment":[{"href":"https:\/\/jnksport.com\/en\/wp-json\/wp\/v2\/media?parent=25081"}],"wp:term":[{"taxonomy":"brand","embeddable":true,"href":"https:\/\/jnksport.com\/en\/wp-json\/wp\/v2\/etheme_brands?post=25081"},{"taxonomy":"product_brand","embeddable":true,"href":"https:\/\/jnksport.com\/en\/wp-json\/wp\/v2\/product_brand?post=25081"},{"taxonomy":"product_cat","embeddable":true,"href":"https:\/\/jnksport.com\/en\/wp-json\/wp\/v2\/product_cat?post=25081"},{"taxonomy":"product_tag","embeddable":true,"href":"https:\/\/jnksport.com\/en\/wp-json\/wp\/v2\/product_tag?post=25081"}],"curies":[{"name":"wp","href":"https:\/\/api.w.org\/{rel}","templated":true}]}}