{"id":25086,"date":"2024-02-15T08:22:34","date_gmt":"2024-02-15T08:22:34","guid":{"rendered":"https:\/\/jnksport.com\/?post_type=product&#038;p=25086"},"modified":"2025-11-14T22:46:51","modified_gmt":"2025-11-14T22:46:51","slug":"zapatilla-converse-ct-as-pokemon-a01229-para-ninas","status":"publish","type":"product","link":"https:\/\/jnksport.com\/en\/product\/zapatilla-converse-ct-as-pokemon-a01229-para-ninas\/","title":{"rendered":"Zapatilla Converse  Ct As Pokemon A01229 para Ni\u00f1as"},"content":{"rendered":"<p>Converse celebra los 25 a\u00f1os de Pok\u00e9mon con las OG Chucks. Con una impresi\u00f3n digital en polvo sobre negro, un elenco de Pok\u00e9mon del primer compa\u00f1ero se apodera del lienzo cl\u00e1sico y complementa detalles personalizados como el parche de Pok\u00e9 Ball en el tobillo, el ojal superior y el gr\u00e1fico de la lengua de Pok\u00e9mon. Alimenta tu nostalgia y trae una nueva generaci\u00f3n a la diversi\u00f3n con Converse x Pok\u00e9mon All Stars.<\/p>\n<ul><\/ul>\n<p>DETALLES DEL PRODUCTO&nbsp;<\/p>\n<ul>\n<li>Zapatillas altas para celebraci\u00f3n del 25\u00ba aniversario de Pok\u00e9mon con parte superior de lona negra<\/li>\n<li>Gr\u00e1ficos de Pok\u00e9mon con impresi\u00f3n digital en polvo Pok\u00e9 Ball&nbsp;<\/li>\n<li>Parche en el tobillo Chuck Taylor y ojal en la parte superior<\/li>\n<li>Detalle de rayo en la placa<\/li>\n<li>Marca denominativa de Pok\u00e9mon en la correa de velcro<\/li>\n<li>Marca: Converse<\/li>\n<li>Codigo: A01229<\/li>\n<li>Modelo:  Ct As Pokemon<\/li>\n<li>G\u00e9nero: Ni\u00f1as<\/li>\n<li>Estilo: Urbano<\/li>\n<li>Cierre: Cordones<\/li>\n<li>Material: Textil<\/li>\n<li>Color: Negro<\/li>\n<li>Material de la Suela: Caucho<\/li>\n<\/ul>","protected":false},"excerpt":{"rendered":"<p>Converse celebra los 25 a\u00f1os de Pok\u00e9mon con las OG Chucks. Con una impresi\u00f3n digital en polvo sobre negro, un elenco de Pok\u00e9mon del primer&#8230;<\/p>","protected":false},"featured_media":23347,"comment_status":"open","ping_status":"closed","template":"","meta":{"om_disable_all_campaigns":false,"_monsterinsights_skip_tracking":false,"_monsterinsights_sitenote_active":false,"_monsterinsights_sitenote_note":"","_monsterinsights_sitenote_category":0,"_uf_show_specific_survey":0,"_uf_disable_surveys":false,"_joinchat":[]},"etheme_brands":[],"product_brand":[],"product_cat":[159],"product_tag":[],"class_list":{"0":"post-25086","1":"product","2":"type-product","3":"status-publish","4":"has-post-thumbnail","6":"product_cat-ninos","7":"product_shipping_class-envio-a-lima-y-provincia","9":"first","10":"instock","11":"sale","12":"featured","13":"shipping-taxable","14":"purchasable","15":"product-type-variable"},"aioseo_notices":[],"_links":{"self":[{"href":"https:\/\/jnksport.com\/en\/wp-json\/wp\/v2\/product\/25086","targetHints":{"allow":["GET"]}}],"collection":[{"href":"https:\/\/jnksport.com\/en\/wp-json\/wp\/v2\/product"}],"about":[{"href":"https:\/\/jnksport.com\/en\/wp-json\/wp\/v2\/types\/product"}],"replies":[{"embeddable":true,"href":"https:\/\/jnksport.com\/en\/wp-json\/wp\/v2\/comments?post=25086"}],"version-history":[{"count":0,"href":"https:\/\/jnksport.com\/en\/wp-json\/wp\/v2\/product\/25086\/revisions"}],"wp:featuredmedia":[{"embeddable":true,"href":"https:\/\/jnksport.com\/en\/wp-json\/wp\/v2\/media\/23347"}],"wp:attachment":[{"href":"https:\/\/jnksport.com\/en\/wp-json\/wp\/v2\/media?parent=25086"}],"wp:term":[{"taxonomy":"brand","embeddable":true,"href":"https:\/\/jnksport.com\/en\/wp-json\/wp\/v2\/etheme_brands?post=25086"},{"taxonomy":"product_brand","embeddable":true,"href":"https:\/\/jnksport.com\/en\/wp-json\/wp\/v2\/product_brand?post=25086"},{"taxonomy":"product_cat","embeddable":true,"href":"https:\/\/jnksport.com\/en\/wp-json\/wp\/v2\/product_cat?post=25086"},{"taxonomy":"product_tag","embeddable":true,"href":"https:\/\/jnksport.com\/en\/wp-json\/wp\/v2\/product_tag?post=25086"}],"curies":[{"name":"wp","href":"https:\/\/api.w.org\/{rel}","templated":true}]}}