{"id":25120,"date":"2024-02-15T08:22:58","date_gmt":"2024-02-15T08:22:58","guid":{"rendered":"https:\/\/jnksport.com\/?post_type=product&#038;p=25120"},"modified":"2026-04-25T19:59:23","modified_gmt":"2026-04-25T19:59:23","slug":"zapatilla-converse-chuck-taylor-a02455-para-ninos","status":"publish","type":"product","link":"https:\/\/jnksport.com\/en\/product\/zapatilla-converse-chuck-taylor-a02455-para-ninos\/","title":{"rendered":"Zapatilla Converse Chuck Taylor A02455 para Ni\u00f1os"},"content":{"rendered":"<ul>El icono, ahora para ni\u00f1os. Con una plantilla acolchada SmartFOAM y correas f\u00e1ciles de poner y quitar. Un estampado inspirado en el desierto con veh\u00edculos todo terreno, caimanes y m\u00e1s. Adem\u00e1s con elementos cl\u00e1sicos, como una suela exterior con patr\u00f3n de diamantes y una etiqueta de leng\u00fceta tejida \u00abAll Star\u00bb.<\/p>\n<li>Zapatilla con parte superior de lona<\/li>\n<li>Estampado inspirado en el desierto<\/li>\n<li>Dos correas f\u00e1ciles de poner<\/li>\n<li>C\u00f3moda plantilla SmartFOAM<\/li>\n<li>Marca: Converse<\/li>\n<li>Codigo: A02455<\/li>\n<li>Modelo: Chuck Taylor<\/li>\n<li>G\u00e9nero: Ni\u00f1os<\/li>\n<li>Estilo: Urbano<\/li>\n<li>Cierre: Cordones<\/li>\n<li>Material: Textil<\/li>\n<li>Color: Blanco<\/li>\n<li>Material de la Suela: Caucho<\/li>\n<\/ul>","protected":false},"excerpt":{"rendered":"<p>El icono, ahora para ni\u00f1os. Con una plantilla acolchada SmartFOAM y correas f\u00e1ciles de poner y quitar. Un estampado inspirado en el desierto con veh\u00edculos&#8230;<\/p>","protected":false},"featured_media":23379,"comment_status":"open","ping_status":"closed","template":"","meta":{"om_disable_all_campaigns":false,"_monsterinsights_skip_tracking":false,"_monsterinsights_sitenote_active":false,"_monsterinsights_sitenote_note":"","_monsterinsights_sitenote_category":0,"_uf_show_specific_survey":0,"_uf_disable_surveys":false,"_joinchat":[]},"etheme_brands":[],"product_brand":[],"product_cat":[159],"product_tag":[],"class_list":{"0":"post-25120","1":"product","2":"type-product","3":"status-publish","4":"has-post-thumbnail","6":"product_cat-ninos","7":"product_shipping_class-envio-a-lima-y-provincia","9":"first","10":"instock","11":"sale","12":"featured","13":"shipping-taxable","14":"purchasable","15":"product-type-variable"},"aioseo_notices":[],"_links":{"self":[{"href":"https:\/\/jnksport.com\/en\/wp-json\/wp\/v2\/product\/25120","targetHints":{"allow":["GET"]}}],"collection":[{"href":"https:\/\/jnksport.com\/en\/wp-json\/wp\/v2\/product"}],"about":[{"href":"https:\/\/jnksport.com\/en\/wp-json\/wp\/v2\/types\/product"}],"replies":[{"embeddable":true,"href":"https:\/\/jnksport.com\/en\/wp-json\/wp\/v2\/comments?post=25120"}],"version-history":[{"count":0,"href":"https:\/\/jnksport.com\/en\/wp-json\/wp\/v2\/product\/25120\/revisions"}],"wp:featuredmedia":[{"embeddable":true,"href":"https:\/\/jnksport.com\/en\/wp-json\/wp\/v2\/media\/23379"}],"wp:attachment":[{"href":"https:\/\/jnksport.com\/en\/wp-json\/wp\/v2\/media?parent=25120"}],"wp:term":[{"taxonomy":"brand","embeddable":true,"href":"https:\/\/jnksport.com\/en\/wp-json\/wp\/v2\/etheme_brands?post=25120"},{"taxonomy":"product_brand","embeddable":true,"href":"https:\/\/jnksport.com\/en\/wp-json\/wp\/v2\/product_brand?post=25120"},{"taxonomy":"product_cat","embeddable":true,"href":"https:\/\/jnksport.com\/en\/wp-json\/wp\/v2\/product_cat?post=25120"},{"taxonomy":"product_tag","embeddable":true,"href":"https:\/\/jnksport.com\/en\/wp-json\/wp\/v2\/product_tag?post=25120"}],"curies":[{"name":"wp","href":"https:\/\/api.w.org\/{rel}","templated":true}]}}