{"id":25121,"date":"2024-02-15T08:22:58","date_gmt":"2024-02-15T08:22:58","guid":{"rendered":"https:\/\/jnksport.com\/?post_type=product&#038;p=25121"},"modified":"2025-11-14T22:46:52","modified_gmt":"2025-11-14T22:46:52","slug":"zapatilla-converse-chuck-taylor-a02784-para-mujer","status":"publish","type":"product","link":"https:\/\/jnksport.com\/en\/product\/zapatilla-converse-chuck-taylor-a02784-para-mujer\/","title":{"rendered":"Zapatilla Converse Chuck Taylor A02784 para Mujer"},"content":{"rendered":"<p>Las Chuck Taylor All Star contin\u00faan reinvent\u00e1ndose, con colores primaverales de tendencia y lienzos con visi\u00f3n de futuro. Ya conoces los detalles que comenzaron en la cancha de baloncesto: la suela con patr\u00f3n de rombos y el cl\u00e1sico parche de estrella en el tobillo. La amortiguaci\u00f3n OrthoLite te brinda comodidad durante todo el d\u00eda. El estilo cl\u00e1sico se complementa con elementos de dise\u00f1o tradicionales, como un protector de goma en la puntera y un ic\u00f3nico parche de estrella en el tobillo.Zapato alto con parte superior de lona de algod\u00f3n.<\/p>\n<div><\/p>\n<ul>\n<li>Amortiguaci\u00f3n OrthoLite para comodidad durante todo el d\u00eda<\/li>\n<li>Detalles de dise\u00f1o tradicional, como puntera y protector de goma en la puntera<\/li>\n<li>Cordones de algod\u00f3n duraderos<\/li>\n<li>Parche cl\u00e1sico de estrella en el tobillo<\/li>\n<li>Codigo: A02784<\/li>\n<li>Modelo: Chuck Taylor<\/li>\n<li>G\u00e9nero: Mujer<\/li>\n<li>Estilo: Urbano<\/li>\n<li>Cierre: Cordones<\/li>\n<li>Material: Textil<\/li>\n<li>Color: Rosado<\/li>\n<li>Material de la Suela: Caucho<\/li>\n<\/ul>\n<\/div>","protected":false},"excerpt":{"rendered":"<p>Las Chuck Taylor All Star contin\u00faan reinvent\u00e1ndose, con colores primaverales de tendencia y lienzos con visi\u00f3n de futuro. Ya conoces los detalles que comenzaron en&#8230;<\/p>","protected":false},"featured_media":23383,"comment_status":"open","ping_status":"closed","template":"","meta":{"om_disable_all_campaigns":false,"_monsterinsights_skip_tracking":false,"_monsterinsights_sitenote_active":false,"_monsterinsights_sitenote_note":"","_monsterinsights_sitenote_category":0,"_uf_show_specific_survey":0,"_uf_disable_surveys":false,"_joinchat":[]},"etheme_brands":[],"product_brand":[],"product_cat":[18],"product_tag":[],"class_list":{"0":"post-25121","1":"product","2":"type-product","3":"status-publish","4":"has-post-thumbnail","6":"product_cat-mujer","7":"product_shipping_class-envio-a-lima-y-provincia","9":"first","10":"instock","11":"featured","12":"shipping-taxable","13":"purchasable","14":"product-type-variable"},"aioseo_notices":[],"_links":{"self":[{"href":"https:\/\/jnksport.com\/en\/wp-json\/wp\/v2\/product\/25121","targetHints":{"allow":["GET"]}}],"collection":[{"href":"https:\/\/jnksport.com\/en\/wp-json\/wp\/v2\/product"}],"about":[{"href":"https:\/\/jnksport.com\/en\/wp-json\/wp\/v2\/types\/product"}],"replies":[{"embeddable":true,"href":"https:\/\/jnksport.com\/en\/wp-json\/wp\/v2\/comments?post=25121"}],"version-history":[{"count":0,"href":"https:\/\/jnksport.com\/en\/wp-json\/wp\/v2\/product\/25121\/revisions"}],"wp:featuredmedia":[{"embeddable":true,"href":"https:\/\/jnksport.com\/en\/wp-json\/wp\/v2\/media\/23383"}],"wp:attachment":[{"href":"https:\/\/jnksport.com\/en\/wp-json\/wp\/v2\/media?parent=25121"}],"wp:term":[{"taxonomy":"brand","embeddable":true,"href":"https:\/\/jnksport.com\/en\/wp-json\/wp\/v2\/etheme_brands?post=25121"},{"taxonomy":"product_brand","embeddable":true,"href":"https:\/\/jnksport.com\/en\/wp-json\/wp\/v2\/product_brand?post=25121"},{"taxonomy":"product_cat","embeddable":true,"href":"https:\/\/jnksport.com\/en\/wp-json\/wp\/v2\/product_cat?post=25121"},{"taxonomy":"product_tag","embeddable":true,"href":"https:\/\/jnksport.com\/en\/wp-json\/wp\/v2\/product_tag?post=25121"}],"curies":[{"name":"wp","href":"https:\/\/api.w.org\/{rel}","templated":true}]}}