{"id":25123,"date":"2024-02-15T08:22:58","date_gmt":"2024-02-15T08:22:58","guid":{"rendered":"https:\/\/jnksport.com\/?post_type=product&#038;p=25123"},"modified":"2025-11-14T22:46:52","modified_gmt":"2025-11-14T22:46:52","slug":"zapatilla-converse-ct-as-metals-ox-a03249-para-mujer","status":"publish","type":"product","link":"https:\/\/jnksport.com\/en\/product\/zapatilla-converse-ct-as-metals-ox-a03249-para-mujer\/","title":{"rendered":"Zapatilla Converse Ct As Metals Ox A03249 para Mujer"},"content":{"rendered":"<div>Zapatilla Converse Ct As Metals Ox&nbsp;<\/div>\n<div><\/div>\n<p>El estilo cl\u00e1sico se complementa con elementos de dise\u00f1o tradicionales, como un protector de goma en la puntera y un ic\u00f3nico parche de estrella en el tobillo.<\/p>\n<ul>\n<li>Marca: Converse<\/li>\n<li>Codigo: A03249<\/li>\n<li>Modelo: Ct As Metals Ox<\/li>\n<li>G\u00e9nero: Mujer<\/li>\n<li>Estilo: Urbano<\/li>\n<li>Cierre: Cordones<\/li>\n<li>Material: Textil<\/li>\n<li>Color: Guinda<\/li>\n<li>Material de la Suela: Caucho<\/li>\n<li style=\"border-radius: 0px !important; box-sizing: border-box; transition: opacity 0.25s ease-in-out 0s; margin: 0px; padding: 0px; border: 0px; font: inherit;\"><span>Detalles de dise\u00f1o tradicional, como puntera y protector de goma en la puntera<\/span><\/li>\n<\/ul>","protected":false},"excerpt":{"rendered":"<p>Zapatilla Converse Ct As Metals Ox&nbsp; El estilo cl\u00e1sico se complementa con elementos de dise\u00f1o tradicionales, como un protector de goma en la puntera y&#8230;<\/p>","protected":false},"featured_media":23395,"comment_status":"open","ping_status":"closed","template":"","meta":{"om_disable_all_campaigns":false,"_monsterinsights_skip_tracking":false,"_monsterinsights_sitenote_active":false,"_monsterinsights_sitenote_note":"","_monsterinsights_sitenote_category":0,"_uf_show_specific_survey":0,"_uf_disable_surveys":false,"_joinchat":[]},"etheme_brands":[],"product_brand":[],"product_cat":[18],"product_tag":[],"class_list":{"0":"post-25123","1":"product","2":"type-product","3":"status-publish","4":"has-post-thumbnail","6":"product_cat-mujer","7":"product_shipping_class-envio-a-lima-y-provincia","9":"first","10":"instock","11":"sale","12":"featured","13":"shipping-taxable","14":"purchasable","15":"product-type-variable"},"aioseo_notices":[],"_links":{"self":[{"href":"https:\/\/jnksport.com\/en\/wp-json\/wp\/v2\/product\/25123","targetHints":{"allow":["GET"]}}],"collection":[{"href":"https:\/\/jnksport.com\/en\/wp-json\/wp\/v2\/product"}],"about":[{"href":"https:\/\/jnksport.com\/en\/wp-json\/wp\/v2\/types\/product"}],"replies":[{"embeddable":true,"href":"https:\/\/jnksport.com\/en\/wp-json\/wp\/v2\/comments?post=25123"}],"version-history":[{"count":0,"href":"https:\/\/jnksport.com\/en\/wp-json\/wp\/v2\/product\/25123\/revisions"}],"wp:featuredmedia":[{"embeddable":true,"href":"https:\/\/jnksport.com\/en\/wp-json\/wp\/v2\/media\/23395"}],"wp:attachment":[{"href":"https:\/\/jnksport.com\/en\/wp-json\/wp\/v2\/media?parent=25123"}],"wp:term":[{"taxonomy":"brand","embeddable":true,"href":"https:\/\/jnksport.com\/en\/wp-json\/wp\/v2\/etheme_brands?post=25123"},{"taxonomy":"product_brand","embeddable":true,"href":"https:\/\/jnksport.com\/en\/wp-json\/wp\/v2\/product_brand?post=25123"},{"taxonomy":"product_cat","embeddable":true,"href":"https:\/\/jnksport.com\/en\/wp-json\/wp\/v2\/product_cat?post=25123"},{"taxonomy":"product_tag","embeddable":true,"href":"https:\/\/jnksport.com\/en\/wp-json\/wp\/v2\/product_tag?post=25123"}],"curies":[{"name":"wp","href":"https:\/\/api.w.org\/{rel}","templated":true}]}}