{"id":25143,"date":"2024-02-15T08:23:10","date_gmt":"2024-02-15T08:23:10","guid":{"rendered":"https:\/\/jnksport.com\/?post_type=product&#038;p=25143"},"modified":"2025-11-14T22:49:12","modified_gmt":"2025-11-14T22:49:12","slug":"zapatilla-converse-chuck-taylor-a03585-para-ninos","status":"publish","type":"product","link":"https:\/\/jnksport.com\/en\/product\/zapatilla-converse-chuck-taylor-a03585-para-ninos\/","title":{"rendered":"Zapatilla Converse Chuck Taylor A03585 para Ni\u00f1os"},"content":{"rendered":"<p>El modelo Converse Chuck Taylor All Star 1v A03585C llama la atenci\u00f3n por su dise\u00f1o original y, al mismo tiempo, por una distribuci\u00f3n de acentos coherente y reflexiva: los dise\u00f1adores se han adaptado a las tendencias de la moda actuales. Las Converse Chuck Taylor All Star 1v tambi\u00e9n se caracterizan por su excelente acabado. La parte superior merece una atenci\u00f3n especial, est\u00e1 hecha de un componente (tela) que garantiza una ventilaci\u00f3n adecuada y se adapta perfectamente a la pierna. Las soluciones innovadoras utilizadas como elementos estructurales son responsables del confort. La suela tambi\u00e9n es un elemento muy importante en el calzado de uso diario. En este modelo, Converse es duradero, flexible y ofrece un buen agarre (tambi\u00e9n en superficies resbaladizas): est\u00e1 hecho de un compuesto duradero y resistente a la abrasi\u00f3n. El perfil de protecci\u00f3n t\u00e9rmica de este modelo se ha ajustado durante todo el a\u00f1o. Los zapatos universales Converse para ni\u00f1os son el resultado de muchos a\u00f1os de experiencia de dise\u00f1adores y cientos de pruebas: el resultado final es comodidad y confianza en cada paso.<\/p>\n<ul>\n<li>Codigo: A03585<\/li>\n<li>Modelo: Chuck Taylor<\/li>\n<li>G\u00e9nero: Ni\u00f1os<\/li>\n<li>Estilo: Urbano<\/li>\n<li>Cierre: Cordones<\/li>\n<li>Material: Textil<\/li>\n<li>Color: Celeste<\/li>\n<li>Material de la Suela: Caucho<\/li>\n<\/ul>","protected":false},"excerpt":{"rendered":"<p>El modelo Converse Chuck Taylor All Star 1v A03585C llama la atenci\u00f3n por su dise\u00f1o original y, al mismo tiempo, por una distribuci\u00f3n de acentos&#8230;<\/p>","protected":false},"featured_media":23423,"comment_status":"open","ping_status":"closed","template":"","meta":{"om_disable_all_campaigns":false,"_monsterinsights_skip_tracking":false,"_monsterinsights_sitenote_active":false,"_monsterinsights_sitenote_note":"","_monsterinsights_sitenote_category":0,"_uf_show_specific_survey":0,"_uf_disable_surveys":false,"_joinchat":[]},"etheme_brands":[],"product_brand":[],"product_cat":[159],"product_tag":[],"class_list":{"0":"post-25143","1":"product","2":"type-product","3":"status-publish","4":"has-post-thumbnail","6":"product_cat-ninos","7":"product_shipping_class-envio-a-lima-y-provincia","9":"first","10":"instock","11":"sale","12":"featured","13":"shipping-taxable","14":"purchasable","15":"product-type-variable"},"aioseo_notices":[],"_links":{"self":[{"href":"https:\/\/jnksport.com\/en\/wp-json\/wp\/v2\/product\/25143","targetHints":{"allow":["GET"]}}],"collection":[{"href":"https:\/\/jnksport.com\/en\/wp-json\/wp\/v2\/product"}],"about":[{"href":"https:\/\/jnksport.com\/en\/wp-json\/wp\/v2\/types\/product"}],"replies":[{"embeddable":true,"href":"https:\/\/jnksport.com\/en\/wp-json\/wp\/v2\/comments?post=25143"}],"version-history":[{"count":0,"href":"https:\/\/jnksport.com\/en\/wp-json\/wp\/v2\/product\/25143\/revisions"}],"wp:featuredmedia":[{"embeddable":true,"href":"https:\/\/jnksport.com\/en\/wp-json\/wp\/v2\/media\/23423"}],"wp:attachment":[{"href":"https:\/\/jnksport.com\/en\/wp-json\/wp\/v2\/media?parent=25143"}],"wp:term":[{"taxonomy":"brand","embeddable":true,"href":"https:\/\/jnksport.com\/en\/wp-json\/wp\/v2\/etheme_brands?post=25143"},{"taxonomy":"product_brand","embeddable":true,"href":"https:\/\/jnksport.com\/en\/wp-json\/wp\/v2\/product_brand?post=25143"},{"taxonomy":"product_cat","embeddable":true,"href":"https:\/\/jnksport.com\/en\/wp-json\/wp\/v2\/product_cat?post=25143"},{"taxonomy":"product_tag","embeddable":true,"href":"https:\/\/jnksport.com\/en\/wp-json\/wp\/v2\/product_tag?post=25143"}],"curies":[{"name":"wp","href":"https:\/\/api.w.org\/{rel}","templated":true}]}}