{"id":25289,"date":"2024-02-15T08:24:57","date_gmt":"2024-02-15T08:24:57","guid":{"rendered":"https:\/\/jnksport.com\/?post_type=product&#038;p=25289"},"modified":"2026-04-29T22:31:53","modified_gmt":"2026-04-29T22:31:53","slug":"zapatilla-converse-chuck-taylor-a05257-para-mujer","status":"publish","type":"product","link":"https:\/\/jnksport.com\/en\/product\/zapatilla-converse-chuck-taylor-a05257-para-mujer\/","title":{"rendered":"Zapatilla Converse Chuck Taylor A05257 para Mujer"},"content":{"rendered":"<div>\n<ul>\n<li><span style=\"font-size: medium;\"><span style=\"font-family: Roboto-Regular, sans-serif;\">Zapatillas de corte alto con plataforma y parte superior de lona de algod\u00f3n de 340 g.&nbsp;<\/span><\/span><\/li>\n<li><span style=\"font-size: medium;\"><span style=\"font-family: Roboto-Regular, sans-serif;\">Amortiguaci\u00f3n OrthoLite para m\u00e1s comodidad durante todo el d\u00eda.&nbsp;<\/span><\/span><\/li>\n<li><span style=\"font-size: medium;\"><span style=\"font-family: Roboto-Regular, sans-serif;\">Caparaz\u00f3n de tortuga para un estilo atemporal.&nbsp;<\/span><\/span><\/li>\n<li><span style=\"font-size: medium;\"><span style=\"font-family: Roboto-Regular, sans-serif;\">Ojales con estampado de tortuga para un toque especial.&nbsp;<\/span><\/span><\/li>\n<li><span style=\"font-size: medium;\"><span style=\"font-family: Roboto-Regular, sans-serif;\">Parche del tobillo de goma que revela un estampado de tortuga.<\/span><\/span><\/li>\n<li><span style=\"font-size: medium;\">Codigo: A05257<\/span><\/li>\n<li><span style=\"font-size: medium;\">Modelo: Chuck Taylor<\/span><\/li>\n<li><span style=\"font-size: medium;\">G\u00e9nero: Mujer<\/span><\/li>\n<li><span style=\"font-size: medium;\">Estilo: Urbano<\/span><\/li>\n<li><span style=\"font-size: medium;\">Cierre: Cordones<\/span><\/li>\n<li><span style=\"font-size: medium;\">Material: Textil<\/span><\/li>\n<li><span style=\"font-size: medium;\">Color: Negro<\/span><\/li>\n<li><span style=\"font-size: medium;\">Material de la Suela: Caucho<\/span><\/li>\n<\/ul>\n<\/div>","protected":false},"excerpt":{"rendered":"<p>Zapatillas de corte alto con plataforma y parte superior de lona de algod\u00f3n de 340 g.&nbsp; Amortiguaci\u00f3n OrthoLite para m\u00e1s comodidad durante todo el d\u00eda.&nbsp;&#8230;<\/p>","protected":false},"featured_media":23547,"comment_status":"open","ping_status":"closed","template":"","meta":{"om_disable_all_campaigns":false,"_monsterinsights_skip_tracking":false,"_monsterinsights_sitenote_active":false,"_monsterinsights_sitenote_note":"","_monsterinsights_sitenote_category":0,"_uf_show_specific_survey":0,"_uf_disable_surveys":false,"_joinchat":[]},"etheme_brands":[],"product_brand":[],"product_cat":[18],"product_tag":[],"class_list":{"0":"post-25289","1":"product","2":"type-product","3":"status-publish","4":"has-post-thumbnail","6":"product_cat-mujer","7":"product_shipping_class-envio-a-lima-y-provincia","9":"first","10":"instock","11":"sale","12":"featured","13":"shipping-taxable","14":"purchasable","15":"product-type-variable"},"aioseo_notices":[],"_links":{"self":[{"href":"https:\/\/jnksport.com\/en\/wp-json\/wp\/v2\/product\/25289","targetHints":{"allow":["GET"]}}],"collection":[{"href":"https:\/\/jnksport.com\/en\/wp-json\/wp\/v2\/product"}],"about":[{"href":"https:\/\/jnksport.com\/en\/wp-json\/wp\/v2\/types\/product"}],"replies":[{"embeddable":true,"href":"https:\/\/jnksport.com\/en\/wp-json\/wp\/v2\/comments?post=25289"}],"version-history":[{"count":0,"href":"https:\/\/jnksport.com\/en\/wp-json\/wp\/v2\/product\/25289\/revisions"}],"wp:featuredmedia":[{"embeddable":true,"href":"https:\/\/jnksport.com\/en\/wp-json\/wp\/v2\/media\/23547"}],"wp:attachment":[{"href":"https:\/\/jnksport.com\/en\/wp-json\/wp\/v2\/media?parent=25289"}],"wp:term":[{"taxonomy":"brand","embeddable":true,"href":"https:\/\/jnksport.com\/en\/wp-json\/wp\/v2\/etheme_brands?post=25289"},{"taxonomy":"product_brand","embeddable":true,"href":"https:\/\/jnksport.com\/en\/wp-json\/wp\/v2\/product_brand?post=25289"},{"taxonomy":"product_cat","embeddable":true,"href":"https:\/\/jnksport.com\/en\/wp-json\/wp\/v2\/product_cat?post=25289"},{"taxonomy":"product_tag","embeddable":true,"href":"https:\/\/jnksport.com\/en\/wp-json\/wp\/v2\/product_tag?post=25289"}],"curies":[{"name":"wp","href":"https:\/\/api.w.org\/{rel}","templated":true}]}}