{"id":25304,"date":"2024-02-15T08:25:08","date_gmt":"2024-02-15T08:25:08","guid":{"rendered":"https:\/\/jnksport.com\/?post_type=product&#038;p=25304"},"modified":"2025-11-14T22:46:57","modified_gmt":"2025-11-14T22:46:57","slug":"zapatilla-converse-chuck-taylor-a05472-para-ninos","status":"publish","type":"product","link":"https:\/\/jnksport.com\/en\/product\/zapatilla-converse-chuck-taylor-a05472-para-ninos\/","title":{"rendered":"Zapatilla Converse Chuck Taylor A05472 para Ni\u00f1os"},"content":{"rendered":"<div>\n<div class=\"titulo\">Un modelo que rinde homenaje al pasado para avanzar hacia el futuro. Estas zapatillas de corte medio est\u00e1n listas para cualquier cosa, desde explorar las calles de la ciudad hasta jugar en el parque. La leng\u00fceta y la zona del tobillo acolchadas acompa\u00f1ar\u00e1n a tu peque en cualquier situaci\u00f3n. Adem\u00e1s, los elementos el\u00e1sticos a\u00f1adidos en la leng\u00fceta ayudar\u00e1n a tu peque a moverse con libertad cuando llegue la hora de jugar.<\/p>\n<p>Detalles:<\/div>\n<p><span style=\"font-size: small;\"><span style=\"font-size: small;\"><span>Zapatillas de corte medio con parte superior de lona duradera<\/span><\/span><span style=\"font-size: small;\"><span>Amortiguaci\u00f3n de espuma Converse h\u00edbrida para jugar con comodidad<\/span><\/span><span style=\"font-size: small;\"><span>Leng\u00fceta y zona del tobillo acolchadas y elementos el\u00e1sticos en la leng\u00fceta para una mayor comodidad<\/span><\/span><span style=\"font-size: small;\"><span>Red Ripstop en el tal\u00f3n para una mayor durabilidad<\/span><\/span><span style=\"font-size: small;\"><span>Cl\u00e1sico parche All Star en el tobillo<\/span><\/span><span style=\"font-size: small;\">Codigo: A05472<\/span><span style=\"font-size: small;\">Modelo: Chuck Taylor<\/span><span style=\"font-size: small;\">G\u00e9nero: Ni\u00f1os<\/span><span style=\"font-size: small;\">Estilo: Urbano<\/span><span style=\"font-size: small;\">Cierre: Cordones<\/span><span style=\"font-size: small;\">Material: Textil<\/span><span style=\"font-size: small;\">Color: Gris<\/span><span style=\"font-size: small;\">Material de la Suela: Caucho<\/span><\/span><\/div>","protected":false},"excerpt":{"rendered":"<p>Un modelo que rinde homenaje al pasado para avanzar hacia el futuro. Estas zapatillas de corte medio est\u00e1n listas para cualquier cosa, desde explorar las&#8230;<\/p>","protected":false},"featured_media":23555,"comment_status":"open","ping_status":"closed","template":"","meta":{"om_disable_all_campaigns":false,"_monsterinsights_skip_tracking":false,"_monsterinsights_sitenote_active":false,"_monsterinsights_sitenote_note":"","_monsterinsights_sitenote_category":0,"_uf_show_specific_survey":0,"_uf_disable_surveys":false,"_joinchat":[]},"etheme_brands":[],"product_brand":[],"product_cat":[159],"product_tag":[],"class_list":{"0":"post-25304","1":"product","2":"type-product","3":"status-publish","4":"has-post-thumbnail","6":"product_cat-ninos","7":"product_shipping_class-envio-a-lima-y-provincia","9":"first","10":"instock","11":"sale","12":"featured","13":"shipping-taxable","14":"purchasable","15":"product-type-variable"},"aioseo_notices":[],"_links":{"self":[{"href":"https:\/\/jnksport.com\/en\/wp-json\/wp\/v2\/product\/25304","targetHints":{"allow":["GET"]}}],"collection":[{"href":"https:\/\/jnksport.com\/en\/wp-json\/wp\/v2\/product"}],"about":[{"href":"https:\/\/jnksport.com\/en\/wp-json\/wp\/v2\/types\/product"}],"replies":[{"embeddable":true,"href":"https:\/\/jnksport.com\/en\/wp-json\/wp\/v2\/comments?post=25304"}],"version-history":[{"count":0,"href":"https:\/\/jnksport.com\/en\/wp-json\/wp\/v2\/product\/25304\/revisions"}],"wp:featuredmedia":[{"embeddable":true,"href":"https:\/\/jnksport.com\/en\/wp-json\/wp\/v2\/media\/23555"}],"wp:attachment":[{"href":"https:\/\/jnksport.com\/en\/wp-json\/wp\/v2\/media?parent=25304"}],"wp:term":[{"taxonomy":"brand","embeddable":true,"href":"https:\/\/jnksport.com\/en\/wp-json\/wp\/v2\/etheme_brands?post=25304"},{"taxonomy":"product_brand","embeddable":true,"href":"https:\/\/jnksport.com\/en\/wp-json\/wp\/v2\/product_brand?post=25304"},{"taxonomy":"product_cat","embeddable":true,"href":"https:\/\/jnksport.com\/en\/wp-json\/wp\/v2\/product_cat?post=25304"},{"taxonomy":"product_tag","embeddable":true,"href":"https:\/\/jnksport.com\/en\/wp-json\/wp\/v2\/product_tag?post=25304"}],"curies":[{"name":"wp","href":"https:\/\/api.w.org\/{rel}","templated":true}]}}