{"id":25314,"date":"2024-02-15T08:25:15","date_gmt":"2024-02-15T08:25:15","guid":{"rendered":"https:\/\/jnksport.com\/?post_type=product&#038;p=25314"},"modified":"2026-03-06T08:18:51","modified_gmt":"2026-03-06T08:18:51","slug":"zapatilla-converse-chuck-taylor-a06022-para-mujer","status":"publish","type":"product","link":"https:\/\/jnksport.com\/en\/product\/zapatilla-converse-chuck-taylor-a06022-para-mujer\/","title":{"rendered":"Zapatilla Converse Chuck Taylor A06022 para Mujer"},"content":{"rendered":"<div>\n<ul>\n<li><span style=\"font-size: medium;\"><span style=\"color: rgb(0, 0, 0); font-family: Poppins, sans-serif;\">Bota alta con parte superior de sarga de poli\u00e9ster y leng\u00fceta de lona de poli\u00e9ster<\/span><\/span><\/li>\n<li><span style=\"font-size: medium;\"><span style=\"color: rgb(0, 0, 0); font-family: Poppins, sans-serif;\">Amortiguaci\u00f3n OrthoLite para comodidad durante todo el d\u00eda Forro<\/span><\/span><\/li>\n<li><span style=\"font-size: medium;\"><span style=\"color: rgb(0, 0, 0); font-family: Poppins, sans-serif;\">de malla para transpirabilidad<\/span><\/span><\/li>\n<li><span style=\"font-size: medium;\"><span style=\"color: rgb(0, 0, 0); font-family: Poppins, sans-serif;\">Suela exterior de goma con tacos y dibujo inspirado en chevron para mayor tracci\u00f3n<\/span><\/span><\/li>\n<li><span style=\"font-size: medium;\"><span style=\"color: rgb(0, 0, 0); font-family: Poppins, sans-serif;\">Parche ic\u00f3nico Chuck Taylor All Star en el tobillo<\/span><\/span><\/li>\n<li><span style=\"font-size: medium;\">Codigo: A06022<\/span><\/li>\n<li><span style=\"font-size: medium;\">Modelo: Chuck Taylor<\/span><\/li>\n<li><span style=\"font-size: medium;\">G\u00e9nero: Mujer<\/span><\/li>\n<li><span style=\"font-size: medium;\">Estilo: Urbano<\/span><\/li>\n<li><span style=\"font-size: medium;\">Cierre: Cordones<\/span><\/li>\n<li><span style=\"font-size: medium;\">Material: Textil<\/span><\/li>\n<li><span style=\"font-size: medium;\">Color: Amarillo<\/span><\/li>\n<li><span style=\"font-size: medium;\">Material de la Suela: Caucho<\/span><\/li>\n<\/ul>\n<\/div>","protected":false},"excerpt":{"rendered":"<p>Bota alta con parte superior de sarga de poli\u00e9ster y leng\u00fceta de lona de poli\u00e9ster Amortiguaci\u00f3n OrthoLite para comodidad durante todo el d\u00eda Forro de&#8230;<\/p>","protected":false},"featured_media":23563,"comment_status":"open","ping_status":"closed","template":"","meta":{"om_disable_all_campaigns":false,"_monsterinsights_skip_tracking":false,"_monsterinsights_sitenote_active":false,"_monsterinsights_sitenote_note":"","_monsterinsights_sitenote_category":0,"_uf_show_specific_survey":0,"_uf_disable_surveys":false,"_joinchat":[]},"etheme_brands":[],"product_brand":[],"product_cat":[18],"product_tag":[],"class_list":{"0":"post-25314","1":"product","2":"type-product","3":"status-publish","4":"has-post-thumbnail","6":"product_cat-mujer","7":"product_shipping_class-envio-a-lima-y-provincia","9":"first","10":"instock","11":"sale","12":"featured","13":"shipping-taxable","14":"purchasable","15":"product-type-variable"},"aioseo_notices":[],"_links":{"self":[{"href":"https:\/\/jnksport.com\/en\/wp-json\/wp\/v2\/product\/25314","targetHints":{"allow":["GET"]}}],"collection":[{"href":"https:\/\/jnksport.com\/en\/wp-json\/wp\/v2\/product"}],"about":[{"href":"https:\/\/jnksport.com\/en\/wp-json\/wp\/v2\/types\/product"}],"replies":[{"embeddable":true,"href":"https:\/\/jnksport.com\/en\/wp-json\/wp\/v2\/comments?post=25314"}],"version-history":[{"count":0,"href":"https:\/\/jnksport.com\/en\/wp-json\/wp\/v2\/product\/25314\/revisions"}],"wp:featuredmedia":[{"embeddable":true,"href":"https:\/\/jnksport.com\/en\/wp-json\/wp\/v2\/media\/23563"}],"wp:attachment":[{"href":"https:\/\/jnksport.com\/en\/wp-json\/wp\/v2\/media?parent=25314"}],"wp:term":[{"taxonomy":"brand","embeddable":true,"href":"https:\/\/jnksport.com\/en\/wp-json\/wp\/v2\/etheme_brands?post=25314"},{"taxonomy":"product_brand","embeddable":true,"href":"https:\/\/jnksport.com\/en\/wp-json\/wp\/v2\/product_brand?post=25314"},{"taxonomy":"product_cat","embeddable":true,"href":"https:\/\/jnksport.com\/en\/wp-json\/wp\/v2\/product_cat?post=25314"},{"taxonomy":"product_tag","embeddable":true,"href":"https:\/\/jnksport.com\/en\/wp-json\/wp\/v2\/product_tag?post=25314"}],"curies":[{"name":"wp","href":"https:\/\/api.w.org\/{rel}","templated":true}]}}