{"id":25357,"date":"2024-02-15T08:25:58","date_gmt":"2024-02-15T08:25:58","guid":{"rendered":"https:\/\/jnksport.com\/?post_type=product&#038;p=25357"},"modified":"2026-03-13T22:00:13","modified_gmt":"2026-03-13T22:00:13","slug":"zapatilla-converse-chuck-taylor-a06906-para-mujer","status":"publish","type":"product","link":"https:\/\/jnksport.com\/en\/product\/zapatilla-converse-chuck-taylor-a06906-para-mujer\/","title":{"rendered":"Zapatilla Converse Chuck Taylor A06906 para Mujer"},"content":{"rendered":"<div>\n<div class=\"titulo\">Estas Chuck con detalles metalizados, atemporales y modernas a partes iguales, tienen ganas de fiesta. Los toques sutiles y relucientes, junto con el parche Chuck Taylor All Star repleto de brillo, completan cualquier conjunto para salir a pasarlo en grande.<\/p>\n<p>Detalles:<\/p><\/div>\n<ul>\n<li><span><span style=\"font-size: small;\">Zapatillas de corte alto con parte superior de l\u00farex (80 % algod\u00f3n, 15 % l\u00farex y 5 % nylon)<\/span><\/span><\/li>\n<li><span><span style=\"font-size: small;\">Amortiguaci\u00f3n OrthoLite para m\u00e1s comodidad durante todo el d\u00eda<\/span><\/span><\/li>\n<li><span><span style=\"font-size: small;\">Detalles metalizados con brillo para un look resplandeciente<\/span><\/span><\/li>\n<li><span><span style=\"font-size: small;\">Parche del tobillo Chuck Taylor con brillo para relucir m\u00e1s<\/span><\/span><\/li>\n<li><span><span style=\"font-size: small;\">Codigo: A06906<\/span><\/span><\/li>\n<li><span><span style=\"font-size: small;\">Modelo: Chuck Taylor<\/span><\/span><\/li>\n<li><span style=\"font-size: small;\">G\u00e9nero: Mujer<\/span><\/li>\n<li><span style=\"font-size: small;\">Estilo: Urbano<\/span><\/li>\n<li><span style=\"font-size: small;\">Cierre: Cordones<\/span><\/li>\n<li><span style=\"font-size: small;\">Material: Textil<\/span><\/li>\n<li><span style=\"font-size: small;\">Color: Gris<\/span><\/li>\n<li><span style=\"font-size: small;\">Material de la Suela: Caucho<\/span><\/li>\n<\/ul>\n<\/div>","protected":false},"excerpt":{"rendered":"<p>Estas Chuck con detalles metalizados, atemporales y modernas a partes iguales, tienen ganas de fiesta. Los toques sutiles y relucientes, junto con el parche Chuck&#8230;<\/p>","protected":false},"featured_media":23596,"comment_status":"open","ping_status":"closed","template":"","meta":{"om_disable_all_campaigns":false,"_monsterinsights_skip_tracking":false,"_monsterinsights_sitenote_active":false,"_monsterinsights_sitenote_note":"","_monsterinsights_sitenote_category":0,"_uf_show_specific_survey":0,"_uf_disable_surveys":false,"_joinchat":[]},"etheme_brands":[],"product_brand":[],"product_cat":[18],"product_tag":[],"class_list":{"0":"post-25357","1":"product","2":"type-product","3":"status-publish","4":"has-post-thumbnail","6":"product_cat-mujer","7":"product_shipping_class-envio-a-lima-y-provincia","9":"first","10":"instock","11":"sale","12":"featured","13":"shipping-taxable","14":"purchasable","15":"product-type-variable"},"aioseo_notices":[],"_links":{"self":[{"href":"https:\/\/jnksport.com\/en\/wp-json\/wp\/v2\/product\/25357","targetHints":{"allow":["GET"]}}],"collection":[{"href":"https:\/\/jnksport.com\/en\/wp-json\/wp\/v2\/product"}],"about":[{"href":"https:\/\/jnksport.com\/en\/wp-json\/wp\/v2\/types\/product"}],"replies":[{"embeddable":true,"href":"https:\/\/jnksport.com\/en\/wp-json\/wp\/v2\/comments?post=25357"}],"version-history":[{"count":0,"href":"https:\/\/jnksport.com\/en\/wp-json\/wp\/v2\/product\/25357\/revisions"}],"wp:featuredmedia":[{"embeddable":true,"href":"https:\/\/jnksport.com\/en\/wp-json\/wp\/v2\/media\/23596"}],"wp:attachment":[{"href":"https:\/\/jnksport.com\/en\/wp-json\/wp\/v2\/media?parent=25357"}],"wp:term":[{"taxonomy":"brand","embeddable":true,"href":"https:\/\/jnksport.com\/en\/wp-json\/wp\/v2\/etheme_brands?post=25357"},{"taxonomy":"product_brand","embeddable":true,"href":"https:\/\/jnksport.com\/en\/wp-json\/wp\/v2\/product_brand?post=25357"},{"taxonomy":"product_cat","embeddable":true,"href":"https:\/\/jnksport.com\/en\/wp-json\/wp\/v2\/product_cat?post=25357"},{"taxonomy":"product_tag","embeddable":true,"href":"https:\/\/jnksport.com\/en\/wp-json\/wp\/v2\/product_tag?post=25357"}],"curies":[{"name":"wp","href":"https:\/\/api.w.org\/{rel}","templated":true}]}}