{"id":25453,"date":"2024-02-15T08:27:05","date_gmt":"2024-02-15T08:27:05","guid":{"rendered":"https:\/\/jnksport.com\/?post_type=product&#038;p=25453"},"modified":"2026-04-28T00:10:09","modified_gmt":"2026-04-28T00:10:09","slug":"zapatilla-nike-phantom-gx-club-dd9486-040-para-hombre","status":"publish","type":"product","link":"https:\/\/jnksport.com\/en\/product\/zapatilla-nike-phantom-gx-club-dd9486-040-para-hombre\/","title":{"rendered":"Zapatilla Nike \u00a0Phantom Gx Club DD9486-040 para Hombre"},"content":{"rendered":"<div>\n<p style=\"box-sizing: border-box; margin-top: 0px; margin-bottom: 1rem; font-size: 16px; font-family: HelveticaNeue, sans-serif; margin-block-end: 0px; color: rgb(17, 17, 17);\">Ya sea que est\u00e9s empezando o juegues para divertirte, el calzado Club te lleva a la cancha sin comprometer la calidad. Con cuero sint\u00e9tico y agujetas asim\u00e9tricas, proporciona un toque de precisi\u00f3n para ayudarte a meter goles o a dar un pase milim\u00e9trico a un compa\u00f1ero de equipo que ponga el juego a tu favor.<\/p>\n<p><br style=\"box-sizing: border-box; color: rgb(17, 17, 17); font-family: HelveticaNeue, sans-serif; font-size: 16px;\" \/><\/p>\n<p style=\"box-sizing: border-box; margin-top: 0px; margin-bottom: 1rem; font-size: 16px; font-family: HelveticaNeue, sans-serif; margin-block-end: 0px; color: rgb(17, 17, 17);\"><span>Toque mejorado<\/span><\/p>\n<p style=\"box-sizing: border-box; margin-top: 0px; margin-bottom: 1rem; font-size: 16px; font-family: HelveticaNeue, sans-serif; margin-block-end: 0px; color: rgb(17, 17, 17);\">El cuero sint\u00e9tico en la parte superior acerca el pie al Pelota para brindar un toque preciso al driblar y hacer pases.<\/p>\n<p><br style=\"box-sizing: border-box; color: rgb(17, 17, 17); font-family: HelveticaNeue, sans-serif; font-size: 16px;\" \/><\/p>\n<p style=\"box-sizing: border-box; margin-top: 0px; margin-bottom: 1rem; font-size: 16px; font-family: HelveticaNeue, sans-serif; margin-block-end: 0px; color: rgb(17, 17, 17);\"><span>Moldeado para tu comodidad<\/span><\/p>\n<p style=\"box-sizing: border-box; margin-top: 0px; margin-bottom: 1rem; font-size: 16px; font-family: HelveticaNeue, sans-serif; margin-block-end: 0px; color: rgb(17, 17, 17);\">El cuello de malla con soporte proporciona comodidad y transpirabilidad. Las agujetas asim\u00e9tricas trabajan con la zona de toque en el interior del calzado para brindarte una zona m\u00e1s limpia donde driblar, manejar los pases y anotar.<\/p>\n<p><br style=\"box-sizing: border-box; color: rgb(17, 17, 17); font-family: HelveticaNeue, sans-serif; font-size: 16px;\" \/><\/p>\n<p style=\"box-sizing: border-box; margin-top: 0px; margin-bottom: 1rem; font-size: 16px; font-family: HelveticaNeue, sans-serif; margin-block-end: 0px; color: rgb(17, 17, 17);\"><span>Datos del producto<\/span><\/p>\n<ul style=\"box-sizing: border-box; margin-bottom: 1rem; margin-top: 0px; padding-left: 0.9375rem; color: rgb(17, 17, 17); font-family: HelveticaNeue, sans-serif; font-size: 16px;\">\n<li style=\"box-sizing: border-box;\">Para usar en superficies sint\u00e9ticas de pasto m\u00e1s corto<\/li>\n<li style=\"box-sizing: border-box;\">Plantilla con amortiguaci\u00f3n<\/li>\n<\/ul>\n<\/div>\n<ul>\n<li>Marca: Nike<\/li>\n<li>Codigo: DD9486-040<\/li>\n<li>Modelo: &nbsp;Phantom Gx Club<\/li>\n<li>G\u00e9nero: Hombre<\/li>\n<li>Estilo: Deportivo<\/li>\n<li>Cierre: Cordones<\/li>\n<li>Material: Sintetico<\/li>\n<li>Color: Negro<\/li>\n<li>Material de la Suela: Goma<\/li>\n<\/ul>","protected":false},"excerpt":{"rendered":"<p>Ya sea que est\u00e9s empezando o juegues para divertirte, el calzado Club te lleva a la cancha sin comprometer la calidad. Con cuero sint\u00e9tico y&#8230;<\/p>","protected":false},"featured_media":59601,"comment_status":"open","ping_status":"closed","template":"","meta":{"om_disable_all_campaigns":false,"_monsterinsights_skip_tracking":false,"_monsterinsights_sitenote_active":false,"_monsterinsights_sitenote_note":"","_monsterinsights_sitenote_category":0,"_uf_show_specific_survey":0,"_uf_disable_surveys":false,"_joinchat":[]},"etheme_brands":[],"product_brand":[],"product_cat":[19],"product_tag":[],"class_list":{"0":"post-25453","1":"product","2":"type-product","3":"status-publish","4":"has-post-thumbnail","6":"product_cat-hombre","7":"product_shipping_class-envio-a-lima-y-provincia","9":"first","10":"instock","11":"sale","12":"featured","13":"shipping-taxable","14":"purchasable","15":"product-type-variable"},"aioseo_notices":[],"_links":{"self":[{"href":"https:\/\/jnksport.com\/en\/wp-json\/wp\/v2\/product\/25453","targetHints":{"allow":["GET"]}}],"collection":[{"href":"https:\/\/jnksport.com\/en\/wp-json\/wp\/v2\/product"}],"about":[{"href":"https:\/\/jnksport.com\/en\/wp-json\/wp\/v2\/types\/product"}],"replies":[{"embeddable":true,"href":"https:\/\/jnksport.com\/en\/wp-json\/wp\/v2\/comments?post=25453"}],"version-history":[{"count":1,"href":"https:\/\/jnksport.com\/en\/wp-json\/wp\/v2\/product\/25453\/revisions"}],"predecessor-version":[{"id":59603,"href":"https:\/\/jnksport.com\/en\/wp-json\/wp\/v2\/product\/25453\/revisions\/59603"}],"wp:featuredmedia":[{"embeddable":true,"href":"https:\/\/jnksport.com\/en\/wp-json\/wp\/v2\/media\/59601"}],"wp:attachment":[{"href":"https:\/\/jnksport.com\/en\/wp-json\/wp\/v2\/media?parent=25453"}],"wp:term":[{"taxonomy":"brand","embeddable":true,"href":"https:\/\/jnksport.com\/en\/wp-json\/wp\/v2\/etheme_brands?post=25453"},{"taxonomy":"product_brand","embeddable":true,"href":"https:\/\/jnksport.com\/en\/wp-json\/wp\/v2\/product_brand?post=25453"},{"taxonomy":"product_cat","embeddable":true,"href":"https:\/\/jnksport.com\/en\/wp-json\/wp\/v2\/product_cat?post=25453"},{"taxonomy":"product_tag","embeddable":true,"href":"https:\/\/jnksport.com\/en\/wp-json\/wp\/v2\/product_tag?post=25453"}],"curies":[{"name":"wp","href":"https:\/\/api.w.org\/{rel}","templated":true}]}}