{"id":25501,"date":"2024-02-15T08:27:45","date_gmt":"2024-02-15T08:27:45","guid":{"rendered":"https:\/\/jnksport.com\/?post_type=product&#038;p=25501"},"modified":"2026-04-28T00:16:34","modified_gmt":"2026-04-28T00:16:34","slug":"zapatilla-nike-mercurial-vapor-15-club-dj5963-600-para-hombre","status":"publish","type":"product","link":"https:\/\/jnksport.com\/en\/product\/zapatilla-nike-mercurial-vapor-15-club-dj5963-600-para-hombre\/","title":{"rendered":"Zapatilla Nike Mercurial Vapor 15 Club DJ5963-600 para Hombre"},"content":{"rendered":"<div>\n<div class=\"experience-component experience-productText\">\n<div class=\"product-text-wrapper hide-empty\">\n<div class=\"product-text-content\">\n<div class=\"product-text  released\" data-product-field=\"longDescription\">\n<p style=\"box-sizing: border-box; margin-top: 0px; margin-bottom: 1rem; font-size: var(--p-size-desktop); font-family: var(--body-font-family); font-weight: var(--body-font-weight); margin-block-end: 0px;\">Domina el campo con el Vapor 15 Club MG, que ofrece ligereza y contacto con el suelo. La velocidad del Air.<\/p>\n<p><br style=\"box-sizing: border-box;\" \/><\/p>\n<p style=\"box-sizing: border-box; margin-top: 0px; margin-bottom: 1rem; font-size: var(--p-size-desktop); font-family: var(--body-font-family); font-weight: var(--body-font-weight); margin-block-end: 0px;\"><span>Impulsa tu velocidad<\/span><\/p>\n<p style=\"box-sizing: border-box; margin-top: 0px; margin-bottom: 1rem; font-size: var(--p-size-desktop); font-family: var(--body-font-family); font-weight: var(--body-font-weight); margin-block-end: 0px;\">La speed cage en su interior est\u00e1 hecha con un material delgado pero resistente que fija el pie a la suela sin agregar peso adicional para ofrecer un ajuste \u00f3ptimo.<\/p>\n<p><br style=\"box-sizing: border-box;\" \/><\/p>\n<p style=\"box-sizing: border-box; margin-top: 0px; margin-bottom: 1rem; font-size: var(--p-size-desktop); font-family: var(--body-font-family); font-weight: var(--body-font-weight); margin-block-end: 0px;\"><span>Profundidad para el despegue<\/span><\/p>\n<p style=\"box-sizing: border-box; margin-top: 0px; margin-bottom: 1rem; font-size: var(--p-size-desktop); font-family: var(--body-font-family); font-weight: var(--body-font-weight); margin-block-end: 0px;\">El exclusivo patr\u00f3n de tracci\u00f3n ofrece la m\u00e1xima tracci\u00f3n con una liberaci\u00f3n r\u00e1pida para crear distancia.<\/p>\n<p><br style=\"box-sizing: border-box;\" \/><\/p>\n<p style=\"box-sizing: border-box; margin-top: 0px; margin-bottom: 1rem; font-size: var(--p-size-desktop); font-family: var(--body-font-family); font-weight: var(--body-font-weight); margin-block-end: 0px;\"><span>Ajuste mejorado<\/span><\/p>\n<p style=\"box-sizing: border-box; margin-top: 0px; margin-bottom: 1rem; font-size: var(--p-size-desktop); font-family: var(--body-font-family); font-weight: var(--body-font-weight); margin-block-end: 0px;\">Un dise\u00f1o renovado que mejora el ajuste para adaptarse mejor al pie. Lo logramos a trav\u00e9s de m\u00faltiples pruebas de uso en cientos de atletas. El resultado es una punta mejor moldeada y un ajuste m\u00e1s firme en el tal\u00f3n.<\/p>\n<p><br style=\"box-sizing: border-box;\" \/><\/p>\n<p style=\"box-sizing: border-box; margin-top: 0px; margin-bottom: 1rem; font-size: var(--p-size-desktop); font-family: var(--body-font-family); font-weight: var(--body-font-weight); margin-block-end: 0px;\"><span>Siente La pelota<\/span><\/p>\n<p style=\"box-sizing: border-box; margin-top: 0px; margin-bottom: 1rem; font-size: var(--p-size-desktop); font-family: var(--body-font-family); font-weight: var(--body-font-weight); margin-block-end: 0px;\">El patr\u00f3n gr\u00e1fico texturizado de la parte superior sint\u00e9tica moldeada te da un mejor control de la pelota durante los regates a gran velocidad.<\/p>\n<p><br style=\"box-sizing: border-box;\" \/><\/p>\n<p style=\"box-sizing: border-box; margin-top: 0px; margin-bottom: 1rem; font-size: var(--p-size-desktop); font-family: var(--body-font-family); font-weight: var(--body-font-weight); margin-block-end: 0px;\"><span>Datos del producto<\/span><\/p>\n<ul style=\"box-sizing: border-box; margin-bottom: 1rem; margin-top: 0px; padding-left: 0.9375rem;\">\n<li style=\"box-sizing: border-box;\">Para usar en superficies naturales y sint\u00e9ticas<\/li>\n<li style=\"box-sizing: border-box;\">Plantilla con amortiguaci\u00f3n<\/li>\n<\/ul>\n<\/div>\n<\/div>\n<\/div>\n<\/div>\n<div class=\"experience-component experience-productText\">\n<div class=\"product-text-wrapper hide-empty\">\n<div class=\"product-text-title\"><\/div>\n<div class=\"product-text-content  product-text-inline\"><\/div>\n<\/div>\n<\/div>\n<\/div>\n<ul>\n<li>Marca: Nike<\/li>\n<li>Codigo: DJ5963-600<\/li>\n<li>Modelo: Mercurial Vapor 15 Club<\/li>\n<li>G\u00e9nero: Hombre<\/li>\n<li>Estilo: Deportivo<\/li>\n<li>Cierre: Cordones<\/li>\n<li>Material: Sintetico<\/li>\n<li>Color: Blanco<\/li>\n<li>Material de la Suela: Goma<\/li>\n<\/ul>","protected":false},"excerpt":{"rendered":"<p>Domina el campo con el Vapor 15 Club MG, que ofrece ligereza y contacto con el suelo. La velocidad del Air. Impulsa tu velocidad La&#8230;<\/p>","protected":false},"featured_media":59605,"comment_status":"open","ping_status":"closed","template":"","meta":{"om_disable_all_campaigns":false,"_monsterinsights_skip_tracking":false,"_monsterinsights_sitenote_active":false,"_monsterinsights_sitenote_note":"","_monsterinsights_sitenote_category":0,"_uf_show_specific_survey":0,"_uf_disable_surveys":false,"_joinchat":[]},"etheme_brands":[],"product_brand":[],"product_cat":[19],"product_tag":[],"class_list":{"0":"post-25501","1":"product","2":"type-product","3":"status-publish","4":"has-post-thumbnail","6":"product_cat-hombre","7":"product_shipping_class-envio-a-lima-y-provincia","9":"first","10":"instock","11":"sale","12":"featured","13":"shipping-taxable","14":"purchasable","15":"product-type-variable"},"aioseo_notices":[],"_links":{"self":[{"href":"https:\/\/jnksport.com\/en\/wp-json\/wp\/v2\/product\/25501","targetHints":{"allow":["GET"]}}],"collection":[{"href":"https:\/\/jnksport.com\/en\/wp-json\/wp\/v2\/product"}],"about":[{"href":"https:\/\/jnksport.com\/en\/wp-json\/wp\/v2\/types\/product"}],"replies":[{"embeddable":true,"href":"https:\/\/jnksport.com\/en\/wp-json\/wp\/v2\/comments?post=25501"}],"version-history":[{"count":1,"href":"https:\/\/jnksport.com\/en\/wp-json\/wp\/v2\/product\/25501\/revisions"}],"predecessor-version":[{"id":59606,"href":"https:\/\/jnksport.com\/en\/wp-json\/wp\/v2\/product\/25501\/revisions\/59606"}],"wp:featuredmedia":[{"embeddable":true,"href":"https:\/\/jnksport.com\/en\/wp-json\/wp\/v2\/media\/59605"}],"wp:attachment":[{"href":"https:\/\/jnksport.com\/en\/wp-json\/wp\/v2\/media?parent=25501"}],"wp:term":[{"taxonomy":"brand","embeddable":true,"href":"https:\/\/jnksport.com\/en\/wp-json\/wp\/v2\/etheme_brands?post=25501"},{"taxonomy":"product_brand","embeddable":true,"href":"https:\/\/jnksport.com\/en\/wp-json\/wp\/v2\/product_brand?post=25501"},{"taxonomy":"product_cat","embeddable":true,"href":"https:\/\/jnksport.com\/en\/wp-json\/wp\/v2\/product_cat?post=25501"},{"taxonomy":"product_tag","embeddable":true,"href":"https:\/\/jnksport.com\/en\/wp-json\/wp\/v2\/product_tag?post=25501"}],"curies":[{"name":"wp","href":"https:\/\/api.w.org\/{rel}","templated":true}]}}