{"id":25521,"date":"2024-02-15T08:28:00","date_gmt":"2024-02-15T08:28:00","guid":{"rendered":"https:\/\/jnksport.com\/?post_type=product&#038;p=25521"},"modified":"2026-04-28T00:13:33","modified_gmt":"2026-04-28T00:13:33","slug":"zapatilla-nike-vapor-15-club-ic-dj5969-040-para-hombre","status":"publish","type":"product","link":"https:\/\/jnksport.com\/en\/product\/zapatilla-nike-vapor-15-club-ic-dj5969-040-para-hombre\/","title":{"rendered":"Zapatilla Nike Vapor 15 Club Ic DJ5969-040 para Hombre"},"content":{"rendered":"<div>\n<p style=\"box-sizing: border-box; margin-top: 0px; margin-bottom: 1rem; font-size: 16px; font-family: HelveticaNeue, sans-serif; margin-block-end: 0px; color: rgb(17, 17, 17);\">El campo ser\u00e1 tuyo cuando te amarres las agujetas del audaz Vapor 15 Club IC, bajo y pegado al piso. La velocidad del Air.<\/p>\n<p><br style=\"box-sizing: border-box; color: rgb(17, 17, 17); font-family: HelveticaNeue, sans-serif; font-size: 16px;\" \/><\/p>\n<p style=\"box-sizing: border-box; margin-top: 0px; margin-bottom: 1rem; font-size: 16px; font-family: HelveticaNeue, sans-serif; margin-block-end: 0px; color: rgb(17, 17, 17);\"><span>Impulsa tu velocidad<\/span><\/p>\n<p style=\"box-sizing: border-box; margin-top: 0px; margin-bottom: 1rem; font-size: 16px; font-family: HelveticaNeue, sans-serif; margin-block-end: 0px; color: rgb(17, 17, 17);\">La speed cage en su interior est\u00e1 hecha con un material delgado pero resistente que fija el pie a la suela sin agregar peso adicional para ofrecer un ajuste \u00f3ptimo.<\/p>\n<p><br style=\"box-sizing: border-box; color: rgb(17, 17, 17); font-family: HelveticaNeue, sans-serif; font-size: 16px;\" \/><\/p>\n<p style=\"box-sizing: border-box; margin-top: 0px; margin-bottom: 1rem; font-size: 16px; font-family: HelveticaNeue, sans-serif; margin-block-end: 0px; color: rgb(17, 17, 17);\"><span>Profundidad para el despegue<\/span><\/p>\n<p style=\"box-sizing: border-box; margin-top: 0px; margin-bottom: 1rem; font-size: 16px; font-family: HelveticaNeue, sans-serif; margin-block-end: 0px; color: rgb(17, 17, 17);\">La suela de goma, inspirada en el an\u00e1lisis de los movimientos del jugador del Nike Sports Research Lab, est\u00e1 dise\u00f1ada para proporcionar tracci\u00f3n multidireccional en superficies de calle y cancha cubierta.<\/p>\n<p><br style=\"box-sizing: border-box; color: rgb(17, 17, 17); font-family: HelveticaNeue, sans-serif; font-size: 16px;\" \/><\/p>\n<p style=\"box-sizing: border-box; margin-top: 0px; margin-bottom: 1rem; font-size: 16px; font-family: HelveticaNeue, sans-serif; margin-block-end: 0px; color: rgb(17, 17, 17);\"><span>Ajuste mejorado<\/span><\/p>\n<p style=\"box-sizing: border-box; margin-top: 0px; margin-bottom: 1rem; font-size: 16px; font-family: HelveticaNeue, sans-serif; margin-block-end: 0px; color: rgb(17, 17, 17);\">Un dise\u00f1o renovado que mejora el ajuste para adaptarse mejor al pie. Lo logramos a trav\u00e9s de m\u00faltiples pruebas de uso en cientos de atletas. El resultado es una punta mejor moldeada y un ajuste m\u00e1s firme en el tal\u00f3n.<\/p>\n<p><br style=\"box-sizing: border-box; color: rgb(17, 17, 17); font-family: HelveticaNeue, sans-serif; font-size: 16px;\" \/><\/p>\n<p style=\"box-sizing: border-box; margin-top: 0px; margin-bottom: 1rem; font-size: 16px; font-family: HelveticaNeue, sans-serif; margin-block-end: 0px; color: rgb(17, 17, 17);\"><span>Siente el bal\u00f3n<\/span><\/p>\n<p style=\"box-sizing: border-box; margin-top: 0px; margin-bottom: 1rem; font-size: 16px; font-family: HelveticaNeue, sans-serif; margin-block-end: 0px; color: rgb(17, 17, 17);\">El patr\u00f3n gr\u00e1fico texturizado de la parte superior sint\u00e9tica moldeada te da un mejor control del bal\u00f3n durante los regates a gran velocidad.<\/p>\n<p><br style=\"box-sizing: border-box; color: rgb(17, 17, 17); font-family: HelveticaNeue, sans-serif; font-size: 16px;\" \/><\/p>\n<p style=\"box-sizing: border-box; margin-top: 0px; margin-bottom: 1rem; font-size: 16px; font-family: HelveticaNeue, sans-serif; margin-block-end: 0px; color: rgb(17, 17, 17);\"><span>Datos del producto<\/span><\/p>\n<ul style=\"box-sizing: border-box; margin-bottom: 1rem; margin-top: 0px; padding-left: 0.9375rem; color: rgb(17, 17, 17); font-family: HelveticaNeue, sans-serif; font-size: 16px;\">\n<li style=\"box-sizing: border-box;\">Para uso en la calle, en terrenos de juego exteriores y en canchas cubiertas<\/li>\n<li style=\"box-sizing: border-box;\">Plantilla con amortiguaci\u00f3n<\/li>\n<\/ul>\n<\/div>\n<ul>\n<li>Marca: Nike<\/li>\n<li>Codigo: DJ5969-040<\/li>\n<li>Modelo: Vapor 15 Club Ic<\/li>\n<li>G\u00e9nero: Hombre<\/li>\n<li>Estilo: Deportivo<\/li>\n<li>Cierre: Cordones<\/li>\n<li>Material: Sintetico<\/li>\n<li>Color: Negro<\/li>\n<li>Material de la Suela: Goma<\/li>\n<\/ul>","protected":false},"excerpt":{"rendered":"<p>El campo ser\u00e1 tuyo cuando te amarres las agujetas del audaz Vapor 15 Club IC, bajo y pegado al piso. La velocidad del Air. Impulsa&#8230;<\/p>","protected":false},"featured_media":59604,"comment_status":"open","ping_status":"closed","template":"","meta":{"om_disable_all_campaigns":false,"_monsterinsights_skip_tracking":false,"_monsterinsights_sitenote_active":false,"_monsterinsights_sitenote_note":"","_monsterinsights_sitenote_category":0,"_uf_show_specific_survey":0,"_uf_disable_surveys":false,"_joinchat":[]},"etheme_brands":[],"product_brand":[],"product_cat":[19],"product_tag":[],"class_list":{"0":"post-25521","1":"product","2":"type-product","3":"status-publish","4":"has-post-thumbnail","6":"product_cat-hombre","7":"product_shipping_class-envio-a-lima-y-provincia","9":"first","10":"instock","11":"sale","12":"featured","13":"shipping-taxable","14":"purchasable","15":"product-type-variable"},"aioseo_notices":[],"_links":{"self":[{"href":"https:\/\/jnksport.com\/en\/wp-json\/wp\/v2\/product\/25521","targetHints":{"allow":["GET"]}}],"collection":[{"href":"https:\/\/jnksport.com\/en\/wp-json\/wp\/v2\/product"}],"about":[{"href":"https:\/\/jnksport.com\/en\/wp-json\/wp\/v2\/types\/product"}],"replies":[{"embeddable":true,"href":"https:\/\/jnksport.com\/en\/wp-json\/wp\/v2\/comments?post=25521"}],"version-history":[{"count":1,"href":"https:\/\/jnksport.com\/en\/wp-json\/wp\/v2\/product\/25521\/revisions"}],"predecessor-version":[{"id":59602,"href":"https:\/\/jnksport.com\/en\/wp-json\/wp\/v2\/product\/25521\/revisions\/59602"}],"wp:featuredmedia":[{"embeddable":true,"href":"https:\/\/jnksport.com\/en\/wp-json\/wp\/v2\/media\/59604"}],"wp:attachment":[{"href":"https:\/\/jnksport.com\/en\/wp-json\/wp\/v2\/media?parent=25521"}],"wp:term":[{"taxonomy":"brand","embeddable":true,"href":"https:\/\/jnksport.com\/en\/wp-json\/wp\/v2\/etheme_brands?post=25521"},{"taxonomy":"product_brand","embeddable":true,"href":"https:\/\/jnksport.com\/en\/wp-json\/wp\/v2\/product_brand?post=25521"},{"taxonomy":"product_cat","embeddable":true,"href":"https:\/\/jnksport.com\/en\/wp-json\/wp\/v2\/product_cat?post=25521"},{"taxonomy":"product_tag","embeddable":true,"href":"https:\/\/jnksport.com\/en\/wp-json\/wp\/v2\/product_tag?post=25521"}],"curies":[{"name":"wp","href":"https:\/\/api.w.org\/{rel}","templated":true}]}}