{"id":25676,"date":"2024-02-15T08:30:00","date_gmt":"2024-02-15T08:30:00","guid":{"rendered":"https:\/\/jnksport.com\/?post_type=product&#038;p=25676"},"modified":"2026-04-29T22:32:13","modified_gmt":"2026-04-29T22:32:13","slug":"zapatilla-nike-air-max-dv6842-001-para-mujer","status":"publish","type":"product","link":"https:\/\/jnksport.com\/en\/product\/zapatilla-nike-air-max-dv6842-001-para-mujer\/","title":{"rendered":"Zapatilla Nike Air Max DV6842-001 para Mujer"},"content":{"rendered":"<div>\n<p style=\"box-sizing: border-box; margin-top: 0px; margin-bottom: 1rem; font-size: 16px; font-family: HelveticaNeue, sans-serif; margin-block-end: 0px; color: rgb(17, 17, 17);\">Con sus l\u00edneas sencillas, su look atl\u00e9tico de herencia y la amortiguaci\u00f3n Nike Air visible, el Air Max SC SE es el acabado perfecto para cualquier atuendo. La mezcla rica de materiales agrega profundidad, a la vez que lo convierte en un calzado duradero y ligero para el d\u00eda a d\u00eda.<\/p>\n<p><br style=\"box-sizing: border-box; color: rgb(17, 17, 17); font-family: HelveticaNeue, sans-serif; font-size: 16px;\" \/><\/p>\n<p style=\"box-sizing: border-box; margin-top: 0px; margin-bottom: 1rem; font-size: 16px; font-family: HelveticaNeue, sans-serif; margin-block-end: 0px; color: rgb(17, 17, 17);\"><span>Beneficios<\/span><\/p>\n<ul style=\"box-sizing: border-box; margin-bottom: 1rem; margin-top: 0px; padding-left: 0.9375rem; color: rgb(17, 17, 17); font-family: HelveticaNeue, sans-serif; font-size: 16px;\">\n<li style=\"box-sizing: border-box;\">El cuero aut\u00e9ntico y el sint\u00e9tico se combinan con malla para ofrecer un look en capas duradero y transpirable.<\/li>\n<li style=\"box-sizing: border-box;\">Dise\u00f1ada originalmente para el running, la unidad Max Air ofrece una amortiguaci\u00f3n ligera en cada pisada.<\/li>\n<li style=\"box-sizing: border-box;\">La entresuela de espuma agrega amortiguaci\u00f3n duradera.<\/li>\n<li style=\"box-sizing: border-box;\">La suela de goma ofrece una tracci\u00f3n duradera.<\/li>\n<\/ul>\n<p><br style=\"box-sizing: border-box; color: rgb(17, 17, 17); font-family: HelveticaNeue, sans-serif; font-size: 16px;\" \/><\/p>\n<p style=\"box-sizing: border-box; margin-top: 0px; margin-bottom: 1rem; font-size: 16px; font-family: HelveticaNeue, sans-serif; margin-block-end: 0px; color: rgb(17, 17, 17);\"><span>Datos del producto<\/span><\/p>\n<ul style=\"box-sizing: border-box; margin-bottom: 1rem; margin-top: 0px; padding-left: 0.9375rem; color: rgb(17, 17, 17); font-family: HelveticaNeue, sans-serif; font-size: 16px;\">\n<li style=\"box-sizing: border-box;\">Agujetas cl\u00e1sicas<\/li>\n<\/ul>\n<p><br style=\"box-sizing: border-box; color: rgb(17, 17, 17); font-family: HelveticaNeue, sans-serif; font-size: 16px;\" \/><\/p>\n<p style=\"box-sizing: border-box; margin-top: 0px; margin-bottom: 1rem; font-size: 16px; font-family: HelveticaNeue, sans-serif; margin-block-end: 0px; color: rgb(17, 17, 17);\"><span>Nike Air Max Origins<\/span><\/p>\n<p style=\"box-sizing: border-box; margin-top: 0px; margin-bottom: 1rem; font-size: 16px; font-family: HelveticaNeue, sans-serif; margin-block-end: 0px; color: rgb(17, 17, 17);\">La tecnolog\u00eda revolucionaria Air se introdujo por primera vez en el calzado Nike en 1978. En 1987, el Air Max 1 debut\u00f3 con la tecnolog\u00eda Air visible en el tal\u00f3n, que les proporcionaba a sus fans mucho m\u00e1s que la sensaci\u00f3n de amortiguaci\u00f3n Air: esta comodidad tambi\u00e9n pod\u00eda verse. Desde entonces, el calzado Air Max de \u00faltima generaci\u00f3n se convirti\u00f3 en el favorito de los atletas y coleccionistas por sus combinaciones atractivas de colores, adem\u00e1s de su amortiguaci\u00f3n ligera y confiable.<\/p>\n<\/div>\n<ul>\n<li>Marca: Nike<\/li>\n<li>Codigo: DV6842-001<\/li>\n<li>Modelo: Air Max<\/li>\n<li>G\u00e9nero: Mujer<\/li>\n<li>Estilo: Urbano<\/li>\n<li>Cierre: Cordones<\/li>\n<li>Material: Textil<\/li>\n<li>Color: Blanco<\/li>\n<li>Material de la Suela: Goma<\/li>\n<\/ul>","protected":false},"excerpt":{"rendered":"<p>Con sus l\u00edneas sencillas, su look atl\u00e9tico de herencia y la amortiguaci\u00f3n Nike Air visible, el Air Max SC SE es el acabado perfecto para&#8230;<\/p>","protected":false},"featured_media":59620,"comment_status":"open","ping_status":"closed","template":"","meta":{"om_disable_all_campaigns":false,"_monsterinsights_skip_tracking":false,"_monsterinsights_sitenote_active":false,"_monsterinsights_sitenote_note":"","_monsterinsights_sitenote_category":0,"_uf_show_specific_survey":0,"_uf_disable_surveys":false,"_joinchat":[]},"etheme_brands":[],"product_brand":[],"product_cat":[18],"product_tag":[],"class_list":{"0":"post-25676","1":"product","2":"type-product","3":"status-publish","4":"has-post-thumbnail","6":"product_cat-mujer","7":"product_shipping_class-envio-a-lima-y-provincia","9":"first","10":"instock","11":"sale","12":"featured","13":"shipping-taxable","14":"purchasable","15":"product-type-variable"},"aioseo_notices":[],"_links":{"self":[{"href":"https:\/\/jnksport.com\/en\/wp-json\/wp\/v2\/product\/25676","targetHints":{"allow":["GET"]}}],"collection":[{"href":"https:\/\/jnksport.com\/en\/wp-json\/wp\/v2\/product"}],"about":[{"href":"https:\/\/jnksport.com\/en\/wp-json\/wp\/v2\/types\/product"}],"replies":[{"embeddable":true,"href":"https:\/\/jnksport.com\/en\/wp-json\/wp\/v2\/comments?post=25676"}],"version-history":[{"count":1,"href":"https:\/\/jnksport.com\/en\/wp-json\/wp\/v2\/product\/25676\/revisions"}],"predecessor-version":[{"id":59621,"href":"https:\/\/jnksport.com\/en\/wp-json\/wp\/v2\/product\/25676\/revisions\/59621"}],"wp:featuredmedia":[{"embeddable":true,"href":"https:\/\/jnksport.com\/en\/wp-json\/wp\/v2\/media\/59620"}],"wp:attachment":[{"href":"https:\/\/jnksport.com\/en\/wp-json\/wp\/v2\/media?parent=25676"}],"wp:term":[{"taxonomy":"brand","embeddable":true,"href":"https:\/\/jnksport.com\/en\/wp-json\/wp\/v2\/etheme_brands?post=25676"},{"taxonomy":"product_brand","embeddable":true,"href":"https:\/\/jnksport.com\/en\/wp-json\/wp\/v2\/product_brand?post=25676"},{"taxonomy":"product_cat","embeddable":true,"href":"https:\/\/jnksport.com\/en\/wp-json\/wp\/v2\/product_cat?post=25676"},{"taxonomy":"product_tag","embeddable":true,"href":"https:\/\/jnksport.com\/en\/wp-json\/wp\/v2\/product_tag?post=25676"}],"curies":[{"name":"wp","href":"https:\/\/api.w.org\/{rel}","templated":true}]}}