{"id":25821,"date":"2024-02-15T08:32:08","date_gmt":"2024-02-15T08:32:08","guid":{"rendered":"https:\/\/jnksport.com\/?post_type=product&#038;p=25821"},"modified":"2026-03-13T12:48:37","modified_gmt":"2026-03-13T12:48:37","slug":"zapatilla-adidas-advantage-ie7457-para-ninos","status":"publish","type":"product","link":"https:\/\/jnksport.com\/en\/product\/zapatilla-adidas-advantage-ie7457-para-ninos\/","title":{"rendered":"Zapatilla Adidas Advantage IE7457 para Ni\u00f1os"},"content":{"rendered":"<div>\n<div>ZAPATILLAS C\u00d3MODAS PARA BEB\u00c9, HECHAS EN PARTE CON MATERIALES RECICLADOS.<\/div>\n<div><\/div>\n<div>M\u00e1ntenlos a la moda mientras toman sus primeros pasos Estas zapatillas para beb\u00e9 envuelven a los m\u00e1s peque\u00f1os con el ic\u00f3nico estilo adidas. Las tiras ajustables de cierre por contacto las hacen muy f\u00e1ciles de poner y quitar. Confeccionadas con un exterior sint\u00e9tico suave, estas zapatillas envuelven los pies de los m\u00e1s peque\u00f1os con comodidad.<\/div>\n<\/div>\n<ul>\n<li>Marca: Adidas<\/li>\n<li>Codigo: IE7457<\/li>\n<li>Modelo: Advantage<\/li>\n<li>G\u00e9nero: Ni\u00f1os<\/li>\n<li>Estilo: Urbano<\/li>\n<li>Cierre: Cordones<\/li>\n<li>Material: Cuero<\/li>\n<li>Color: Negro<\/li>\n<li>Material de la Suela: Caucho<\/li>\n<\/ul>","protected":false},"excerpt":{"rendered":"<p>ZAPATILLAS C\u00d3MODAS PARA BEB\u00c9, HECHAS EN PARTE CON MATERIALES RECICLADOS. M\u00e1ntenlos a la moda mientras toman sus primeros pasos Estas zapatillas para beb\u00e9 envuelven a&#8230;<\/p>","protected":false},"featured_media":24447,"comment_status":"open","ping_status":"closed","template":"","meta":{"om_disable_all_campaigns":false,"_monsterinsights_skip_tracking":false,"_monsterinsights_sitenote_active":false,"_monsterinsights_sitenote_note":"","_monsterinsights_sitenote_category":0,"_uf_show_specific_survey":0,"_uf_disable_surveys":false,"_joinchat":[]},"etheme_brands":[],"product_brand":[],"product_cat":[159],"product_tag":[],"class_list":{"0":"post-25821","1":"product","2":"type-product","3":"status-publish","4":"has-post-thumbnail","6":"product_cat-ninos","7":"product_shipping_class-envio-a-lima-y-provincia","9":"first","10":"instock","11":"sale","12":"featured","13":"shipping-taxable","14":"purchasable","15":"product-type-variable"},"aioseo_notices":[],"_links":{"self":[{"href":"https:\/\/jnksport.com\/en\/wp-json\/wp\/v2\/product\/25821","targetHints":{"allow":["GET"]}}],"collection":[{"href":"https:\/\/jnksport.com\/en\/wp-json\/wp\/v2\/product"}],"about":[{"href":"https:\/\/jnksport.com\/en\/wp-json\/wp\/v2\/types\/product"}],"replies":[{"embeddable":true,"href":"https:\/\/jnksport.com\/en\/wp-json\/wp\/v2\/comments?post=25821"}],"version-history":[{"count":0,"href":"https:\/\/jnksport.com\/en\/wp-json\/wp\/v2\/product\/25821\/revisions"}],"wp:featuredmedia":[{"embeddable":true,"href":"https:\/\/jnksport.com\/en\/wp-json\/wp\/v2\/media\/24447"}],"wp:attachment":[{"href":"https:\/\/jnksport.com\/en\/wp-json\/wp\/v2\/media?parent=25821"}],"wp:term":[{"taxonomy":"brand","embeddable":true,"href":"https:\/\/jnksport.com\/en\/wp-json\/wp\/v2\/etheme_brands?post=25821"},{"taxonomy":"product_brand","embeddable":true,"href":"https:\/\/jnksport.com\/en\/wp-json\/wp\/v2\/product_brand?post=25821"},{"taxonomy":"product_cat","embeddable":true,"href":"https:\/\/jnksport.com\/en\/wp-json\/wp\/v2\/product_cat?post=25821"},{"taxonomy":"product_tag","embeddable":true,"href":"https:\/\/jnksport.com\/en\/wp-json\/wp\/v2\/product_tag?post=25821"}],"curies":[{"name":"wp","href":"https:\/\/api.w.org\/{rel}","templated":true}]}}