{"id":26146,"date":"2024-02-23T22:19:19","date_gmt":"2024-02-23T22:19:19","guid":{"rendered":"https:\/\/jnksport.com\/?post_type=product&#038;p=26146"},"modified":"2026-03-21T08:03:19","modified_gmt":"2026-03-21T08:03:19","slug":"zapatilla-adidas-tensaur-gw6423ps-para-nino","status":"publish","type":"product","link":"https:\/\/jnksport.com\/en\/product\/zapatilla-adidas-tensaur-gw6423ps-para-nino\/","title":{"rendered":"Zapatilla Adidas Tensaur GW6423PS para Ni\u00f1o"},"content":{"rendered":"<div>\n<div>Los ni\u00f1os que est\u00e1n aprendiendo nuevas habilidades necesitan un calzado que se mueva con ellos. Estas zapatillas adidas cl\u00e1sicas tienen una suela de caucho que le inyecta suavidad a tus pasos y no marca los pisos de madera. As\u00ed que son perfectas para el estudio y para las pr\u00e1cticas deportivas.<\/p>\n<p>Hecho con una serie de materiales reciclados, el exterior incorpora al menos un 50 % de contenido reciclado. Este producto representa solo una de nuestras soluciones para acabar con los residuos pl\u00e1sticos.<\/p><\/div>\n<\/div>\n<ul>\n<li>Marca: Adidas<\/li>\n<li>Codigo: GW6423PS<\/li>\n<li>Modelo: Tensaur<\/li>\n<li>G\u00e9nero: Ni\u00f1o<\/li>\n<li>Estilo: Urbano<\/li>\n<li>Cierre: Cordones<\/li>\n<li>Material: Cuero Sintetico<\/li>\n<li>Color: Blanco<\/li>\n<li>Material de la Suela: Caucho<\/li>\n<\/ul>","protected":false},"excerpt":{"rendered":"<p>Los ni\u00f1os que est\u00e1n aprendiendo nuevas habilidades necesitan un calzado que se mueva con ellos. Estas zapatillas adidas cl\u00e1sicas tienen una suela de caucho que&#8230;<\/p>","protected":false},"featured_media":25915,"comment_status":"open","ping_status":"closed","template":"","meta":{"om_disable_all_campaigns":false,"_monsterinsights_skip_tracking":false,"_monsterinsights_sitenote_active":false,"_monsterinsights_sitenote_note":"","_monsterinsights_sitenote_category":0,"_uf_show_specific_survey":0,"_uf_disable_surveys":false,"_joinchat":[]},"etheme_brands":[],"product_brand":[],"product_cat":[159],"product_tag":[],"class_list":{"0":"post-26146","1":"product","2":"type-product","3":"status-publish","4":"has-post-thumbnail","6":"product_cat-ninos","7":"product_shipping_class-envio-a-lima-y-provincia","9":"first","10":"instock","11":"featured","12":"shipping-taxable","13":"purchasable","14":"product-type-variable"},"aioseo_notices":[],"_links":{"self":[{"href":"https:\/\/jnksport.com\/en\/wp-json\/wp\/v2\/product\/26146","targetHints":{"allow":["GET"]}}],"collection":[{"href":"https:\/\/jnksport.com\/en\/wp-json\/wp\/v2\/product"}],"about":[{"href":"https:\/\/jnksport.com\/en\/wp-json\/wp\/v2\/types\/product"}],"replies":[{"embeddable":true,"href":"https:\/\/jnksport.com\/en\/wp-json\/wp\/v2\/comments?post=26146"}],"version-history":[{"count":0,"href":"https:\/\/jnksport.com\/en\/wp-json\/wp\/v2\/product\/26146\/revisions"}],"wp:featuredmedia":[{"embeddable":true,"href":"https:\/\/jnksport.com\/en\/wp-json\/wp\/v2\/media\/25915"}],"wp:attachment":[{"href":"https:\/\/jnksport.com\/en\/wp-json\/wp\/v2\/media?parent=26146"}],"wp:term":[{"taxonomy":"brand","embeddable":true,"href":"https:\/\/jnksport.com\/en\/wp-json\/wp\/v2\/etheme_brands?post=26146"},{"taxonomy":"product_brand","embeddable":true,"href":"https:\/\/jnksport.com\/en\/wp-json\/wp\/v2\/product_brand?post=26146"},{"taxonomy":"product_cat","embeddable":true,"href":"https:\/\/jnksport.com\/en\/wp-json\/wp\/v2\/product_cat?post=26146"},{"taxonomy":"product_tag","embeddable":true,"href":"https:\/\/jnksport.com\/en\/wp-json\/wp\/v2\/product_tag?post=26146"}],"curies":[{"name":"wp","href":"https:\/\/api.w.org\/{rel}","templated":true}]}}